{"id":3434,"date":"2019-08-19T09:58:52","date_gmt":"2019-08-19T07:58:52","guid":{"rendered":"http:\/\/www.lastrada-derweg.org\/?page_id=3434"},"modified":"2024-06-17T12:23:59","modified_gmt":"2024-06-17T10:23:59","slug":"praktika-duale-ausbildung","status":"publish","type":"page","link":"https:\/\/www.lastrada-derweg.org\/?page_id=3434&lang=de","title":{"rendered":"Praktika, Stage, Bildungswege Schule &#8211; Arbeitswelt"},"content":{"rendered":"<div class=\"wpb-content-wrapper\"><p>[vc_row][vc_column width=&#8221;1\/2&#8243;][vc_custom_heading text=&#8221;Wer&#8221;][vc_column_text]<em>\u201cWissen ist das Kind der Erfahrung\u201d<\/em><br \/>\n(Leonardo da Vinci)<\/p>\n<p>Praktikanten wenden sich im Rahmen ihrer Ausbildung an unseren Verein. Studenten der Oberschulen, Personen ohne Arbeit, Sch\u00fcler der Berufsschulen, Studenten im Rahmen einer Post-lauream oder post-diplom \u2013 Erfahrung, Doktoranden, Bildungswege Schule \u2013 Arbeitswelt, Stage.<\/p>\n<p>Der Verein \u201cLa Strada \u2013 Der Weg ONLUS\u201d hat mit diversen Oberschulen der Provinz Bozen und mit vielen italienischen und ausl\u00e4ndischen Universit\u00e4ten eine Konvention unterzeichnet und arbeitet mit ihnen zusammen.[\/vc_column_text][vc_custom_heading text=&#8221;Wo&#8221;][vc_column_text css=&#8221;&#8221;]Verein La Strada \u2013 Der Weg<br \/>\nMariaheimweg 42<br \/>\n39100 Bozen<\/p>\n<p>Tel. 0471 203 111<br \/>\n<a href=\"mailto:praktika@lastrada-derweg.org\">praktika@lastrada-derweg.org<\/a><\/p>\n<p>Bereichsleiter: <strong>Dario Volani<\/strong>[\/vc_column_text][\/vc_column][vc_column width=&#8221;1\/2&#8243;][vc_single_image image=&#8221;3800&#8243; img_size=&#8221;600&#215;400&#8243;][\/vc_column][\/vc_row][vc_row][vc_column][vc_custom_heading text=&#8221;Was&#8221;][vc_column_text]Konventionen<br \/>\nPraktikumsprojekte<br \/>\nBildungswege Schule \/ Arbeitswelt<br \/>\nStage[\/vc_column_text][\/vc_column][\/vc_row][vc_row][vc_column width=&#8221;1\/3&#8243;][vc_custom_heading text=&#8221;F\u00fcr wen&#8221;][vc_column_text]F\u00fcr Studenten der Oberschulen und Universit\u00e4t.[\/vc_column_text][\/vc_column][vc_column width=&#8221;1\/3&#8243;][vc_custom_heading text=&#8221;Warum&#8221;][vc_column_text]Wir sind der festen \u00dcberzeugung, dass es positiv und weitsichtig ist, den Sch\u00fclern die M\u00f6glichkeit zu geben, eine reale Arbeitssituation zu erleben. Jeder Praktikant hat einenTutor, mit dem er sich austauschen kann, damit das Praktikum zu einer bereichernden und pr\u00e4genden Erfahrung wird.[\/vc_column_text][\/vc_column][vc_column width=&#8221;1\/3&#8243;][vc_custom_heading text=&#8221;Wann&#8221;][vc_column_text]Montag bis Donnerstag von 09.00 bis 12.30 und 14.00 bis 17.00 Uhr<\/p>\n<p>Freitag von 9.00 bis 12.30 Uhr[\/vc_column_text][\/vc_column][\/vc_row]<\/p>\n<\/div>","protected":false},"excerpt":{"rendered":"<p>[vc_row][vc_column width=&#8221;1\/2&#8243;][vc_custom_heading text=&#8221;Wer&#8221;][vc_column_text]\u201cWissen ist das Kind der Erfahrung\u201d (Leonardo da Vinci) Praktikanten wenden sich im Rahmen ihrer Ausbildung an unseren Verein. Studenten der Oberschulen, Personen ohne Arbeit, Sch\u00fcler der Berufsschulen, Studenten im Rahmen einer Post-lauream oder post-diplom \u2013 Erfahrung, Doktoranden, Bildungswege Schule \u2013 Arbeitswelt, Stage. Der Verein \u201cLa Strada \u2013 Der Weg ONLUS\u201d hat mit&hellip;<\/p>\n","protected":false},"author":2,"featured_media":0,"parent":1581,"menu_order":0,"comment_status":"closed","ping_status":"closed","template":"","meta":{"footnotes":""},"class_list":["post-3434","page","type-page","status-publish","hentry","description-off"],"_links":{"self":[{"href":"https:\/\/www.lastrada-derweg.org\/index.php?rest_route=\/wp\/v2\/pages\/3434","targetHints":{"allow":["GET"]}}],"collection":[{"href":"https:\/\/www.lastrada-derweg.org\/index.php?rest_route=\/wp\/v2\/pages"}],"about":[{"href":"https:\/\/www.lastrada-derweg.org\/index.php?rest_route=\/wp\/v2\/types\/page"}],"author":[{"embeddable":true,"href":"https:\/\/www.lastrada-derweg.org\/index.php?rest_route=\/wp\/v2\/users\/2"}],"replies":[{"embeddable":true,"href":"https:\/\/www.lastrada-derweg.org\/index.php?rest_route=%2Fwp%2Fv2%2Fcomments&post=3434"}],"version-history":[{"count":10,"href":"https:\/\/www.lastrada-derweg.org\/index.php?rest_route=\/wp\/v2\/pages\/3434\/revisions"}],"predecessor-version":[{"id":10155,"href":"https:\/\/www.lastrada-derweg.org\/index.php?rest_route=\/wp\/v2\/pages\/3434\/revisions\/10155"}],"up":[{"embeddable":true,"href":"https:\/\/www.lastrada-derweg.org\/index.php?rest_route=\/wp\/v2\/pages\/1581"}],"wp:attachment":[{"href":"https:\/\/www.lastrada-derweg.org\/index.php?rest_route=%2Fwp%2Fv2%2Fmedia&parent=3434"}],"curies":[{"name":"wp","href":"https:\/\/api.w.org\/{rel}","templated":true}]}}