{"id":3492,"date":"2019-08-23T09:30:43","date_gmt":"2019-08-23T07:30:43","guid":{"rendered":"http:\/\/www.lastrada-derweg.org\/?page_id=3492"},"modified":"2024-06-18T16:14:31","modified_gmt":"2024-06-18T14:14:31","slug":"semirurali-social-park","status":"publish","type":"page","link":"https:\/\/www.lastrada-derweg.org\/?page_id=3492&lang=de","title":{"rendered":"Semirurali Social Park"},"content":{"rendered":"<div class=\"wpb-content-wrapper\"><p>[vc_row][vc_column width=&#8221;1\/2&#8243;][vc_custom_heading text=&#8221;Wo&#8221; use_theme_fonts=&#8221;yes&#8221;][vc_column_text css=&#8221;&#8221;]Semirurali Park<br \/>\nEingang von den Stra\u00dfen Alessandria, Bari und Genua<br \/>\n39100 Bozen<\/p>\n<p><a href=\"mailto:semiruralisocialpark@lastrada-derweg.org\">semiruralisocialpark@lastrada-derweg.org<\/a><br \/>\n<a href=\"https:\/\/www.facebook.com\/Semirurali-Social-Park-1373418012779905\/\">Facebook: semirurali social park<\/a><br \/>\n<a href=\"https:\/\/www.instagram.com\/semiruralisocialpark\/?hl=en\">instagram: semiruralisocialpark<\/a><\/p>\n<p>Koordinatorin: <strong>Giulia Scippacercola<\/strong> &#8211; 334 6812849[\/vc_column_text][vc_custom_heading text=&#8221;Wer&#8221; use_theme_fonts=&#8221;yes&#8221;][vc_column_text]Ein Arbeitsnetzwerk aus verschiedenen Diensten, das vom Verein \u201cLa Strada &#8211; Der Weg\u201d koordiniert wird. Das Ziel der Zusammenarbeit ist, das Gebiet des Semirurali-Parks Bozen lebendiger und lebenswerter zu machen.[\/vc_column_text][\/vc_column][vc_column width=&#8221;1\/2&#8243;][vc_single_image image=&#8221;3495&#8243; img_size=&#8221;full&#8221;][\/vc_column][\/vc_row][vc_row][vc_column][vc_custom_heading text=&#8221;Was&#8221; use_theme_fonts=&#8221;yes&#8221;][vc_column_text]Mit der Idee, dem \u00f6ffentlichen Raum eine positive Konnotation zu geben, werden bestehende kulturelle, soziale, sportliche und Unterhaltungsaktivit\u00e4ten in den Park \u00fcbertragen und neue Aktivit\u00e4ten angeboten.[\/vc_column_text][\/vc_column][\/vc_row][vc_row][vc_column width=&#8221;1\/3&#8243;][vc_custom_heading text=&#8221;F\u00fcr wen&#8221; use_theme_fonts=&#8221;yes&#8221;][vc_column_text]Die Vielfalt der Angebote erm\u00f6glicht es, sehr unterschiedliche Zielgruppen anzusprechen.[\/vc_column_text][\/vc_column][vc_column width=&#8221;1\/3&#8243;][vc_custom_heading text=&#8221;Warum&#8221; use_theme_fonts=&#8221;yes&#8221;][vc_column_text]\u2022 Beziehungen schaffen zwischen Menschen der Zone, um aktiv und kreativ in einem zunehmend voneinander abh\u00e4ngigen Raum zu leben;<br \/>\n\u2022 Anerkennung der Besonderheiten und territorialen Gegebenheiten des Semirurali-Parks;<br \/>\n\u2022 Begleitung und Koordinierung der territorialen Akteure (Institutionen, Stakeholder, wichtige Partner usw.) bei Verbreitung ihrer territorialen Angebote und bei der Erhebung gemeinsamer, angemessener und nachhaltiger Entwicklungsstrategien zur Verbesserung des f\u00fcr das Territorium bestimmten Kultur- und Freizeitangebots;<br \/>\n\u2022 Reduzierung oder Beseitigung potenzieller Situationen von Jugendkriminalit\u00e4t dank der positiven Besetzung \u00f6ffentlicher R\u00e4ume.<br \/>\n[\/vc_column_text][\/vc_column][vc_column width=&#8221;1\/3&#8243;][vc_custom_heading text=&#8221;Wann&#8221; use_theme_fonts=&#8221;yes&#8221;][vc_column_text]Die Aktivit\u00e4ten werden laufend auf der FB-Seite des Semirurali-Social-Parks und in den Massenmedien beworben.<\/p>\n<p>&nbsp;<\/p>\n<p>[\/vc_column_text][\/vc_column][\/vc_row]<\/p>\n<\/div>","protected":false},"excerpt":{"rendered":"<p>[vc_row][vc_column width=&#8221;1\/2&#8243;][vc_custom_heading text=&#8221;Wo&#8221; use_theme_fonts=&#8221;yes&#8221;][vc_column_text css=&#8221;&#8221;]Semirurali Park Eingang von den Stra\u00dfen Alessandria, Bari und Genua 39100 Bozen semiruralisocialpark@lastrada-derweg.org Facebook: semirurali social park instagram: semiruralisocialpark Koordinatorin: Giulia Scippacercola &#8211; 334 6812849[\/vc_column_text][vc_custom_heading text=&#8221;Wer&#8221; use_theme_fonts=&#8221;yes&#8221;][vc_column_text]Ein Arbeitsnetzwerk aus verschiedenen Diensten, das vom Verein \u201cLa Strada &#8211; Der Weg\u201d koordiniert wird. Das Ziel der Zusammenarbeit ist, das Gebiet des Semirurali-Parks Bozen&hellip;<\/p>\n","protected":false},"author":2,"featured_media":0,"parent":1690,"menu_order":0,"comment_status":"closed","ping_status":"closed","template":"","meta":{"footnotes":""},"class_list":["post-3492","page","type-page","status-publish","hentry","description-off"],"_links":{"self":[{"href":"https:\/\/www.lastrada-derweg.org\/index.php?rest_route=\/wp\/v2\/pages\/3492","targetHints":{"allow":["GET"]}}],"collection":[{"href":"https:\/\/www.lastrada-derweg.org\/index.php?rest_route=\/wp\/v2\/pages"}],"about":[{"href":"https:\/\/www.lastrada-derweg.org\/index.php?rest_route=\/wp\/v2\/types\/page"}],"author":[{"embeddable":true,"href":"https:\/\/www.lastrada-derweg.org\/index.php?rest_route=\/wp\/v2\/users\/2"}],"replies":[{"embeddable":true,"href":"https:\/\/www.lastrada-derweg.org\/index.php?rest_route=%2Fwp%2Fv2%2Fcomments&post=3492"}],"version-history":[{"count":11,"href":"https:\/\/www.lastrada-derweg.org\/index.php?rest_route=\/wp\/v2\/pages\/3492\/revisions"}],"predecessor-version":[{"id":10251,"href":"https:\/\/www.lastrada-derweg.org\/index.php?rest_route=\/wp\/v2\/pages\/3492\/revisions\/10251"}],"up":[{"embeddable":true,"href":"https:\/\/www.lastrada-derweg.org\/index.php?rest_route=\/wp\/v2\/pages\/1690"}],"wp:attachment":[{"href":"https:\/\/www.lastrada-derweg.org\/index.php?rest_route=%2Fwp%2Fv2%2Fmedia&parent=3492"}],"curies":[{"name":"wp","href":"https:\/\/api.w.org\/{rel}","templated":true}]}}