{"id":4287,"date":"2020-03-06T13:26:37","date_gmt":"2020-03-06T12:26:37","guid":{"rendered":"http:\/\/www.lastrada-derweg.org\/?page_id=4287"},"modified":"2020-03-06T13:41:58","modified_gmt":"2020-03-06T12:41:58","slug":"organisation-von-veranstaltungen","status":"publish","type":"page","link":"https:\/\/www.lastrada-derweg.org\/?page_id=4287&lang=de","title":{"rendered":"Organisation von Veranstaltungen"},"content":{"rendered":"<div class=\"wpb-content-wrapper\"><p>[vc_row][vc_column width=&#8221;1\/2&#8243;][vc_custom_heading text=&#8221;Wer&#8221; use_theme_fonts=&#8221;yes&#8221;][vc_column_text]<em>\u201cUm gro\u00dfe\u00a0Dinge zu vollbringen, gen\u00fcgt es\u00a0nicht,\u00a0nur\u00a0zu\u00a0handeln, man\u00a0muss\u00a0auch\u00a0tr\u00e4umen; es gen\u00fcgt\u00a0nicht,\u00a0nur\u00a0zu planen, man\u00a0muss\u00a0auch\u00a0glauben.\u201d<\/em><\/p>\n<p>(Anatole France)<\/p>\n<p>Das Studienzentrum k\u00fcmmert sich um die Organisation der Veranstaltungen des Vereins.<\/p>\n<p>Geplant ist ein j\u00e4hrlicher Veranstaltungskalender, zu dem die Veranstaltungen hinzugef\u00fcgt werden, die direkt von den verschiedenen Bereichen oder Diensten des Vereins organisiert werden.[\/vc_column_text][vc_custom_heading text=&#8221;Wo&#8221; use_theme_fonts=&#8221;yes&#8221;][vc_column_text]Studienzentrum<br \/>\nVerein<br \/>\n\u201cLa Strada &#8211; Der Weg\u201d ONLUS<br \/>\nMariaheimweg 42 \u2013 39100 Bozen<br \/>\nTel. 0471 203111<br \/>\nFax 0471 201585<\/p>\n<p><a href=\"mailto:info@lastrada-derweg.org\">info@lastrada-derweg.org<\/a><\/p>\n<p>Verantwortlicher: Dario Volani[\/vc_column_text][\/vc_column][vc_column width=&#8221;1\/2&#8243;][vc_single_image image=&#8221;4289&#8243; img_size=&#8221;full&#8221;][\/vc_column][\/vc_row][vc_row][vc_column][vc_custom_heading text=&#8221;Was&#8221; use_theme_fonts=&#8221;yes&#8221;][vc_column_text]Organisation von diversen Aktivit\u00e4ten:<\/p>\n<ul>\n<li>Klausurtagungen<\/li>\n<li>Vereinstage<\/li>\n<li>Feste des Vereins<\/li>\n<li>Bedeutende Momente des Vereinslebens (Jubil\u00e4umsfeiern, Jahrtage usw)<\/li>\n<li>Organisation von Tagungen, Meetings, Seminaren, Konferenzen<\/li>\n<\/ul>\n<p>[\/vc_column_text][\/vc_column][\/vc_row][vc_row][vc_column width=&#8221;1\/3&#8243;][vc_custom_heading text=&#8221;F\u00fcr wen&#8221; use_theme_fonts=&#8221;yes&#8221;][vc_column_text]Mitglieder, Mitarbeiter, Freiwillige des Vereins, sowie die gesamte Bev\u00f6lkerung[\/vc_column_text][\/vc_column][vc_column width=&#8221;1\/3&#8243;][vc_custom_heading text=&#8221;Warum&#8221; use_theme_fonts=&#8221;yes&#8221;][vc_column_text]Die vom Verein organisierten Veranstaltungen zielen darauf ab, eine positive Atmosph\u00e4re zu schaffen, Aktivit\u00e4ten zu planen, Ideen und Gedanken aller zu sammeln, so viele Menschen wie m\u00f6glich zu informieren und einzubeziehen, das Bewusstsein der \u00d6ffentlichkeit zu sch\u00e4rfen, die Dienste des Vereins zu f\u00f6rdern, usw.[\/vc_column_text][\/vc_column][vc_column width=&#8221;1\/3&#8243;][vc_custom_heading text=&#8221;Wann&#8221; use_theme_fonts=&#8221;yes&#8221;][vc_column_text]Jahresprogramm[\/vc_column_text][\/vc_column][\/vc_row]<\/p>\n<\/div>","protected":false},"excerpt":{"rendered":"<p>[vc_row][vc_column width=&#8221;1\/2&#8243;][vc_custom_heading text=&#8221;Wer&#8221; use_theme_fonts=&#8221;yes&#8221;][vc_column_text]\u201cUm gro\u00dfe\u00a0Dinge zu vollbringen, gen\u00fcgt es\u00a0nicht,\u00a0nur\u00a0zu\u00a0handeln, man\u00a0muss\u00a0auch\u00a0tr\u00e4umen; es gen\u00fcgt\u00a0nicht,\u00a0nur\u00a0zu planen, man\u00a0muss\u00a0auch\u00a0glauben.\u201d (Anatole France) Das Studienzentrum k\u00fcmmert sich um die Organisation der Veranstaltungen des Vereins. Geplant ist ein j\u00e4hrlicher Veranstaltungskalender, zu dem die Veranstaltungen hinzugef\u00fcgt werden, die direkt von den verschiedenen Bereichen oder Diensten des Vereins organisiert werden.[\/vc_column_text][vc_custom_heading text=&#8221;Wo&#8221; use_theme_fonts=&#8221;yes&#8221;][vc_column_text]Studienzentrum Verein \u201cLa Strada&hellip;<\/p>\n","protected":false},"author":2,"featured_media":0,"parent":1581,"menu_order":0,"comment_status":"closed","ping_status":"closed","template":"","meta":{"footnotes":""},"class_list":["post-4287","page","type-page","status-publish","hentry","description-off"],"_links":{"self":[{"href":"https:\/\/www.lastrada-derweg.org\/index.php?rest_route=\/wp\/v2\/pages\/4287","targetHints":{"allow":["GET"]}}],"collection":[{"href":"https:\/\/www.lastrada-derweg.org\/index.php?rest_route=\/wp\/v2\/pages"}],"about":[{"href":"https:\/\/www.lastrada-derweg.org\/index.php?rest_route=\/wp\/v2\/types\/page"}],"author":[{"embeddable":true,"href":"https:\/\/www.lastrada-derweg.org\/index.php?rest_route=\/wp\/v2\/users\/2"}],"replies":[{"embeddable":true,"href":"https:\/\/www.lastrada-derweg.org\/index.php?rest_route=%2Fwp%2Fv2%2Fcomments&post=4287"}],"version-history":[{"count":5,"href":"https:\/\/www.lastrada-derweg.org\/index.php?rest_route=\/wp\/v2\/pages\/4287\/revisions"}],"predecessor-version":[{"id":4296,"href":"https:\/\/www.lastrada-derweg.org\/index.php?rest_route=\/wp\/v2\/pages\/4287\/revisions\/4296"}],"up":[{"embeddable":true,"href":"https:\/\/www.lastrada-derweg.org\/index.php?rest_route=\/wp\/v2\/pages\/1581"}],"wp:attachment":[{"href":"https:\/\/www.lastrada-derweg.org\/index.php?rest_route=%2Fwp%2Fv2%2Fmedia&parent=4287"}],"curies":[{"name":"wp","href":"https:\/\/api.w.org\/{rel}","templated":true}]}}