{"id":4778,"date":"2020-04-15T18:27:21","date_gmt":"2020-04-15T16:27:21","guid":{"rendered":"http:\/\/www.lastrada-derweg.org\/?page_id=4778"},"modified":"2020-05-11T21:09:17","modified_gmt":"2020-05-11T19:09:17","slug":"geistlicher-assistent","status":"publish","type":"page","link":"https:\/\/www.lastrada-derweg.org\/?page_id=4778&lang=de","title":{"rendered":"Don Paolo Zambaldi"},"content":{"rendered":"<div class=\"wpb-content-wrapper\"><p>[vc_row][vc_column width=&#8221;1\/2&#8243;][vc_custom_heading text=&#8221;Don Paolo Zambaldi&#8221; use_theme_fonts=&#8221;yes&#8221;][vc_column_text]Seit dem 23. September 2019 ist Don Paolo Zambaldi der geistliche Assistent des Vereins \u201eLa Strada \u2013 Der Weg ONLUS\u201c. Wir stellen ihn in einem Interview vor, das Fabrizio Mattevi vom Studienzentrum gef\u00fchrt hat.<\/p>\n<p>&nbsp;<\/p>\n<p><strong>Was ist dein gegenw\u00e4rtiges Engagement als Di\u00f6zesanpriester und welche pastoralen Erfahrungen hast Du nach der Weihe gemacht?<\/strong><br \/>\nUnmittelbar nach der Weihe war ich Kaplan in der Pfarrei zum Heiligen Dominikus\/im Bozner Boden. Nach zwei Jahren wurde ich in die Pfarrei Dreiheiligen versetzt. Seit September 2019 feiere ich jeden Samstagabend die heilige Messe in der Kirche Maria Heimsuchung.<\/p>\n<p><strong>Wie m\u00f6chtest du den Auftrag, den der Bischof dir als geistlicher Assistent des Vereins anvertraut hat, in die Praxis umsetzeten?<\/strong><br \/>\nIch kannte den Verein La Strada-Der Weg, wenn auch nicht sehr gut, insbesondere im Hinblick auf die neuesten Projekte und Entwicklungen. Ich traf Don Bertagnolli w\u00e4hrend eines Treffens, das f\u00fcr Seminaristen in Brixen organisiert wurde. Er sprach mit uns ausf\u00fchrlich \u00fcber die Erfahrungen im Verein, die Schwierigkeiten der Anf\u00e4nge und allgemein \u00fcber den Geist, der ihn beseelte und den er sicherlich an euch Mitarbeiter und Freiwillige weitergegeben hat. Pers\u00f6nlich war ich immer sensibel f\u00fcr die Probleme des sozialen Unbehagens, der Ausgrenzung und daher f\u00fcr alle Formen der Unterst\u00fctzung und der sozialen Inklusion. Ich wei\u00df nicht, ob mir die Aufgabe deswegen anvertraut wurde, aber ich kann ohne Rhetorik behaupten, dass ich sie sofort mit Freude aufgenommen habe, weil ich evangelisch glaube, dass der Sinn meiner Pr\u00e4senz in der Kirche darin bestehe, auf der Seite derer zu stehen, die in Schwierigkeiten sind, derer, die die Gesellschaft \u2013 mit einer Fussballmetapher ausgedr\u00fcckt \u2013 als \u201everlorene B\u00e4lle\u201c betrachtet.[\/vc_column_text][\/vc_column][vc_column width=&#8221;1\/2&#8243;][vc_row_inner][vc_column_inner][vc_column_text][\/vc_column_text][vc_empty_space height=&#8221;80px&#8221;][\/vc_column_inner][\/vc_row_inner][vc_single_image image=&#8221;4795&#8243; img_size=&#8221;960&#215;1280&#8243;][vc_column_text]<em>Don Paolo Zambaldi betreibt den Blog<a href=\"https:\/\/www.donpaolozambaldi.it\/\"> &#8220;Leggere i segni dei tempi&#8221;<\/a>, wo er sich mit vielen aktuellen Themen befasst. <a href=\"https:\/\/www.donpaolozambaldi.it\/\">Hier k\u00f6nnen Sie den Blog lesen<\/a><\/em>[\/vc_column_text][\/vc_column][\/vc_row][vc_row][vc_column][vc_column_text]<strong>Erste Eindr\u00fccke bei der Ann\u00e4herung an die zusammengesetzte Welt des Vereins?<\/strong><br \/>\nIch muss sagen, dass ich sehr gute Eindr\u00fccke gewonnen habe: Ich hatte das Gef\u00fchl, ernsthafte, erwachsene, aufgeschlossene Menschen zu treffen und, was heute eher selten ist, voller Hoffnung.<\/p>\n<p><strong>Kannst du bereits einige Orientierungen und Absichten skizzieren, mit denen DU dein Mandat umsetzen und interpretieren willst?<\/strong><br \/>\nIch glaube, dass meine in erster Linie eine Aufgabe des Dienens, des Zuh\u00f6rens ist. Bevor ich mich einer Aufgabe stelle, habe ich keine Orientierungen oder Absichten. Es scheint mir eine respektlose Haltung gegen\u00fcber denjenigen zu sein, die sicherlich mit gr\u00f6\u00dferer Kompetenz im Verein arbeiten und gearbeitet haben. Gew\u00f6hnlich begrenzen Programme und Orientierungen das gemeinsame Gehen, manchmal entt\u00e4uschen sie, manchmal verwandeln Sie uns in Fundamentalisten, \u00fcber die ich zutiefst entsetzt bin. Das bedeutet nicht, dass ich keine Gedanken und Meinungen habe, aber ich glaube, dass mein Beitrag durch den Austausch und das gemeinsame Gehen mit gr\u00f6\u00dferer Reichhaltigkeit entwickelt werden kann.<\/p>\n<p><strong>Welche Werte m\u00f6chtest Du dem Verein vorschlagen?<\/strong><br \/>\nDer einzige Wert, an den ich glaube und f\u00fcr den ich meine Lebensentscheidung getroffen habe, ist die liebevolle Zuwendung zur Welt, zu jedem Mann und jeder Frau, aber vor allem zu den Ausgeschlossenen, den Schwachen, den \u201eEntgleisten\u201c. Alles muss von hier ausgehen: wenn der Empfang, die Betreuung, die Projekte, die Aktivit\u00e4ten, die Fortbildungen Ausdruck einer uneigenn\u00fctzigen Liebe sind, v\u00f6llig frei von unserer Vorstellung von Gerechtigkeit, von Ehrlichkeit und Religiosit\u00e4t, dann ergibt sich Sinn f\u00fcr unser Tun. In dieser Perspektive k\u00f6nnen wir gemeinsam gehen: Gl\u00e4ubige, Nicht-Gl\u00e4ubige, Andersgl\u00e4ubige. Ich lege jedes Gef\u00fchl der \u00dcberlegenheit gegen\u00fcber anderen Wegen ab und ich sage das mit \u00dcberzeugung: diese Vielfalt erf\u00fcllt mich mit Freude und Vertrauen. Gott ist in der Tat immer jenseits jeder religi\u00f6sen Erfahrung. Ich m\u00f6chte den \u201eTempel\u201c verlassen, weil ich zutiefst glaube, dass \u201ewo Liebe ist, da ist auch Gott\u201c.<\/p>\n<p><strong>Wie ist Deine Pr\u00e4senz im Verein derzeit organisiert?<\/strong><br \/>\nIch bin jeden Dienstagmorgen im Hauptsitz, in dem B\u00fcro, das Don Giancarlo geh\u00f6rte. Jeden ersten Donnerstag im Monat zelebriere ich die Eucharistiefeier f\u00fcr Mitglieder, Freiwillige und Mitarbeiter. Im Einklang mit meinen anderen Verpflichtungen nehme ich an den Abenden der Vortragsreihe \u201eWorte beseelen\u201c teil. Ich habe die Gruppe der Freiwilligen getroffen und habe die ersten Besuche in den Strukturen des Vereins geplant, beginnend mit denen in Bozen.[\/vc_column_text][\/vc_column][\/vc_row]<\/p>\n<\/div>","protected":false},"excerpt":{"rendered":"<p>[vc_row][vc_column width=&#8221;1\/2&#8243;][vc_custom_heading text=&#8221;Don Paolo Zambaldi&#8221; use_theme_fonts=&#8221;yes&#8221;][vc_column_text]Seit dem 23. September 2019 ist Don Paolo Zambaldi der geistliche Assistent des Vereins \u201eLa Strada \u2013 Der Weg ONLUS\u201c. Wir stellen ihn in einem Interview vor, das Fabrizio Mattevi vom Studienzentrum gef\u00fchrt hat. &nbsp; Was ist dein gegenw\u00e4rtiges Engagement als Di\u00f6zesanpriester und welche pastoralen Erfahrungen hast Du nach der&hellip;<\/p>\n","protected":false},"author":1,"featured_media":0,"parent":4969,"menu_order":0,"comment_status":"closed","ping_status":"closed","template":"","meta":{"footnotes":""},"class_list":["post-4778","page","type-page","status-publish","hentry","description-off"],"_links":{"self":[{"href":"https:\/\/www.lastrada-derweg.org\/index.php?rest_route=\/wp\/v2\/pages\/4778","targetHints":{"allow":["GET"]}}],"collection":[{"href":"https:\/\/www.lastrada-derweg.org\/index.php?rest_route=\/wp\/v2\/pages"}],"about":[{"href":"https:\/\/www.lastrada-derweg.org\/index.php?rest_route=\/wp\/v2\/types\/page"}],"author":[{"embeddable":true,"href":"https:\/\/www.lastrada-derweg.org\/index.php?rest_route=\/wp\/v2\/users\/1"}],"replies":[{"embeddable":true,"href":"https:\/\/www.lastrada-derweg.org\/index.php?rest_route=%2Fwp%2Fv2%2Fcomments&post=4778"}],"version-history":[{"count":22,"href":"https:\/\/www.lastrada-derweg.org\/index.php?rest_route=\/wp\/v2\/pages\/4778\/revisions"}],"predecessor-version":[{"id":5000,"href":"https:\/\/www.lastrada-derweg.org\/index.php?rest_route=\/wp\/v2\/pages\/4778\/revisions\/5000"}],"up":[{"embeddable":true,"href":"https:\/\/www.lastrada-derweg.org\/index.php?rest_route=\/wp\/v2\/pages\/4969"}],"wp:attachment":[{"href":"https:\/\/www.lastrada-derweg.org\/index.php?rest_route=%2Fwp%2Fv2%2Fmedia&parent=4778"}],"curies":[{"name":"wp","href":"https:\/\/api.w.org\/{rel}","templated":true}]}}