{"id":4906,"date":"2020-05-05T12:44:27","date_gmt":"2020-05-05T10:44:27","guid":{"rendered":"http:\/\/www.lastrada-derweg.org\/?page_id=4906"},"modified":"2024-06-11T17:16:34","modified_gmt":"2024-06-11T15:16:34","slug":"ufficio-gestione-giuridica-e-economica-del-personale","status":"publish","type":"page","link":"https:\/\/www.lastrada-derweg.org\/?page_id=4906","title":{"rendered":"Ufficio gestione giuridica e economica del personale"},"content":{"rendered":"<div class=\"wpb-content-wrapper\"><p>[vc_row][vc_column width=&#8221;1\/2&#8243;][vc_custom_heading text=&#8221;Chi siamo&#8221; use_theme_fonts=&#8221;yes&#8221;][vc_column_text css=&#8221;&#8221;]Il team \u00e8 composto da un dipendente a tempo pieno e tre dipendenti part-time.[\/vc_column_text][vc_custom_heading text=&#8221;Dove siamo&#8221; use_theme_fonts=&#8221;yes&#8221;][vc_column_text css=&#8221;&#8221;]Ufficio gestione giuridica e economica del personale<br \/>\nVia Visitazione 46 &#8211; 39100 Bolzano<br \/>\nTel. 0471 203 111 &#8211; Fax 0471 201 585<\/p>\n<p><a href=\"mailto:personale@lastrada-derweg.org\">personale@lastrada-derweg.org<\/a><\/p>\n<p>Responsabile: Alexa Bonfanti<br \/>\nCoordinatrice: Chiara Calligione<br \/>\nCollaboratori:\u00a0 Maria Giuliano, Valeria Conte, Sugey Shepard[\/vc_column_text][\/vc_column][vc_column width=&#8221;1\/2&#8243;][vc_single_image image=&#8221;4914&#8243; img_size=&#8221;full&#8221;][\/vc_column][\/vc_row][vc_row][vc_column][vc_custom_heading text=&#8221;Cosa facciamo&#8221; use_theme_fonts=&#8221;yes&#8221;][vc_column_text]L&#8217;ufficio gestisce i rapporti di lavoro dall&#8217;assunzione fino alla cessazione e tiene i contatti con il consulente del lavoro. Fornisce inoltre consulenza ai dipendenti in merito a problematiche sul loro rapporto di lavoro. Supporta infine gli altri uffici dell&#8217;Associazione nelle tematiche inerenti il personale.[\/vc_column_text][\/vc_column][\/vc_row][vc_row][vc_column width=&#8221;1\/3&#8243;][vc_custom_heading text=&#8221;Per chi&#8221; use_theme_fonts=&#8221;yes&#8221;][vc_column_text]Siamo a disposizione di tutti i dipendenti e i collaboratori e degli altri uffici interni dell&#8217;Associazione.[\/vc_column_text][\/vc_column][vc_column width=&#8221;1\/3&#8243;][vc_custom_heading text=&#8221;Perch\u00e9&#8221; use_theme_fonts=&#8221;yes&#8221;][vc_column_text]L&#8217;obiettivo dell&#8217;ufficio \u00e8 essere un punto di riferimento presente e trasparente nei confronti dei dipendenti e dei collaboratori, perch\u00e8 alle basi di una buona organizzazione ci sono sempre le persone.[\/vc_column_text][\/vc_column][vc_column width=&#8221;1\/3&#8243;][vc_custom_heading text=&#8221;Quando&#8221; use_theme_fonts=&#8221;yes&#8221;][vc_column_text css=&#8221;&#8221;]Da luned\u00ec a gioved\u00ec dalle 8.30 alle 12.30 e dalle 14.00 alle 16.00. Il venerd\u00ec dalle 08.30 alle 12.30.[\/vc_column_text][\/vc_column][\/vc_row]<\/p>\n<\/div>","protected":false},"excerpt":{"rendered":"<p>[vc_row][vc_column width=&#8221;1\/2&#8243;][vc_custom_heading text=&#8221;Chi siamo&#8221; use_theme_fonts=&#8221;yes&#8221;][vc_column_text css=&#8221;&#8221;]Il team \u00e8 composto da un dipendente a tempo pieno e tre dipendenti part-time.[\/vc_column_text][vc_custom_heading text=&#8221;Dove siamo&#8221; use_theme_fonts=&#8221;yes&#8221;][vc_column_text css=&#8221;&#8221;]Ufficio gestione giuridica e economica del personale Via Visitazione 46 &#8211; 39100 Bolzano Tel. 0471 203 111 &#8211; Fax 0471 201 585 personale@lastrada-derweg.org Responsabile: Alexa Bonfanti Coordinatrice: Chiara Calligione Collaboratori:\u00a0 Maria Giuliano, Valeria&hellip;<\/p>\n","protected":false},"author":2,"featured_media":0,"parent":1841,"menu_order":0,"comment_status":"closed","ping_status":"closed","template":"","meta":{"footnotes":""},"class_list":["post-4906","page","type-page","status-publish","hentry","description-off"],"_links":{"self":[{"href":"https:\/\/www.lastrada-derweg.org\/index.php?rest_route=\/wp\/v2\/pages\/4906","targetHints":{"allow":["GET"]}}],"collection":[{"href":"https:\/\/www.lastrada-derweg.org\/index.php?rest_route=\/wp\/v2\/pages"}],"about":[{"href":"https:\/\/www.lastrada-derweg.org\/index.php?rest_route=\/wp\/v2\/types\/page"}],"author":[{"embeddable":true,"href":"https:\/\/www.lastrada-derweg.org\/index.php?rest_route=\/wp\/v2\/users\/2"}],"replies":[{"embeddable":true,"href":"https:\/\/www.lastrada-derweg.org\/index.php?rest_route=%2Fwp%2Fv2%2Fcomments&post=4906"}],"version-history":[{"count":9,"href":"https:\/\/www.lastrada-derweg.org\/index.php?rest_route=\/wp\/v2\/pages\/4906\/revisions"}],"predecessor-version":[{"id":10064,"href":"https:\/\/www.lastrada-derweg.org\/index.php?rest_route=\/wp\/v2\/pages\/4906\/revisions\/10064"}],"up":[{"embeddable":true,"href":"https:\/\/www.lastrada-derweg.org\/index.php?rest_route=\/wp\/v2\/pages\/1841"}],"wp:attachment":[{"href":"https:\/\/www.lastrada-derweg.org\/index.php?rest_route=%2Fwp%2Fv2%2Fmedia&parent=4906"}],"curies":[{"name":"wp","href":"https:\/\/api.w.org\/{rel}","templated":true}]}}