{"id":5243,"date":"2020-10-27T13:27:06","date_gmt":"2020-10-27T12:27:06","guid":{"rendered":"https:\/\/www.lastrada-derweg.org\/?page_id=5243"},"modified":"2020-10-27T13:53:08","modified_gmt":"2020-10-27T12:53:08","slug":"5243-2","status":"publish","type":"page","link":"https:\/\/www.lastrada-derweg.org\/?page_id=5243","title":{"rendered":"Progetto StreetworkBZ"},"content":{"rendered":"<div class=\"wpb-content-wrapper\"><p>[vc_row][vc_column][vc_single_image image=&#8221;5245&#8243; img_size=&#8221;full&#8221; alignment=&#8221;center&#8221;][vc_custom_heading text=&#8221;Progetto StreetworkBZ&#8221; use_theme_fonts=&#8221;yes&#8221;][vc_column_text]<br \/>\nStreetworkBZ \u00e8 un progetto di educativa di strada rivolto ai giovani della citt\u00e0 di Bolzano della fascia di et\u00e0 compresa tra gli 11 e i 26 anni, di ogni appartenenza linguistica e culturale.<br \/>\nAttraverso proposte di attivit\u00e0 di tempo libero che sostengono le passioni giovanili, il supporto pedagogico degli streetworkers presenti sul territorio cittadino e la co-costruzione di percorsi di crescita individualizzati, il progetto mira alla prevenzione e alla riduzione di quei comportamenti a rischio che possono evolvere in disagio sociale, promuovendo cos\u00ec il benessere dei giovani e della comunit\u00e0 intera. Il progetto \u00e8 realizzato grazie alla sinergia tra le organizzazioni Forum Prevenzione Onlus, La Strada-der Weg e Volontarius Onlus ed \u00e8 sostenuto e coordinato dall&#8217;Azienda Servizi Sociali e dal Comune di Bolzano in un&#8217;ottica di co-progettazione.<\/p>\n<p>[\/vc_column_text][vc_custom_heading text=&#8221;Forum Prevenzione Onlus&#8221; use_theme_fonts=&#8221;yes&#8221;][vc_column_text]Obiettivo e contributo specifico del Forum \u00e8 la riduzione del danno e il miglioramento dei percorsi biografici per giovani caratterizzati da grave disagio psico-sociale, consumi di droghe, attivit\u00e0 criminali, comportamenti violenti. I risultati vengono raggiunti attraverso accompagnamenti di gruppo e individuali in stretta connessione con le Istituzioni, i Servizi e tutte le risorse di rete, negli ambiti riferiti alla Sanit\u00e0, al Sociale, al mondo del lavoro.[\/vc_column_text][vc_custom_heading text=&#8221;La Strada &#8211; Der Weg ONLUS&#8221; use_theme_fonts=&#8221;yes&#8221;][vc_column_text]\u201cStreetworkBz &#8211; Interventi Individualizzat\u201di \u00e8 un progetto educativo promosso dall\u2019Associazione \u201cLa Strada \u2013 Der Weg ONLUS\u201d, che coinvolge giovani e famiglie della citt\u00e0 di Bolzano, con particolare attenzione a coloro che manifestano un disagio o siano coinvolti in comportamenti o situazioni a rischio. Tale azione educativa si traduce nell\u2019accompagnamento formativo dei ragazzi coinvolti (conclusione dei percorsi scolastici, inserimento in stage formazione\/lavoro, inserimento in percorsi di volontariato sociale); nell\u2019inserimento lavorativo; nella valorizzazione delle abilit\u00e0 dei singoli; nel rafforzamento dell\u2019autostima e della percezione di s\u00e9, al fine di rendere il ragazzo maggiormente consapevole delle proprie capacit\u00e0 e dei propri limiti<\/p>\n<p><a href=\"https:\/\/www.lastrada-derweg.org\/?page_id=1722\"><strong>Clicca qui per maggiori informazioni sui servizi offerti dall&#8217;Ass. La Strada &#8211; Der Weg\u00a0nell&#8217;ambito del Progetto StreetworkBZ<\/strong><\/a>[\/vc_column_text][vc_custom_heading text=&#8221;Volontarius Onlus&#8221; use_theme_fonts=&#8221;yes&#8221;][vc_column_text]Streetlab \u00e8 un servizio educativo di strada che Volontarius realizza attraverso un\u2019equipe multidisciplinare, con differenti tecniche e strumenti. Il progetto stimola la resilienza e le competenze latenti dei ragazzi per sviluppare un percorso di consapevolezza e riflessione su temi legati al senso civico, alla solidariet\u00e0, al rispetto ed all\u2019uso sano e costruttivo del tempo libero, attraverso un approccio artistico-espressivo. Utilizzando la metodologia dello streetworking (osservazione, contatto, costruzione della relazione, supporto ed intervento), del networking con i Servizi e le istituzioni del territorio, vengono attivati progetti pedagogicamente orientati, sia in dimensione individuale che gruppale, in un\u2019ottica di sviluppo di comunit\u00e0 [\/vc_column_text][\/vc_column][\/vc_row]<\/p>\n<\/div>","protected":false},"excerpt":{"rendered":"<p>[vc_row][vc_column][vc_single_image image=&#8221;5245&#8243; img_size=&#8221;full&#8221; alignment=&#8221;center&#8221;][vc_custom_heading text=&#8221;Progetto StreetworkBZ&#8221; use_theme_fonts=&#8221;yes&#8221;][vc_column_text] StreetworkBZ \u00e8 un progetto di educativa di strada rivolto ai giovani della citt\u00e0 di Bolzano della fascia di et\u00e0 compresa tra gli 11 e i 26 anni, di ogni appartenenza linguistica e culturale. Attraverso proposte di attivit\u00e0 di tempo libero che sostengono le passioni giovanili, il supporto pedagogico&hellip;<\/p>\n","protected":false},"author":2,"featured_media":0,"parent":3229,"menu_order":0,"comment_status":"closed","ping_status":"closed","template":"","meta":{"footnotes":""},"class_list":["post-5243","page","type-page","status-publish","hentry","description-off"],"_links":{"self":[{"href":"https:\/\/www.lastrada-derweg.org\/index.php?rest_route=\/wp\/v2\/pages\/5243","targetHints":{"allow":["GET"]}}],"collection":[{"href":"https:\/\/www.lastrada-derweg.org\/index.php?rest_route=\/wp\/v2\/pages"}],"about":[{"href":"https:\/\/www.lastrada-derweg.org\/index.php?rest_route=\/wp\/v2\/types\/page"}],"author":[{"embeddable":true,"href":"https:\/\/www.lastrada-derweg.org\/index.php?rest_route=\/wp\/v2\/users\/2"}],"replies":[{"embeddable":true,"href":"https:\/\/www.lastrada-derweg.org\/index.php?rest_route=%2Fwp%2Fv2%2Fcomments&post=5243"}],"version-history":[{"count":8,"href":"https:\/\/www.lastrada-derweg.org\/index.php?rest_route=\/wp\/v2\/pages\/5243\/revisions"}],"predecessor-version":[{"id":5252,"href":"https:\/\/www.lastrada-derweg.org\/index.php?rest_route=\/wp\/v2\/pages\/5243\/revisions\/5252"}],"up":[{"embeddable":true,"href":"https:\/\/www.lastrada-derweg.org\/index.php?rest_route=\/wp\/v2\/pages\/3229"}],"wp:attachment":[{"href":"https:\/\/www.lastrada-derweg.org\/index.php?rest_route=%2Fwp%2Fv2%2Fmedia&parent=5243"}],"curies":[{"name":"wp","href":"https:\/\/api.w.org\/{rel}","templated":true}]}}