{"id":5257,"date":"2020-10-27T14:09:08","date_gmt":"2020-10-27T13:09:08","guid":{"rendered":"https:\/\/www.lastrada-derweg.org\/?page_id=5257"},"modified":"2020-10-27T14:23:37","modified_gmt":"2020-10-27T13:23:37","slug":"projekt-streetworkbz","status":"publish","type":"page","link":"https:\/\/www.lastrada-derweg.org\/?page_id=5257&lang=de","title":{"rendered":"Projekt StreetworkBZ"},"content":{"rendered":"<div class=\"wpb-content-wrapper\"><p>[vc_row][vc_column][vc_single_image image=&#8221;5245&#8243; img_size=&#8221;full&#8221; alignment=&#8221;center&#8221;][vc_custom_heading text=&#8221;Projekt StreetworkBZ&#8221; use_theme_fonts=&#8221;yes&#8221;][vc_column_text]StreetworkBZ ist ein Projekt, das sich Jugendlichen der Stadt Bozen in der Altersgruppe von 11 bis 26 Jahren und unabh\u00e4ngig ihrer sprachlichen Zugeh\u00f6rigkeit und Kultur widmet.<br \/>\nDurch gezielte Freizeitaktivit\u00e4ten, die auf die Interessen der Jugendlichen ausgerichtet sind und durch die p\u00e4dagogische Unterst\u00fctzung der Streetworker auf dem st\u00e4dtischen Territorium, zielt das Projekt auf die Pr\u00e4vention und auf die Einschr\u00e4nkung jener Risikoverhalten ab, die in soziale Missst\u00e4nde ausarten k\u00f6nnen. Dabei helfen auch gemeinsame individuelle Ma\u00dfnahmen zur Entwicklungsf\u00f6rderung, um das Wohlergehen der Jugendlichen und der gesamten Gemeinschaft zu f\u00f6rdern. Das Projekt, das vom Betrieb f\u00fcr Sozialdienste Bozen in Zusammenarbeit mit der Gemeinde Bozen unterst\u00fctzt und koordiniert wird, kann dank der Synergien zwischen den Organisationen Forum Pr\u00e4vention Onlus, La Strada-der Weg ONLUS und Volontarius Onlus realisiert werden.<br \/>\n[\/vc_column_text][vc_custom_heading text=&#8221;Forum Pr\u00e4vention Onlus&#8221; use_theme_fonts=&#8221;yes&#8221;][vc_column_text]Ziel und spezifischer Beitrag des Forums ist die Verminderung der Sch\u00e4den und die Verbesserung der biografischen Entwicklung von Jugendlichen, die sich in schweren psycho-sozialen Missst\u00e4nden und in Drogenabh\u00e4ngigkeit befinden, in kriminellen T\u00e4tigkeiten verwickelt sind und gewaltt\u00e4tige Verhaltensweisen zeigen.<br \/>\nDie Ziele sollen durch Gruppen \u2013 und Individualbegleitung in enger Zusammenarbeit mit den Institutionen, den Diensten und allen Netzwerkressourcen in der Sanit\u00e4t, im Sozialen und in der Arbeitswelt erreicht werden.<br \/>\n[\/vc_column_text][vc_custom_heading text=&#8221;La Strada &#8211; Der Weg ONLUS&#8221; use_theme_fonts=&#8221;yes&#8221;][vc_column_text]StreetworkBz \u2013 Individualprojekte ist ein vom Verein La Strada-der Weg Onlus ins Leben gerufenes Projekt, in das Jugendliche und Familien der Stadt Bozen miteinbezogen sind. Das Hauptaugenmerk wird dabei auf jene Jugendlichen gelegt, die sich in einem sozialen Missstand befinden, auff\u00e4lliges Verhalten zeigen und in Risikosituationen verwickelt sind. Die eingesetzten Methoden sind eine unterst\u00fctzende Begleitung der betroffenen Jugendlichen (Schulabschluss, Eingliederung in ein Ausbildungs-\/Berufspraktikum, Eintritt in das soziale Ehrenamt); die Eingliederung in die Arbeitswelt; die F\u00f6rderung der besonderen F\u00e4higkeiten jedes Einzelnen; die St\u00e4rkung des Selbstwertgef\u00fchls und der Eigenwahrnehmung, um dem Jugendlichen ein gr\u00f6\u00dferes Bewusstsein der eigenen F\u00e4higkeiten und Grenzen zu vermitteln.<\/p>\n<p><a href=\"https:\/\/www.lastrada-derweg.org\/?page_id=1724&amp;lang=de\"><strong>Klicken Sie hier, um mehr Informationen \u00fcber die vom Verein La Strada &#8211; Der Weg geleisteten Dienste im Rahmen des Projekts StreetworkBZ<\/strong><\/a>[\/vc_column_text][vc_custom_heading text=&#8221;Volontarius Onlus&#8221; use_theme_fonts=&#8221;yes&#8221;][vc_column_text]Streetlab ist ein Projekt, das von Volontarius mit einem multidisziplin\u00e4ren Arbeitsteam und in Anwendung verschiedener Techniken und Mittel realisiert wird. Das Projekt stimuliert durch k\u00fcnstlerische Ausdrucksformen die Durchsetzungskraft und die latenten F\u00e4higkeiten der Jugendlichen, um Bewusstheit zu entwickeln und die Auseinandersetzung mit Themen wie Zivilbewusstsein, Solidarit\u00e4t, respektvoller, gesunder und nutzbringender Umgang mit der Freizeit zu f\u00f6rdern. Durch die Methode des Streetworking (Beobachtung, Kontaktaufnahme, Aufbau der Beziehung, Unterst\u00fctzung und gezielter Eingriff) und des Networking mit den Diensten und territorialen Institutionen, werden Projekte ins Leben gerufen, die sich in p\u00e4dagogischer Hinsicht sei es auf Einzel- wie Gruppenma\u00dfnahmen orientieren, wobei die Entwicklung der Gemeinschaft gef\u00f6rdert wird.[\/vc_column_text][\/vc_column][\/vc_row]<\/p>\n<\/div>","protected":false},"excerpt":{"rendered":"<p>[vc_row][vc_column][vc_single_image image=&#8221;5245&#8243; img_size=&#8221;full&#8221; alignment=&#8221;center&#8221;][vc_custom_heading text=&#8221;Projekt StreetworkBZ&#8221; use_theme_fonts=&#8221;yes&#8221;][vc_column_text]StreetworkBZ ist ein Projekt, das sich Jugendlichen der Stadt Bozen in der Altersgruppe von 11 bis 26 Jahren und unabh\u00e4ngig ihrer sprachlichen Zugeh\u00f6rigkeit und Kultur widmet. Durch gezielte Freizeitaktivit\u00e4ten, die auf die Interessen der Jugendlichen ausgerichtet sind und durch die p\u00e4dagogische Unterst\u00fctzung der Streetworker auf dem st\u00e4dtischen Territorium, zielt&hellip;<\/p>\n","protected":false},"author":2,"featured_media":0,"parent":3231,"menu_order":0,"comment_status":"closed","ping_status":"closed","template":"","meta":{"footnotes":""},"class_list":["post-5257","page","type-page","status-publish","hentry","description-off"],"_links":{"self":[{"href":"https:\/\/www.lastrada-derweg.org\/index.php?rest_route=\/wp\/v2\/pages\/5257","targetHints":{"allow":["GET"]}}],"collection":[{"href":"https:\/\/www.lastrada-derweg.org\/index.php?rest_route=\/wp\/v2\/pages"}],"about":[{"href":"https:\/\/www.lastrada-derweg.org\/index.php?rest_route=\/wp\/v2\/types\/page"}],"author":[{"embeddable":true,"href":"https:\/\/www.lastrada-derweg.org\/index.php?rest_route=\/wp\/v2\/users\/2"}],"replies":[{"embeddable":true,"href":"https:\/\/www.lastrada-derweg.org\/index.php?rest_route=%2Fwp%2Fv2%2Fcomments&post=5257"}],"version-history":[{"count":4,"href":"https:\/\/www.lastrada-derweg.org\/index.php?rest_route=\/wp\/v2\/pages\/5257\/revisions"}],"predecessor-version":[{"id":5259,"href":"https:\/\/www.lastrada-derweg.org\/index.php?rest_route=\/wp\/v2\/pages\/5257\/revisions\/5259"}],"up":[{"embeddable":true,"href":"https:\/\/www.lastrada-derweg.org\/index.php?rest_route=\/wp\/v2\/pages\/3231"}],"wp:attachment":[{"href":"https:\/\/www.lastrada-derweg.org\/index.php?rest_route=%2Fwp%2Fv2%2Fmedia&parent=5257"}],"curies":[{"name":"wp","href":"https:\/\/api.w.org\/{rel}","templated":true}]}}