{"id":6074,"date":"2021-06-22T13:01:35","date_gmt":"2021-06-22T11:01:35","guid":{"rendered":"https:\/\/www.lastrada-derweg.org\/?page_id=6074"},"modified":"2021-06-23T13:33:23","modified_gmt":"2021-06-23T11:33:23","slug":"dienst-fur-vermogensverwaltung","status":"publish","type":"page","link":"https:\/\/www.lastrada-derweg.org\/?page_id=6074&lang=de","title":{"rendered":"Dienst f\u00fcr \u00d6konomat"},"content":{"rendered":"<div class=\"wpb-content-wrapper\"><p>[vc_row][vc_column width=&#8221;1\/2&#8243;][vc_custom_heading text=&#8221;Wer&#8221; use_theme_fonts=&#8221;yes&#8221;][vc_column_text]Ein flexibles und dynamisches Team von Experten f\u00fcr Einkauf und Verm\u00f6gensverwaltung.<\/p>\n<p><strong>\u00a0<\/strong>[\/vc_column_text][vc_custom_heading text=&#8221;Wo&#8221; use_theme_fonts=&#8221;yes&#8221;][vc_column_text]Verein \u201cLa Strada \u2013 Der Weg\u201d ONLUS<br \/>\nMariaheimweg 46<br \/>\n39100 Bozen<\/p>\n<p>Tel. 0471 203 111<br \/>\nFax 0471 201 585<\/p>\n<p><a href=\"mailto:gestionale@lastrada-derweg.org\">buchhaltung@lastrada-derweg.org<\/a><br \/>\n<a href=\"mailto:gestionale@lastrada-derweg.org\">verwaltung@lastrada-derweg.org<\/a><\/p>\n<p><strong>Verantwortliche<\/strong>: Frau Dr. Alessandra Belvisi<br \/>\nMitarbeiterin: Elisabetta Starita[\/vc_column_text][\/vc_column][vc_column width=&#8221;1\/2&#8243;][vc_single_image image=&#8221;6087&#8243; img_size=&#8221;full&#8221;][\/vc_column][\/vc_row][vc_row][vc_column][vc_custom_heading text=&#8221;Was&#8221; use_theme_fonts=&#8221;yes&#8221;][vc_column_text]Der Dienst f\u00fcr \u00d6konomat k\u00fcmmert sich um den Einkauf von Waren und Dienstleistungen f\u00fcr den Verein[\/vc_column_text][\/vc_column][\/vc_row][vc_row][vc_column width=&#8221;1\/3&#8243;][vc_custom_heading text=&#8221;F\u00fcr wen&#8221; use_theme_fonts=&#8221;yes&#8221;][vc_column_text]Das B\u00fcro steht allen Dienstleistungen und Einrichtungen des Vereins zur Verf\u00fcgung.[\/vc_column_text][\/vc_column][vc_column width=&#8221;1\/3&#8243;][vc_custom_heading text=&#8221;Warum&#8221; use_theme_fonts=&#8221;yes&#8221;][vc_column_text]Die zentrale und kontrollierte Verwaltung der Ausgaben vermeidet Verschwendung und hilft bei Einsparungen, ohne die Qualit\u00e4t zu beeintr\u00e4chtigen.[\/vc_column_text][\/vc_column][vc_column width=&#8221;1\/3&#8243;][vc_custom_heading text=&#8221;Wann&#8221; use_theme_fonts=&#8221;yes&#8221;][vc_column_text]Montag bis Freitag von 08:00 bis 12.30 Uhr.[\/vc_column_text][\/vc_column][\/vc_row]<\/p>\n<\/div>","protected":false},"excerpt":{"rendered":"<p>[vc_row][vc_column width=&#8221;1\/2&#8243;][vc_custom_heading text=&#8221;Wer&#8221; use_theme_fonts=&#8221;yes&#8221;][vc_column_text]Ein flexibles und dynamisches Team von Experten f\u00fcr Einkauf und Verm\u00f6gensverwaltung. \u00a0[\/vc_column_text][vc_custom_heading text=&#8221;Wo&#8221; use_theme_fonts=&#8221;yes&#8221;][vc_column_text]Verein \u201cLa Strada \u2013 Der Weg\u201d ONLUS Mariaheimweg 46 39100 Bozen Tel. 0471 203 111 Fax 0471 201 585 buchhaltung@lastrada-derweg.org verwaltung@lastrada-derweg.org Verantwortliche: Frau Dr. Alessandra Belvisi Mitarbeiterin: Elisabetta Starita[\/vc_column_text][\/vc_column][vc_column width=&#8221;1\/2&#8243;][vc_single_image image=&#8221;6087&#8243; img_size=&#8221;full&#8221;][\/vc_column][\/vc_row][vc_row][vc_column][vc_custom_heading text=&#8221;Was&#8221; use_theme_fonts=&#8221;yes&#8221;][vc_column_text]Der Dienst f\u00fcr \u00d6konomat k\u00fcmmert sich&hellip;<\/p>\n","protected":false},"author":2,"featured_media":0,"parent":3071,"menu_order":0,"comment_status":"closed","ping_status":"closed","template":"","meta":{"footnotes":""},"class_list":["post-6074","page","type-page","status-publish","hentry","description-off"],"_links":{"self":[{"href":"https:\/\/www.lastrada-derweg.org\/index.php?rest_route=\/wp\/v2\/pages\/6074","targetHints":{"allow":["GET"]}}],"collection":[{"href":"https:\/\/www.lastrada-derweg.org\/index.php?rest_route=\/wp\/v2\/pages"}],"about":[{"href":"https:\/\/www.lastrada-derweg.org\/index.php?rest_route=\/wp\/v2\/types\/page"}],"author":[{"embeddable":true,"href":"https:\/\/www.lastrada-derweg.org\/index.php?rest_route=\/wp\/v2\/users\/2"}],"replies":[{"embeddable":true,"href":"https:\/\/www.lastrada-derweg.org\/index.php?rest_route=%2Fwp%2Fv2%2Fcomments&post=6074"}],"version-history":[{"count":4,"href":"https:\/\/www.lastrada-derweg.org\/index.php?rest_route=\/wp\/v2\/pages\/6074\/revisions"}],"predecessor-version":[{"id":6088,"href":"https:\/\/www.lastrada-derweg.org\/index.php?rest_route=\/wp\/v2\/pages\/6074\/revisions\/6088"}],"up":[{"embeddable":true,"href":"https:\/\/www.lastrada-derweg.org\/index.php?rest_route=\/wp\/v2\/pages\/3071"}],"wp:attachment":[{"href":"https:\/\/www.lastrada-derweg.org\/index.php?rest_route=%2Fwp%2Fv2%2Fmedia&parent=6074"}],"curies":[{"name":"wp","href":"https:\/\/api.w.org\/{rel}","templated":true}]}}