{"id":6136,"date":"2021-06-24T16:08:33","date_gmt":"2021-06-24T14:08:33","guid":{"rendered":"https:\/\/www.lastrada-derweg.org\/?page_id=6136"},"modified":"2024-06-11T17:05:38","modified_gmt":"2024-06-11T15:05:38","slug":"bueo-fur-privacy","status":"publish","type":"page","link":"https:\/\/www.lastrada-derweg.org\/?page_id=6136&lang=de","title":{"rendered":"B\u00fcro f\u00fcr Privacy"},"content":{"rendered":"<div class=\"wpb-content-wrapper\"><p>[vc_row][vc_column width=&#8221;1\/2&#8243;][vc_custom_heading text=&#8221;Wer&#8221; use_theme_fonts=&#8221;yes&#8221;][vc_column_text]Der Dienst wird von der Vizedirektorin geleitet, welche mit der Abteilung IT und dem Datenschutzbeauftragten (Data Protection Officer \u2013 DPO), welcher vom Verwaltungsrat ernannt wird, zusammenarbeitet.[\/vc_column_text][vc_custom_heading text=&#8221;Wo&#8221; use_theme_fonts=&#8221;yes&#8221;][vc_column_text css=&#8221;&#8221;]<strong>B\u00fcro f\u00fcr Privacy<\/strong><br \/>\nMariaheimweg 46 &#8211; 39100 Bozen<br \/>\ntel.: 0471 203111 &#8211; fax: 0471 201585<\/p>\n<p><a href=\"mailto:privacy@lastrada-derweg.org\">privacy@lastrada-derweg.org<\/a><br \/>\nVerantwortliche: Alexa Bonfanti<br \/>\nMitarbeiter: Walter Zampedri<\/p>\n<p>Datenschutzbeauftragter (DPO): ewico s.r.l., Buozzistra\u00dfe Nr. 12, 39100 Bozen<br \/>\nAnsprechperson: Matteo Durin<br \/>\nE-Mail: <a href=\"mailto:dpo@lastrada-derweg.org\">dpo@lastrada-derweg.org<\/a>[\/vc_column_text][\/vc_column][vc_column width=&#8221;1\/2&#8243;][vc_single_image image=&#8221;6140&#8243; img_size=&#8221;full&#8221;][\/vc_column][\/vc_row][vc_row][vc_column][vc_custom_heading text=&#8221;Was&#8221; use_theme_fonts=&#8221;yes&#8221;][vc_column_text css=&#8221;&#8221;]Der Dienst befasst sich &#8211; mit Unterst\u00fctzung der IT-Abteilung und des Datenschutzbeauftragten -mit der Verwaltung aller datenschutzrelevanten Aspekte des Vereins: Verwaltung der Ernennung von F\u00fchrungskr\u00e4ften und Beauftragten, Informationen f\u00fcr Interessenten*innen, Organisation der internen Fortbildungen zu Datenschutzfragen, Erstellung und Aktualisierung der internen Datenschutzregelungen und vieles mehr.[\/vc_column_text][\/vc_column][\/vc_row][vc_row][vc_column width=&#8221;1\/3&#8243;][vc_custom_heading text=&#8221;F\u00fcr wen&#8221; use_theme_fonts=&#8221;yes&#8221;][vc_column_text]Wir unterst\u00fctzen die Mitarbeiter*innen, die Freiwilligen und die Nutzer*innen sowie all jene, welche f\u00fcr den Verein t\u00e4tig sind.[\/vc_column_text][\/vc_column][vc_column width=&#8221;1\/3&#8243;][vc_custom_heading text=&#8221;Warum&#8221; use_theme_fonts=&#8221;yes&#8221;][vc_column_text]Prim\u00e4res Ziel ist es, die ordnungsgem\u00e4\u00dfe Verarbeitung der personenbezogenen Daten sicherzustellen sowie diese innerhalb des Vereins so zu sch\u00fctzen, dass diese gem\u00e4\u00df den europ\u00e4ischen und nationalen Datenschutzbestimmungen verarbeitet werden.<\/p>\n<p>[\/vc_column_text][\/vc_column][vc_column width=&#8221;1\/3&#8243;][vc_custom_heading text=&#8221;Wann&#8221; use_theme_fonts=&#8221;yes&#8221;][vc_column_text css=&#8221;&#8221;]Montags bis donnerstags von 8:30 bis 17:00 Uhr und freitags von 8:30 bis 16:00.[\/vc_column_text][\/vc_column][\/vc_row]<\/p>\n<\/div>","protected":false},"excerpt":{"rendered":"<p>[vc_row][vc_column width=&#8221;1\/2&#8243;][vc_custom_heading text=&#8221;Wer&#8221; use_theme_fonts=&#8221;yes&#8221;][vc_column_text]Der Dienst wird von der Vizedirektorin geleitet, welche mit der Abteilung IT und dem Datenschutzbeauftragten (Data Protection Officer \u2013 DPO), welcher vom Verwaltungsrat ernannt wird, zusammenarbeitet.[\/vc_column_text][vc_custom_heading text=&#8221;Wo&#8221; use_theme_fonts=&#8221;yes&#8221;][vc_column_text css=&#8221;&#8221;]B\u00fcro f\u00fcr Privacy Mariaheimweg 46 &#8211; 39100 Bozen tel.: 0471 203111 &#8211; fax: 0471 201585 privacy@lastrada-derweg.org Verantwortliche: Alexa Bonfanti Mitarbeiter: Walter Zampedri Datenschutzbeauftragter (DPO):&hellip;<\/p>\n","protected":false},"author":2,"featured_media":0,"parent":1843,"menu_order":0,"comment_status":"closed","ping_status":"closed","template":"","meta":{"footnotes":""},"class_list":["post-6136","page","type-page","status-publish","hentry","description-off"],"_links":{"self":[{"href":"https:\/\/www.lastrada-derweg.org\/index.php?rest_route=\/wp\/v2\/pages\/6136","targetHints":{"allow":["GET"]}}],"collection":[{"href":"https:\/\/www.lastrada-derweg.org\/index.php?rest_route=\/wp\/v2\/pages"}],"about":[{"href":"https:\/\/www.lastrada-derweg.org\/index.php?rest_route=\/wp\/v2\/types\/page"}],"author":[{"embeddable":true,"href":"https:\/\/www.lastrada-derweg.org\/index.php?rest_route=\/wp\/v2\/users\/2"}],"replies":[{"embeddable":true,"href":"https:\/\/www.lastrada-derweg.org\/index.php?rest_route=%2Fwp%2Fv2%2Fcomments&post=6136"}],"version-history":[{"count":8,"href":"https:\/\/www.lastrada-derweg.org\/index.php?rest_route=\/wp\/v2\/pages\/6136\/revisions"}],"predecessor-version":[{"id":10063,"href":"https:\/\/www.lastrada-derweg.org\/index.php?rest_route=\/wp\/v2\/pages\/6136\/revisions\/10063"}],"up":[{"embeddable":true,"href":"https:\/\/www.lastrada-derweg.org\/index.php?rest_route=\/wp\/v2\/pages\/1843"}],"wp:attachment":[{"href":"https:\/\/www.lastrada-derweg.org\/index.php?rest_route=%2Fwp%2Fv2%2Fmedia&parent=6136"}],"curies":[{"name":"wp","href":"https:\/\/api.w.org\/{rel}","templated":true}]}}