{"id":6410,"date":"2021-07-19T18:42:02","date_gmt":"2021-07-19T16:42:02","guid":{"rendered":"https:\/\/www.lastrada-derweg.org\/?page_id=6410"},"modified":"2021-08-19T14:52:59","modified_gmt":"2021-08-19T12:52:59","slug":"projekt-il-ponte-die-brucke","status":"publish","type":"page","link":"https:\/\/www.lastrada-derweg.org\/?page_id=6410&lang=de","title":{"rendered":"Projekt &#8220;Il Ponte &#8211; Die Br\u00fccke&#8221;"},"content":{"rendered":"<div class=\"wpb-content-wrapper\"><p>[vc_row][vc_column width=&#8221;1\/2&#8243;][vc_custom_heading text=&#8221;Projekt Il Ponte &#8211; Die Br\u00fccke&#8221; use_theme_fonts=&#8221;yes&#8221;][vc_column_text]Das Projekt wird vom Sozialunternehmen \u201eCon i Bambini\u201c finanziert. Es handelt sich um eine gemeinn\u00fctzige Gesellschaft, deren Zweck es ist, die Programme des Fonds zur Bek\u00e4mpfung der Bildungsarmut von Kindern umzusetzen, die in dem am 29. April 2016 zwischen dem Pr\u00e4sidenten des Ministerrats, dem Minister f\u00fcr Wirtschaft und Finanzen, dem Minister f\u00fcr Arbeit und Sozialpolitik und dem Pr\u00e4sidenten der ACRI &#8211; der Vereinigung der Stiftungen banken\u00e4hnlicher Herkunft &#8211; unterzeichneten Vereinbarungsprotokoll vorgesehen sind. Bis heute hat Con i Bambini 10 Aufforderungen zur Einreichung von Vorschl\u00e4gen ver\u00f6ffentlicht, darunter &#8220;Un passo avanti&#8221; (Einen Schritt vorw\u00e4rts), zu dem auch &#8220;Die Br\u00fccke&#8221; geh\u00f6rt, ein Projekt zur Bek\u00e4mpfung der Bildungsarmut bei Minderj\u00e4hrigen.<br \/>\nDieses Pilotprojekt zielt darauf ab, Lehrkr\u00e4fte, Familien und Kinder durch verschiedene Begleitma\u00dfnahmen zu unterst\u00fctzen und eine p\u00e4dagogische Antwort auf eine bestimmte Gruppe von Kindern in 10 Kinderg\u00e4rten zu geben, die aufgrund psychophysischer Defizite oder soziokultureller Benachteiligungen Gefahr laufen, ihr volles Potenzial an kognitiven und sozialen F\u00e4higkeiten nicht aussch\u00f6pfen zu k\u00f6nnen, um zuk\u00fcnftiges Schulversagen und die Verschlimmerung individueller und sozialer Probleme zu verhindern. All dies geschieht durch den Versuch, eine &#8220;Br\u00fccke&#8221; zwischen dem Gebiet, der Familie und den Kinderg\u00e4rten zu schlagen.<\/p>\n<p>Der Verein &#8220;La Strada &#8211; Der Weg Onlus&#8221; ist der Projektleiter und repr\u00e4sentiert eine breite Zusammensetzung von Organisationen des Dritten Sektors und \u00f6ffentlichen Einrichtungen:<br \/>\n\u2022 Verein La Strada \u2013 Der Weg Onlus (Projektleiter)<br \/>\n\u2022 Arciragazzi Bozen<br \/>\n\u2022 Sozialgenossemschaft EOS<br \/>\n\u2022 Stiftung Forum Pr\u00e4vention<br \/>\n\u2022 Stiftung S\u00fcdtiroler Kinderdorf ONLUS<br \/>\n\u2022 Freie universit\u00e4t Bozen \u2013 Fakult\u00e4t f\u00fcr Bildungswissenschaften<br \/>\n\u2022 Autonome Provinz Bozen[\/vc_column_text][\/vc_column][vc_column width=&#8221;1\/2&#8243;][vc_single_image image=&#8221;6192&#8243; img_size=&#8221;full&#8221;][\/vc_column][\/vc_row]<\/p>\n<\/div>","protected":false},"excerpt":{"rendered":"<p>[vc_row][vc_column width=&#8221;1\/2&#8243;][vc_custom_heading text=&#8221;Projekt Il Ponte &#8211; Die Br\u00fccke&#8221; use_theme_fonts=&#8221;yes&#8221;][vc_column_text]Das Projekt wird vom Sozialunternehmen \u201eCon i Bambini\u201c finanziert. Es handelt sich um eine gemeinn\u00fctzige Gesellschaft, deren Zweck es ist, die Programme des Fonds zur Bek\u00e4mpfung der Bildungsarmut von Kindern umzusetzen, die in dem am 29. April 2016 zwischen dem Pr\u00e4sidenten des Ministerrats, dem Minister f\u00fcr Wirtschaft&hellip;<\/p>\n","protected":false},"author":2,"featured_media":0,"parent":3142,"menu_order":0,"comment_status":"closed","ping_status":"closed","template":"","meta":{"footnotes":""},"class_list":["post-6410","page","type-page","status-publish","hentry","description-off"],"_links":{"self":[{"href":"https:\/\/www.lastrada-derweg.org\/index.php?rest_route=\/wp\/v2\/pages\/6410","targetHints":{"allow":["GET"]}}],"collection":[{"href":"https:\/\/www.lastrada-derweg.org\/index.php?rest_route=\/wp\/v2\/pages"}],"about":[{"href":"https:\/\/www.lastrada-derweg.org\/index.php?rest_route=\/wp\/v2\/types\/page"}],"author":[{"embeddable":true,"href":"https:\/\/www.lastrada-derweg.org\/index.php?rest_route=\/wp\/v2\/users\/2"}],"replies":[{"embeddable":true,"href":"https:\/\/www.lastrada-derweg.org\/index.php?rest_route=%2Fwp%2Fv2%2Fcomments&post=6410"}],"version-history":[{"count":5,"href":"https:\/\/www.lastrada-derweg.org\/index.php?rest_route=\/wp\/v2\/pages\/6410\/revisions"}],"predecessor-version":[{"id":6652,"href":"https:\/\/www.lastrada-derweg.org\/index.php?rest_route=\/wp\/v2\/pages\/6410\/revisions\/6652"}],"up":[{"embeddable":true,"href":"https:\/\/www.lastrada-derweg.org\/index.php?rest_route=\/wp\/v2\/pages\/3142"}],"wp:attachment":[{"href":"https:\/\/www.lastrada-derweg.org\/index.php?rest_route=%2Fwp%2Fv2%2Fmedia&parent=6410"}],"curies":[{"name":"wp","href":"https:\/\/api.w.org\/{rel}","templated":true}]}}