{"id":6527,"date":"2021-08-02T14:51:18","date_gmt":"2021-08-02T12:51:18","guid":{"rendered":"https:\/\/www.lastrada-derweg.org\/?page_id=6527"},"modified":"2024-06-18T16:29:16","modified_gmt":"2024-06-18T14:29:16","slug":"family-support","status":"publish","type":"page","link":"https:\/\/www.lastrada-derweg.org\/?page_id=6527","title":{"rendered":"Family support"},"content":{"rendered":"<div class=\"wpb-content-wrapper\"><p>[vc_row][vc_column width=&#8221;1\/2&#8243;][vc_custom_heading text=&#8221;Dove siamo&#8221; use_theme_fonts=&#8221;yes&#8221;][vc_column_text css=&#8221;&#8221;]Family support<br \/>\nvia Rovigo 92 &#8211; Bolzano<br \/>\n<a href=\"mailto:alltogether@lastrada-derweg.org\">alltogether@lastrada-derweg.org<\/a><\/p>\n<p>Coordinatrice: <strong>Nadia Piroddi<\/strong> &#8211; 335 527 7289[\/vc_column_text][vc_custom_heading text=&#8221;Chi siamo&#8221; use_theme_fonts=&#8221;yes&#8221;][vc_column_text]Family Support \u00e8 un servizio gratuito che mette a disposizione un gruppo di volontarie per le nuove famiglie, dal momento della gravidanza, fino all\u2019anno di vita del bambino; per recuperare energie e trovare un supporto concreto.<\/p>\n<p>[\/vc_column_text][\/vc_column][vc_column width=&#8221;1\/2&#8243;][vc_single_image image=&#8221;6541&#8243; img_size=&#8221;full&#8221;][\/vc_column][\/vc_row][vc_row][vc_column][vc_custom_heading text=&#8221;Cosa facciamo&#8221; use_theme_fonts=&#8221;yes&#8221;][vc_column_text]Una persona volontaria si occupa per alcune ore a settimana delle mansioni pratiche quotidiane, come giocare con i fratellini, fare la spesa, vegliare sul sonno del neonato, accompagnare i genitori a fare commissioni, fare compagnia alla famiglia.<\/p>\n<p>[\/vc_column_text][\/vc_column][\/vc_row][vc_row][vc_column width=&#8221;1\/3&#8243;][vc_custom_heading text=&#8221;Per chi&#8221; use_theme_fonts=&#8221;yes&#8221;][vc_column_text]per tutte le neomamme e i neopap\u00e0 dalla gravidanza al primo anno di vita del bambino.<\/p>\n<p>[\/vc_column_text][\/vc_column][vc_column width=&#8221;1\/3&#8243;][vc_custom_heading text=&#8221;Perch\u00e9&#8221; use_theme_fonts=&#8221;yes&#8221;][vc_column_text]i cambiamenti e le sfide che una nuova nascita portano con s\u00e9 richiedono una buona dose di energia; nei primi mesi dopo il parto si presentano molte sfide e le proprie esigenze possono rimanere in secondo piano. Restare in forza, per\u00f2 la cosa migliore sia per s\u00e9 sia per il bambino. Occuparsi della propria salute accettando il sostegno di persone esterne \u00e8 un SEGNO DI FORZA. [\/vc_column_text][\/vc_column][vc_column width=&#8221;1\/3&#8243;][vc_custom_heading text=&#8221;Quando&#8221; use_theme_fonts=&#8221;yes&#8221;][vc_column_text]Su appuntamento[\/vc_column_text][\/vc_column][\/vc_row][vc_row css=&#8221;.vc_custom_1613058991392{margin-top: 20px !important;}&#8221;][vc_column][vc_separator][\/vc_column][\/vc_row][vc_row][vc_column][vc_column_text]<\/p>\n<h4 style=\"text-align: center;\">Con il sostegno di:<\/h4>\n<p>[\/vc_column_text][\/vc_column][\/vc_row][vc_row content_placement=&#8221;middle&#8221;][vc_column width=&#8221;1\/3&#8243;][vc_single_image image=&#8221;5709&#8243; img_size=&#8221;500&#215;100&#8243; alignment=&#8221;center&#8221; style=&#8221;vc_box_rounded&#8221; onclick=&#8221;custom_link&#8221; css_animation=&#8221;fadeInUp&#8221;][\/vc_column][vc_column width=&#8221;1\/3&#8243;][vc_single_image image=&#8221;5659&#8243; img_size=&#8221;100&#215;100&#8243; alignment=&#8221;center&#8221; style=&#8221;vc_box_rounded&#8221; onclick=&#8221;custom_link&#8221; css_animation=&#8221;fadeInUp&#8221; link=&#8221;https:\/\/www.lastrada-derweg.org\/?page_id=3980&#8243;][\/vc_column][vc_column width=&#8221;1\/3&#8243;][vc_column_text]<\/p>\n<h5 style=\"text-align: center;\">Agenzia per la Famiglia<\/h5>\n<p>[\/vc_column_text][\/vc_column][\/vc_row]<\/p>\n<\/div>","protected":false},"excerpt":{"rendered":"<p>[vc_row][vc_column width=&#8221;1\/2&#8243;][vc_custom_heading text=&#8221;Dove siamo&#8221; use_theme_fonts=&#8221;yes&#8221;][vc_column_text css=&#8221;&#8221;]Family support via Rovigo 92 &#8211; Bolzano alltogether@lastrada-derweg.org Coordinatrice: Nadia Piroddi &#8211; 335 527 7289[\/vc_column_text][vc_custom_heading text=&#8221;Chi siamo&#8221; use_theme_fonts=&#8221;yes&#8221;][vc_column_text]Family Support \u00e8 un servizio gratuito che mette a disposizione un gruppo di volontarie per le nuove famiglie, dal momento della gravidanza, fino all\u2019anno di vita del bambino; per recuperare energie e trovare&hellip;<\/p>\n","protected":false},"author":2,"featured_media":0,"parent":1688,"menu_order":0,"comment_status":"closed","ping_status":"closed","template":"","meta":{"footnotes":""},"class_list":["post-6527","page","type-page","status-publish","hentry","description-off"],"_links":{"self":[{"href":"https:\/\/www.lastrada-derweg.org\/index.php?rest_route=\/wp\/v2\/pages\/6527","targetHints":{"allow":["GET"]}}],"collection":[{"href":"https:\/\/www.lastrada-derweg.org\/index.php?rest_route=\/wp\/v2\/pages"}],"about":[{"href":"https:\/\/www.lastrada-derweg.org\/index.php?rest_route=\/wp\/v2\/types\/page"}],"author":[{"embeddable":true,"href":"https:\/\/www.lastrada-derweg.org\/index.php?rest_route=\/wp\/v2\/users\/2"}],"replies":[{"embeddable":true,"href":"https:\/\/www.lastrada-derweg.org\/index.php?rest_route=%2Fwp%2Fv2%2Fcomments&post=6527"}],"version-history":[{"count":9,"href":"https:\/\/www.lastrada-derweg.org\/index.php?rest_route=\/wp\/v2\/pages\/6527\/revisions"}],"predecessor-version":[{"id":10255,"href":"https:\/\/www.lastrada-derweg.org\/index.php?rest_route=\/wp\/v2\/pages\/6527\/revisions\/10255"}],"up":[{"embeddable":true,"href":"https:\/\/www.lastrada-derweg.org\/index.php?rest_route=\/wp\/v2\/pages\/1688"}],"wp:attachment":[{"href":"https:\/\/www.lastrada-derweg.org\/index.php?rest_route=%2Fwp%2Fv2%2Fmedia&parent=6527"}],"curies":[{"name":"wp","href":"https:\/\/api.w.org\/{rel}","templated":true}]}}