{"id":6532,"date":"2021-08-02T15:01:59","date_gmt":"2021-08-02T13:01:59","guid":{"rendered":"https:\/\/www.lastrada-derweg.org\/?page_id=6532"},"modified":"2024-06-18T16:31:29","modified_gmt":"2024-06-18T14:31:29","slug":"family-support","status":"publish","type":"page","link":"https:\/\/www.lastrada-derweg.org\/?page_id=6532&lang=de","title":{"rendered":"Family Support"},"content":{"rendered":"<div class=\"wpb-content-wrapper\"><p>[vc_row][vc_column width=&#8221;1\/2&#8243;][vc_custom_heading text=&#8221;Wo&#8221; use_theme_fonts=&#8221;yes&#8221;][vc_column_text css=&#8221;&#8221;]Family support<br \/>\nRovigostra\u00dfe 92 &#8211; Bozen<br \/>\n<a href=\"mailto:alltogether@lastrada-derweg.org\">alltogether@lastrada-derweg.org<\/a><\/p>\n<p>Coordinatrice: <strong>Nadia Piroddi<\/strong> &#8211; 335 527 7289[\/vc_column_text][vc_custom_heading text=&#8221;Wer&#8221; use_theme_fonts=&#8221;yes&#8221;][vc_column_text]Family Support ist ein kostenloser Dienst, der neuen Familien von der Schwangerschaft bis zum ersten Lebensjahr des Kindes eine Gruppe von Freiwilligen zur Seite stellt, um Energie tanken zu k\u00f6nnen und konkrete Unterst\u00fctzung zu finden.[\/vc_column_text][\/vc_column][vc_column width=&#8221;1\/2&#8243;][vc_single_image image=&#8221;2117&#8243; img_size=&#8221;full&#8221;][\/vc_column][\/vc_row][vc_row][vc_column][vc_custom_heading text=&#8221;Was&#8221; use_theme_fonts=&#8221;yes&#8221;][vc_column_text]Eine Freiwillige \u00fcbernimmt f\u00fcr einige Stunden in der Woche praktische Alltagsaufgaben wie das Spielen mit den Geschwistern, das Einkaufen, die \u00dcberwachung des Schlafs des Babys, die Begleitung der Eltern bei Besorgungen und die Begleitung der Familie[\/vc_column_text][\/vc_column][\/vc_row][vc_row][vc_column width=&#8221;1\/3&#8243;][vc_custom_heading text=&#8221;F\u00fcr wen&#8221; use_theme_fonts=&#8221;yes&#8221;][vc_column_text]F\u00fcr alle werdenden oder frischgebackenen M\u00fctter und V\u00e4ter ab der Schwangerschaft bis zum ersten Lebensjahr des Kindes.[\/vc_column_text][\/vc_column][vc_column width=&#8221;1\/3&#8243;][vc_custom_heading text=&#8221;Warum&#8221; use_theme_fonts=&#8221;yes&#8221;][vc_column_text]Die Ver\u00e4nderungen und Herausforderungen, die eine neue Geburt mit sich bringt, erfordern viel Energie; in den ersten Monaten nach der Geburt treten viele Herausforderungen auf und die eigenen Bed\u00fcrfnisse k\u00f6nnen in den Hintergrund treten. Es ist jedoch das Beste f\u00fcr Sie und Ihr Baby stark zu bleiben. Sich um seine eigene Gesundheit zu k\u00fcmmern, indem man Unterst\u00fctzung von au\u00dfen annimmt, ist ein ZEICHEN DER ST\u00c4RKE. [\/vc_column_text][\/vc_column][vc_column width=&#8221;1\/3&#8243;][vc_custom_heading text=&#8221;Wann&#8221; use_theme_fonts=&#8221;yes&#8221;][vc_column_text]Nach Terminvereinbarung[\/vc_column_text][\/vc_column][\/vc_row][vc_row][vc_column][vc_column_text]<br \/>\n[\/vc_column_text][\/vc_column][\/vc_row][vc_row][vc_column][vc_column_text]<\/p>\n<h4 style=\"text-align: center;\">Unterst\u00fctzt von:<\/h4>\n<p>[\/vc_column_text][\/vc_column][\/vc_row][vc_row content_placement=&#8221;middle&#8221;][vc_column width=&#8221;1\/3&#8243;][vc_single_image image=&#8221;7086&#8243; img_size=&#8221;500&#215;100&#8243; alignment=&#8221;center&#8221; style=&#8221;vc_box_rounded&#8221; onclick=&#8221;custom_link&#8221; css_animation=&#8221;fadeInUp&#8221;][\/vc_column][vc_column width=&#8221;1\/3&#8243;][vc_single_image image=&#8221;7087&#8243; img_size=&#8221;100&#215;100&#8243; alignment=&#8221;center&#8221; style=&#8221;vc_box_rounded&#8221; onclick=&#8221;custom_link&#8221; css_animation=&#8221;fadeInUp&#8221; link=&#8221;https:\/\/www.lastrada-derweg.org\/?page_id=3980&#8243;][\/vc_column][vc_column width=&#8221;1\/3&#8243;][vc_column_text]<\/p>\n<h5 style=\"text-align: center;\">Familienagentur<\/h5>\n<p>[\/vc_column_text][\/vc_column][\/vc_row]<\/p>\n<\/div>","protected":false},"excerpt":{"rendered":"<p>[vc_row][vc_column width=&#8221;1\/2&#8243;][vc_custom_heading text=&#8221;Wo&#8221; use_theme_fonts=&#8221;yes&#8221;][vc_column_text css=&#8221;&#8221;]Family support Rovigostra\u00dfe 92 &#8211; Bozen alltogether@lastrada-derweg.org Coordinatrice: Nadia Piroddi &#8211; 335 527 7289[\/vc_column_text][vc_custom_heading text=&#8221;Wer&#8221; use_theme_fonts=&#8221;yes&#8221;][vc_column_text]Family Support ist ein kostenloser Dienst, der neuen Familien von der Schwangerschaft bis zum ersten Lebensjahr des Kindes eine Gruppe von Freiwilligen zur Seite stellt, um Energie tanken zu k\u00f6nnen und konkrete Unterst\u00fctzung zu finden.[\/vc_column_text][\/vc_column][vc_column width=&#8221;1\/2&#8243;][vc_single_image&hellip;<\/p>\n","protected":false},"author":2,"featured_media":0,"parent":1690,"menu_order":0,"comment_status":"closed","ping_status":"closed","template":"","meta":{"footnotes":""},"class_list":["post-6532","page","type-page","status-publish","hentry","description-off"],"_links":{"self":[{"href":"https:\/\/www.lastrada-derweg.org\/index.php?rest_route=\/wp\/v2\/pages\/6532","targetHints":{"allow":["GET"]}}],"collection":[{"href":"https:\/\/www.lastrada-derweg.org\/index.php?rest_route=\/wp\/v2\/pages"}],"about":[{"href":"https:\/\/www.lastrada-derweg.org\/index.php?rest_route=\/wp\/v2\/types\/page"}],"author":[{"embeddable":true,"href":"https:\/\/www.lastrada-derweg.org\/index.php?rest_route=\/wp\/v2\/users\/2"}],"replies":[{"embeddable":true,"href":"https:\/\/www.lastrada-derweg.org\/index.php?rest_route=%2Fwp%2Fv2%2Fcomments&post=6532"}],"version-history":[{"count":9,"href":"https:\/\/www.lastrada-derweg.org\/index.php?rest_route=\/wp\/v2\/pages\/6532\/revisions"}],"predecessor-version":[{"id":10256,"href":"https:\/\/www.lastrada-derweg.org\/index.php?rest_route=\/wp\/v2\/pages\/6532\/revisions\/10256"}],"up":[{"embeddable":true,"href":"https:\/\/www.lastrada-derweg.org\/index.php?rest_route=\/wp\/v2\/pages\/1690"}],"wp:attachment":[{"href":"https:\/\/www.lastrada-derweg.org\/index.php?rest_route=%2Fwp%2Fv2%2Fmedia&parent=6532"}],"curies":[{"name":"wp","href":"https:\/\/api.w.org\/{rel}","templated":true}]}}