{"id":6748,"date":"2021-10-12T15:01:24","date_gmt":"2021-10-12T13:01:24","guid":{"rendered":"https:\/\/www.lastrada-derweg.org\/?page_id=6748"},"modified":"2024-06-17T16:53:13","modified_gmt":"2024-06-17T14:53:13","slug":"progetto-v-i-t-e","status":"publish","type":"page","link":"https:\/\/www.lastrada-derweg.org\/?page_id=6748","title":{"rendered":"Progetto V.I.T.E."},"content":{"rendered":"<div class=\"wpb-content-wrapper\"><p>[vc_row][vc_column width=&#8221;1\/2&#8243;][vc_custom_heading text=&#8221;Dove siamo&#8221; use_theme_fonts=&#8221;yes&#8221;][vc_column_text css=&#8221;&#8221;]<strong>Progetto V.I.T.E.<\/strong><br \/>\nAssociazione \u201cLa Strada \u2013 Der Weg\u201d ONLUS<br \/>\nVia Visitazione 46 \u2013 39100 Bolzano<br \/>\nTel. 0471 203111<\/p>\n<p><a href=\"mailto:vite@lastrada-derweg.org\">vite@lastrada-derweg.org<\/a><\/p>\n<p>Coordinatore: <strong>Francesco Campana<\/strong> \u2013 335 6227946<\/p>\n<p>[\/vc_column_text][vc_custom_heading text=&#8221;Chi siamo&#8221; use_theme_fonts=&#8221;yes&#8221;][vc_column_text]L\u2019Associazione gestisce come capofila un progetto formativo finanziato dal F.S.E. dal titolo Viticulture Integration Training Empowerment[\/vc_column_text][\/vc_column][vc_column width=&#8221;1\/2&#8243;][vc_single_image image=&#8221;6750&#8243; img_size=&#8221;full&#8221;][\/vc_column][\/vc_row][vc_row][vc_column][vc_custom_heading text=&#8221;Cosa facciamo&#8221; use_theme_fonts=&#8221;yes&#8221;][vc_column_text]Il progetto V.I.T.E. Viticulture Integration Training Empowerment \u00e8 un percorso formativo, co-progettato con realt\u00e0 agricole del territorio, volto a rispondere al bisogno del contesto locale di incrementare la disponibilit\u00e0 di personale formato in ambito vitivinicolo.<\/p>\n<p>Si tratta di un percorso finalizzato a formare competenze tecnico &#8211; professionali e trasversali, sia a livello teorico che pratico, attraverso le varie fasi di produzione del vino (dalla potatura alla raccolta).<\/p>\n<p>[\/vc_column_text][\/vc_column][\/vc_row][vc_row][vc_column width=&#8221;1\/3&#8243;][vc_custom_heading text=&#8221;Per chi&#8221; use_theme_fonts=&#8221;yes&#8221;][vc_column_text]15 donne e uomini maggiorenni, immigrati, inoccupati[\/vc_column_text][\/vc_column][vc_column width=&#8221;1\/3&#8243;][vc_custom_heading text=&#8221;Perch\u00e9&#8221; use_theme_fonts=&#8221;yes&#8221;][vc_column_text]Il progetto intende essere innovativo e sperimentale poich\u00e9 punta su:<br \/>\n\u2022 Co-progettazione con il territorio<br \/>\n\u2022 Valorizzazione delle risorse locali<br \/>\n\u2022 Promozione dello sviluppo sostenibile<br \/>\n\u2022 Costruzione di una rete con enti profit e no profit<br \/>\n\u2022 Promozione dell\u2019inserimento lavorativo e dell\u2019inclusione sociale<\/p>\n<p>[\/vc_column_text][\/vc_column][vc_column width=&#8221;1\/3&#8243;][vc_custom_heading text=&#8221;Quando&#8221; use_theme_fonts=&#8221;yes&#8221;][vc_column_text]Aprile 2021 &#8211; Febbraio 2022[\/vc_column_text][\/vc_column][\/vc_row]<\/p>\n<\/div>","protected":false},"excerpt":{"rendered":"<p>[vc_row][vc_column width=&#8221;1\/2&#8243;][vc_custom_heading text=&#8221;Dove siamo&#8221; use_theme_fonts=&#8221;yes&#8221;][vc_column_text css=&#8221;&#8221;]Progetto V.I.T.E. Associazione \u201cLa Strada \u2013 Der Weg\u201d ONLUS Via Visitazione 46 \u2013 39100 Bolzano Tel. 0471 203111 vite@lastrada-derweg.org Coordinatore: Francesco Campana \u2013 335 6227946 [\/vc_column_text][vc_custom_heading text=&#8221;Chi siamo&#8221; use_theme_fonts=&#8221;yes&#8221;][vc_column_text]L\u2019Associazione gestisce come capofila un progetto formativo finanziato dal F.S.E. dal titolo Viticulture Integration Training Empowerment[\/vc_column_text][\/vc_column][vc_column width=&#8221;1\/2&#8243;][vc_single_image image=&#8221;6750&#8243; img_size=&#8221;full&#8221;][\/vc_column][\/vc_row][vc_row][vc_column][vc_custom_heading text=&#8221;Cosa facciamo&#8221; use_theme_fonts=&#8221;yes&#8221;][vc_column_text]Il&hellip;<\/p>\n","protected":false},"author":2,"featured_media":0,"parent":3229,"menu_order":0,"comment_status":"closed","ping_status":"closed","template":"","meta":{"footnotes":""},"class_list":["post-6748","page","type-page","status-publish","hentry","description-off"],"_links":{"self":[{"href":"https:\/\/www.lastrada-derweg.org\/index.php?rest_route=\/wp\/v2\/pages\/6748","targetHints":{"allow":["GET"]}}],"collection":[{"href":"https:\/\/www.lastrada-derweg.org\/index.php?rest_route=\/wp\/v2\/pages"}],"about":[{"href":"https:\/\/www.lastrada-derweg.org\/index.php?rest_route=\/wp\/v2\/types\/page"}],"author":[{"embeddable":true,"href":"https:\/\/www.lastrada-derweg.org\/index.php?rest_route=\/wp\/v2\/users\/2"}],"replies":[{"embeddable":true,"href":"https:\/\/www.lastrada-derweg.org\/index.php?rest_route=%2Fwp%2Fv2%2Fcomments&post=6748"}],"version-history":[{"count":4,"href":"https:\/\/www.lastrada-derweg.org\/index.php?rest_route=\/wp\/v2\/pages\/6748\/revisions"}],"predecessor-version":[{"id":10209,"href":"https:\/\/www.lastrada-derweg.org\/index.php?rest_route=\/wp\/v2\/pages\/6748\/revisions\/10209"}],"up":[{"embeddable":true,"href":"https:\/\/www.lastrada-derweg.org\/index.php?rest_route=\/wp\/v2\/pages\/3229"}],"wp:attachment":[{"href":"https:\/\/www.lastrada-derweg.org\/index.php?rest_route=%2Fwp%2Fv2%2Fmedia&parent=6748"}],"curies":[{"name":"wp","href":"https:\/\/api.w.org\/{rel}","templated":true}]}}