{"id":6759,"date":"2021-10-12T15:26:41","date_gmt":"2021-10-12T13:26:41","guid":{"rendered":"https:\/\/www.lastrada-derweg.org\/?page_id=6759"},"modified":"2024-06-17T16:54:06","modified_gmt":"2024-06-17T14:54:06","slug":"projekt-v-i-t-e","status":"publish","type":"page","link":"https:\/\/www.lastrada-derweg.org\/?page_id=6759&lang=de","title":{"rendered":"Projekt V.I.T.E."},"content":{"rendered":"<div class=\"wpb-content-wrapper\"><p>[vc_row][vc_column width=&#8221;1\/2&#8243;][vc_custom_heading text=&#8221;Wo&#8221; use_theme_fonts=&#8221;yes&#8221;][vc_column_text css=&#8221;&#8221;]\u201cLa Strada \u2013 Der Weg\u201d ONLUS<br \/>\nMariaheimweg 46 \u2013 39100 Bozen<br \/>\nTel. 0471 203111<\/p>\n<p><a href=\"mailto:vite@lastrada-derweg.org\">vite@lastrada-derweg.org<\/a><\/p>\n<p>Koordinator: <strong>Francesco Campana<\/strong> \u2013 335 6227946[\/vc_column_text][vc_custom_heading text=&#8221;Wer&#8221; use_theme_fonts=&#8221;yes&#8221;][vc_column_text]Der Verein leitet als federf\u00fchrender Partner ein vom E.S.F. finanziertes Ausbildungsprojekt mit dem Titel Viticulture Integration Training Empowerment.[\/vc_column_text][\/vc_column][vc_column width=&#8221;1\/2&#8243;][vc_single_image image=&#8221;6764&#8243; img_size=&#8221;full&#8221;][\/vc_column][\/vc_row][vc_row][vc_column][vc_custom_heading text=&#8221;Was&#8221; use_theme_fonts=&#8221;yes&#8221;][vc_column_text]Das Projekt V.I.T.E. Viticulture Integration Training Empowerment (Weinbau-Integrationstraining-Bef\u00e4higung) ist ein Schulungsprogramm, welches in Zusammenarbeit mit den lokalen landwirtschaftlichen Akteuren entwickelt wurde und darauf abzielt, den lokalen Bedarf an geschultem Personal f\u00fcr den Weinsektor zu erh\u00f6hen.<\/p>\n<p>Der Kurs zielt darauf ab, technische, fachliche und \u00fcbergreifende F\u00e4higkeiten sowohl auf theoretischer, als auch auf praktischer Ebene in den verschiedenen Phasen der Weinproduktion (vom Rebschnitt bis zur Weinlese) zu trainieren.<br \/>\n[\/vc_column_text][\/vc_column][\/vc_row][vc_row][vc_column width=&#8221;1\/3&#8243;][vc_custom_heading text=&#8221;F\u00fcr wen&#8221; use_theme_fonts=&#8221;yes&#8221;][vc_column_text]F\u00fcr 15 vollj\u00e4hrige M\u00e4nner und Frauen, Einwanderer und Einwanderinnen, Arbeitslose[\/vc_column_text][\/vc_column][vc_column width=&#8221;1\/3&#8243;][vc_custom_heading text=&#8221;Warum&#8221; use_theme_fonts=&#8221;yes&#8221;][vc_column_text]Das Projekt soll innovativ und experimentell sein, da es sich auf folgende Themen konzentriert:<\/p>\n<ul>\n<li>Co-Projektierung mit dem Territorium<\/li>\n<li>Valorisierung der lokalen Ressourcen<\/li>\n<li>F\u00f6rderung der nachhaltigen Entwicklung<\/li>\n<li>Aufbau eines Netzwerkes mit K\u00f6rperschaften mit und ohne Gewinnabsicht<\/li>\n<li>F\u00f6rderung der Arbeitseingliederung und der sozialen Inklusion<\/li>\n<\/ul>\n<p>[\/vc_column_text][\/vc_column][vc_column width=&#8221;1\/3&#8243;][vc_custom_heading text=&#8221;Wann&#8221; use_theme_fonts=&#8221;yes&#8221;][vc_column_text]April 2021 &#8211; Februar 2022[\/vc_column_text][\/vc_column][\/vc_row]<\/p>\n<\/div>","protected":false},"excerpt":{"rendered":"<p>[vc_row][vc_column width=&#8221;1\/2&#8243;][vc_custom_heading text=&#8221;Wo&#8221; use_theme_fonts=&#8221;yes&#8221;][vc_column_text css=&#8221;&#8221;]\u201cLa Strada \u2013 Der Weg\u201d ONLUS Mariaheimweg 46 \u2013 39100 Bozen Tel. 0471 203111 vite@lastrada-derweg.org Koordinator: Francesco Campana \u2013 335 6227946[\/vc_column_text][vc_custom_heading text=&#8221;Wer&#8221; use_theme_fonts=&#8221;yes&#8221;][vc_column_text]Der Verein leitet als federf\u00fchrender Partner ein vom E.S.F. finanziertes Ausbildungsprojekt mit dem Titel Viticulture Integration Training Empowerment.[\/vc_column_text][\/vc_column][vc_column width=&#8221;1\/2&#8243;][vc_single_image image=&#8221;6764&#8243; img_size=&#8221;full&#8221;][\/vc_column][\/vc_row][vc_row][vc_column][vc_custom_heading text=&#8221;Was&#8221; use_theme_fonts=&#8221;yes&#8221;][vc_column_text]Das Projekt V.I.T.E. Viticulture Integration Training Empowerment&hellip;<\/p>\n","protected":false},"author":2,"featured_media":0,"parent":3231,"menu_order":0,"comment_status":"closed","ping_status":"closed","template":"","meta":{"footnotes":""},"class_list":["post-6759","page","type-page","status-publish","hentry","description-off"],"_links":{"self":[{"href":"https:\/\/www.lastrada-derweg.org\/index.php?rest_route=\/wp\/v2\/pages\/6759","targetHints":{"allow":["GET"]}}],"collection":[{"href":"https:\/\/www.lastrada-derweg.org\/index.php?rest_route=\/wp\/v2\/pages"}],"about":[{"href":"https:\/\/www.lastrada-derweg.org\/index.php?rest_route=\/wp\/v2\/types\/page"}],"author":[{"embeddable":true,"href":"https:\/\/www.lastrada-derweg.org\/index.php?rest_route=\/wp\/v2\/users\/2"}],"replies":[{"embeddable":true,"href":"https:\/\/www.lastrada-derweg.org\/index.php?rest_route=%2Fwp%2Fv2%2Fcomments&post=6759"}],"version-history":[{"count":8,"href":"https:\/\/www.lastrada-derweg.org\/index.php?rest_route=\/wp\/v2\/pages\/6759\/revisions"}],"predecessor-version":[{"id":10210,"href":"https:\/\/www.lastrada-derweg.org\/index.php?rest_route=\/wp\/v2\/pages\/6759\/revisions\/10210"}],"up":[{"embeddable":true,"href":"https:\/\/www.lastrada-derweg.org\/index.php?rest_route=\/wp\/v2\/pages\/3231"}],"wp:attachment":[{"href":"https:\/\/www.lastrada-derweg.org\/index.php?rest_route=%2Fwp%2Fv2%2Fmedia&parent=6759"}],"curies":[{"name":"wp","href":"https:\/\/api.w.org\/{rel}","templated":true}]}}