{"id":6851,"date":"2021-10-19T12:35:09","date_gmt":"2021-10-19T10:35:09","guid":{"rendered":"https:\/\/www.lastrada-derweg.org\/?page_id=6851"},"modified":"2021-11-27T11:28:27","modified_gmt":"2021-11-27T10:28:27","slug":"vorstellung","status":"publish","type":"page","link":"https:\/\/www.lastrada-derweg.org\/?page_id=6851&lang=de","title":{"rendered":"Vorstellung der Forschungst\u00e4tigkeit \u00fcber den sozialen R\u00fcckzug"},"content":{"rendered":"<div class=\"wpb-content-wrapper\"><p>[vc_row][vc_column width=&#8221;1\/2&#8243;][vc_column_text]<\/p>\n<h1 style=\"text-align: center;\">Vorstellung der Forschungst\u00e4tigkeit \u00fcber den sozialen R\u00fcckzug unter den Jugendlichen in S\u00fcdtirol<\/h1>\n<h4 style=\"text-align: center;\">03-12-2021<\/h4>\n<h4 style=\"text-align: center;\">\u00a009.00 Uhr &#8211; 11.30 Uhr<\/h4>\n<h4 style=\"text-align: center;\"><\/h4>\n<p>[\/vc_column_text][vc_column_text css=&#8221;.vc_custom_1638008690979{padding-top: 50px !important;}&#8221;]<\/p>\n<p style=\"text-align: center;\">Die Pr\u00e4sentation findet im Online-Modus statt.<\/p>\n<p style=\"text-align: center;\">Um teilzunehmen, schreiben Sie bitte an <a href=\"mailto:ricercaritirosociale@lastrada-derweg.org\"><u>ricercaritirosociale@lastrada-derweg.org<\/u><\/a><\/p>\n<p style=\"text-align: center;\">und geben Sie Ihren Namen, Vornamen, Beruf und die Institution an.<\/p>\n<p style=\"text-align: center;\">Sie erhalten dann den Link zur Verbindung mit der ZOOM-Plattform.<\/p>\n<p style=\"text-align: center;\">Die Teilnahme ist kostenlos.<\/p>\n<p style=\"text-align: center;\">Die Einschreibungen sind bis zum 01-12-2021 m\u00f6glich.<\/p>\n<p style=\"text-align: center;\">Die Referenten und Referentinnen werden in ihrer Muttersprache sprechen (eine Simultan\u00fcbersetzung wird nicht angeboten).<\/p>\n<h4 style=\"text-align: center;\"><a href=\"https:\/\/www.lastrada-derweg.org\/wp-content\/uploads\/2021\/11\/flyer-Der-soziale-Ruckzug-bei-Jugendlichen-_-Programm___.pdf\"><span style=\"color: #ff0000;\">Laden Sie hier den Flyer mit dem detallierten Programm herunter<\/span><\/a><\/h4>\n<p>[\/vc_column_text][\/vc_column][vc_column width=&#8221;1\/2&#8243;][vc_single_image image=&#8221;6919&#8243; img_size=&#8221;full&#8221;][\/vc_column][\/vc_row]<\/p>\n<\/div>","protected":false},"excerpt":{"rendered":"<p>[vc_row][vc_column width=&#8221;1\/2&#8243;][vc_column_text] Vorstellung der Forschungst\u00e4tigkeit \u00fcber den sozialen R\u00fcckzug unter den Jugendlichen in S\u00fcdtirol 03-12-2021 \u00a009.00 Uhr &#8211; 11.30 Uhr [\/vc_column_text][vc_column_text css=&#8221;.vc_custom_1638008690979{padding-top: 50px !important;}&#8221;] Die Pr\u00e4sentation findet im Online-Modus statt. Um teilzunehmen, schreiben Sie bitte an ricercaritirosociale@lastrada-derweg.org und geben Sie Ihren Namen, Vornamen, Beruf und die Institution an. Sie erhalten dann den Link zur Verbindung&hellip;<\/p>\n","protected":false},"author":2,"featured_media":0,"parent":1391,"menu_order":0,"comment_status":"closed","ping_status":"closed","template":"","meta":{"footnotes":""},"class_list":["post-6851","page","type-page","status-publish","hentry","description-off"],"_links":{"self":[{"href":"https:\/\/www.lastrada-derweg.org\/index.php?rest_route=\/wp\/v2\/pages\/6851","targetHints":{"allow":["GET"]}}],"collection":[{"href":"https:\/\/www.lastrada-derweg.org\/index.php?rest_route=\/wp\/v2\/pages"}],"about":[{"href":"https:\/\/www.lastrada-derweg.org\/index.php?rest_route=\/wp\/v2\/types\/page"}],"author":[{"embeddable":true,"href":"https:\/\/www.lastrada-derweg.org\/index.php?rest_route=\/wp\/v2\/users\/2"}],"replies":[{"embeddable":true,"href":"https:\/\/www.lastrada-derweg.org\/index.php?rest_route=%2Fwp%2Fv2%2Fcomments&post=6851"}],"version-history":[{"count":11,"href":"https:\/\/www.lastrada-derweg.org\/index.php?rest_route=\/wp\/v2\/pages\/6851\/revisions"}],"predecessor-version":[{"id":6920,"href":"https:\/\/www.lastrada-derweg.org\/index.php?rest_route=\/wp\/v2\/pages\/6851\/revisions\/6920"}],"up":[{"embeddable":true,"href":"https:\/\/www.lastrada-derweg.org\/index.php?rest_route=\/wp\/v2\/pages\/1391"}],"wp:attachment":[{"href":"https:\/\/www.lastrada-derweg.org\/index.php?rest_route=%2Fwp%2Fv2%2Fmedia&parent=6851"}],"curies":[{"name":"wp","href":"https:\/\/api.w.org\/{rel}","templated":true}]}}