{"id":7180,"date":"2022-03-09T17:43:39","date_gmt":"2022-03-09T16:43:39","guid":{"rendered":"https:\/\/www.lastrada-derweg.org\/?page_id=7180"},"modified":"2023-03-05T22:36:28","modified_gmt":"2023-03-05T21:36:28","slug":"meeting-animare-beeselen-2022","status":"publish","type":"page","link":"https:\/\/www.lastrada-derweg.org\/?page_id=7180&lang=de","title":{"rendered":"Meeting ANIMARE &#8211; BEESELEN 2022_Jugendliche im Mittelpunkt. In welche Richtung gehen wir?"},"content":{"rendered":"<div class=\"wpb-content-wrapper\"><p>[vc_row][vc_column width=&#8221;1\/2&#8243;][vc_custom_heading text=&#8221;Es sind noch Pl\u00e4tze frei.<br \/>\nAnmeldefrist verl\u00e4ngert bis Freitag, 1. April.&#8221; font_container=&#8221;tag:h3|text_align:left|color:%23dd3333&#8243; use_theme_fonts=&#8221;yes&#8221;][vc_separator][vc_column_text]<\/p>\n<h1 style=\"text-align: center;\"><strong>Jugendliche im Mittelpunkt.<br \/>\nin welche Richtung<br \/>\ngehen wir?<\/strong><\/h1>\n<h1 style=\"text-align: center;\"><\/h1>\n<p>Im Jahre 1990 er\u00f6ffnete der Verein &#8220;La Strada-Der Weg&#8221; eines der ersten Jugendzentren der Stadt Bozen namens &#8220;Charlie Brown&#8221;. Es wurden erstmals neue Formen der Jugendarbeit entwickelt mit dem Ziel, die Jugendlichen in ihrer Entwicklung und Identit\u00e4tsfindung zu begleiten. Diese Erfahrung hat Wurzeln bekommen, sich ausgebreitet und konsolidiert. In diesen Jahrzehnten haben die soziale Realit\u00e4t und die Jugend gewisse Eigenschaften der Kontinuit\u00e4t beibehalten, sich aber gleichzeitig deutlich ver\u00e4ndert. Gemeinsam mit lokalen Vereinen, Einrichtungen und Institutionen werden wir \u00fcber die aktuelle Situation diskutieren, erfolgreiche Praktiken gegen\u00fcberstellen, neueste Tendenzen aufdecken und neue reale und virtuelle M\u00f6glichkeiten f\u00fcr Innovation und Erneuerung entwerfen.<br \/>\nDas Europ\u00e4ische Parlament erkl\u00e4rt das Jahr 2022 zum Jahr der Jugend und ersucht alle um Mithilfe und Unterst\u00fctzung der jungen Generation bei der Bew\u00e4ltigung der Folgen der Pandemie.[\/vc_column_text][vc_column_text css=&#8221;.vc_custom_1678050614215{padding-top: 50px !important;}&#8221;]<\/p>\n<h3><strong>Einschreibemodalit\u00e4ten:<\/strong><\/h3>\n<p>Laden Sie bitte <a href=\"https:\/\/www.lastrada-derweg.org\/wp-content\/uploads\/2022\/03\/modulo-iscrizione-Meeting-Animare-Beseelen-2022-Einschreibeformular-Meeting-Animare-Beseelen-2022.doc\"><strong>hier<\/strong><\/a> das Einschreibeformular\u00a0 im Word Format oder <a href=\"https:\/\/www.lastrada-derweg.org\/wp-content\/uploads\/2022\/03\/modulo-iscrizione-Meeting-Animare-Beseelen-2022-Einschreibeformular-Meeting-Animare-Beseelen-2022.pdf\"><strong>hier <\/strong><\/a>im Pdf Format herunter und senden Sie es an: <a href=\"mailto:meeting@lastrada-derweg.org\">meeting@lastrada-derweg.org<\/a><\/p>\n<p>Man kann sich an den einzelnen Tagen eischreiben. Einschreibetermin: 30.03.2022<\/p>\n<p>Cme-Punkte (f\u00fcr die Berufsbilder des Sanit\u00e4tswesens) und Ecs-Punkte (f\u00fcr die SozialassistentInnen) werden vergeben.<\/p>\n<p>Die Simultan\u00fcbersetzung ist nicht vorgesehen. Jeder referent wird in der eigenen Mutersprache sprechen.<\/p>\n<p>Laden Sie <a href=\"https:\/\/www.lastrada-derweg.org\/wp-content\/uploads\/2022\/04\/Programm-Meeting-2022_.pdf\"><strong>hie<\/strong><strong>r<\/strong><\/a> den Flyer mit dem detallierten Programm und den technischen Daten herunter<\/p>\n<p>Laden Sie hier die Akten der Tagung herunter (erst in den Tagen nach dem Meeting verf\u00fcgbar)[\/vc_column_text][\/vc_column][vc_column width=&#8221;1\/2&#8243;][vc_single_image image=&#8221;7232&#8243; img_size=&#8221;full&#8221;][vc_column_text]<\/p>\n<h3>&#8220;Tag der offenen T\u00fcr&#8221; in den Jugendzentren<\/h3>\n<p><span class=\"fontstyle0\"><strong>Wann: <\/strong>06-04-2022<strong>_<\/strong>14.30 Uhr &#8211; 22.30 Uhr<\/span><\/p>\n<p>Wir empfehlen, die einzelnen Jugendzentren zu kontaktieren, um die spezifischen \u00d6ffnungszeiten zu erfahren<\/p>\n<p><span class=\"fontstyle0\"><br \/>\n<\/span><strong><span class=\"fontstyle2\"><a href=\"https:\/\/www.upad.it\/beyoung\/\">BEYOUNG-UPAD<\/a>\u00a0 \u00a0 \u00a0 \u00a0 \u00a0 \u00a0 \u00a0 \u00a0 \u00a0 \u00a0 \u00a0 \u00a0 \u00a0 \u00a0 <\/span><\/strong><span class=\"fontstyle0\">14.30 &#8211; 21. 00 <\/span><span class=\"fontstyle2\">Studio per twitch <\/span><span class=\"fontstyle0\">&#8211; <\/span><span class=\"JsGRdQ\">eine Non-Stop-Sendung mit verschiedenen Aktivit\u00e4ten. Jeder <\/span><span class=\"JsGRdQ\">kann sich als Leiter oder Gast an diesem Tag versuchen<\/span><\/p>\n<p><span class=\"fontstyle2\"><a href=\"https:\/\/www.lastrada-derweg.org\/?page_id=1758&amp;lang=de\"><strong>COOLtour<\/strong> \u00a0<\/a>\u00a0 \u00a0 \u00a0 \u00a0 \u00a0 \u00a0 \u00a0 \u00a0 \u00a0 \u00a0 \u00a0 \u00a0 \u00a0 \u00a0 \u00a0 \u00a0 \u00a0 \u00a0 \u00a0 18.00 &#8211; 20.00 Comics-Werkstatt<br \/>\n<\/span><\/p>\n<p><span class=\"fontstyle2\"><strong><a href=\"https:\/\/www.lastrada-derweg.org\/?page_id=1701&amp;lang=de\">Villa delle Rose<\/a><\/strong>\u00a0 \u00a0 \u00a0 \u00a0 \u00a0 \u00a0 \u00a0 \u00a0 \u00a0 \u00a0 \u00a0 \u00a0 \u00a0 \u00a0 \u00a0 \u00a015.00 &#8211; 18.00 Rollenspiele und Konzert<br \/>\n<\/span><\/p>\n<p><span class=\"fontstyle2\"><a href=\"https:\/\/www.musicablu.it\/bluspace\/\"><strong>Bluspace<\/strong>\u00a0<\/a>\u00a0 \u00a0 \u00a0 \u00a0 \u00a0 \u00a0 \u00a0 \u00a0 \u00a0 \u00a0 \u00a0 \u00a0 \u00a0 \u00a0 \u00a0 \u00a0 \u00a0 \u00a0 \u00a0 \u00a0 Radiosendung mit jungen Djs<br \/>\n<\/span><\/p>\n<p><span class=\"fontstyle2\"><a href=\"https:\/\/www.vintola18.it\/\"><strong>Vintola 18<\/strong><\/a>\u00a0 \u00a0 \u00a0 \u00a0 \u00a0 \u00a0 \u00a0 \u00a0 \u00a0 \u00a0 \u00a0 \u00a0 \u00a0 \u00a0 \u00a0 \u00a0 \u00a0 \u00a0 \u00a0 \u00a0 \u00a0ordentliche T\u00e4tigkeit<br \/>\n<\/span><\/p>\n<p><span class=\"fontstyle2\"><a href=\"https:\/\/www.centrogiovanilepierinovaler.it\/\"><strong>Pierino Valer<\/strong>\u00a0<\/a> \u00a0 \u00a0 \u00a0 \u00a0 \u00a0 \u00a0 \u00a0 \u00a0 \u00a0 \u00a0 \u00a0 \u00a0 \u00a0 \u00a0 \u00a0 \u00a0 \u00a0 Spiele im Freien<br \/>\n<\/span><\/p>\n<p><span class=\"fontstyle2\"><a href=\"https:\/\/www.crushsite.it\/it\/incontri\/corto-circuito-youngculture.html\"><strong>Teatro Cristallo Young<\/strong>\u00a0<\/a>\u00a0 \u00a0 \u00a0 \u00a0 \u00a0 \u00a0 \u00a0 \u00a0 \u00a0 \u00a0ordentliche T\u00e4tigkeit<br \/>\n<\/span><\/p>\n<p><span class=\"fontstyle2\"><a href=\"https:\/\/www.lastrada-derweg.org\/?page_id=1706&amp;lang=de\"><strong>Tilt<\/strong> (Sinigo)<\/a>\u00a0 \u00a0 \u00a0 \u00a0 \u00a0 \u00a0 \u00a0 \u00a0 \u00a0 \u00a0 \u00a0 \u00a0 \u00a0 \u00a0 \u00a0 \u00a0 \u00a0 \u00a0 \u00a0 \u00a014.00 &#8211; 20.00 Spiele<br \/>\n<\/span><\/p>\n<p><span class=\"fontstyle2\"><a href=\"https:\/\/www.centrodonbosco.it\/it\/giovani\/\"><strong>Centro don Bosco<\/strong> (Laives)<\/a>\u00a0 \u00a0 \u00a0 \u00a0 \u00a0 \u00a0 ordentliche T\u00e4tigkeit<br \/>\n<\/span><\/p>\n<p><span class=\"fontstyle2\"><strong><a href=\"https:\/\/www.gruppogiovanisalorno.com\/\">Gruppo Giovani Salorno\u00a0<\/a> \u00a0 \u00a0 \u00a0 \u00a0 \u00a0 \u00a0 \u00a0 <\/strong><\/span><span class=\"fontstyle0\">14.00 &#8211; 18.30 <span class=\"fontstyle2\">ordentliche T\u00e4tigkeit<\/span><\/span><span class=\"fontstyle2\"><br \/>\n<\/span><\/p>\n<p><span class=\"fontstyle2\"><a href=\"https:\/\/officinevispa.com\/\"><strong>Officine Vispa<\/strong><\/a>\u00a0 \u00a0 \u00a0 \u00a0 \u00a0 \u00a0 \u00a0 \u00a0 \u00a0 \u00a0 \u00a0 \u00a0 \u00a0 \u00a0 \u00a0 \u00a0 \u00a0 15.00 &#8211; 19.00 <\/span><span class=\"JsGRdQ\">Vorstellung der &#8220;Schoolswap-Werkstatt&#8221; und anderer Projekte;<\/span><span class=\"JsGRdQ\">Treffen mit John Mpaliza, <\/span><span class=\"JsGRdQ\">&#8220;Geher f\u00fcr den Frieden und Gr\u00fcnder des Raupenmarsches<\/span>[\/vc_column_text][\/vc_column][\/vc_row]<\/p>\n<\/div>","protected":false},"excerpt":{"rendered":"<p>[vc_row][vc_column width=&#8221;1\/2&#8243;][vc_custom_heading text=&#8221;Es sind noch Pl\u00e4tze frei. Anmeldefrist verl\u00e4ngert bis Freitag, 1. April.&#8221; font_container=&#8221;tag:h3|text_align:left|color:%23dd3333&#8243; use_theme_fonts=&#8221;yes&#8221;][vc_separator][vc_column_text] Jugendliche im Mittelpunkt. in welche Richtung gehen wir? Im Jahre 1990 er\u00f6ffnete der Verein &#8220;La Strada-Der Weg&#8221; eines der ersten Jugendzentren der Stadt Bozen namens &#8220;Charlie Brown&#8221;. Es wurden erstmals neue Formen der Jugendarbeit entwickelt mit dem Ziel, die Jugendlichen&hellip;<\/p>\n","protected":false},"author":2,"featured_media":0,"parent":0,"menu_order":0,"comment_status":"closed","ping_status":"closed","template":"","meta":{"footnotes":""},"class_list":["post-7180","page","type-page","status-publish","hentry","description-off"],"_links":{"self":[{"href":"https:\/\/www.lastrada-derweg.org\/index.php?rest_route=\/wp\/v2\/pages\/7180","targetHints":{"allow":["GET"]}}],"collection":[{"href":"https:\/\/www.lastrada-derweg.org\/index.php?rest_route=\/wp\/v2\/pages"}],"about":[{"href":"https:\/\/www.lastrada-derweg.org\/index.php?rest_route=\/wp\/v2\/types\/page"}],"author":[{"embeddable":true,"href":"https:\/\/www.lastrada-derweg.org\/index.php?rest_route=\/wp\/v2\/users\/2"}],"replies":[{"embeddable":true,"href":"https:\/\/www.lastrada-derweg.org\/index.php?rest_route=%2Fwp%2Fv2%2Fcomments&post=7180"}],"version-history":[{"count":27,"href":"https:\/\/www.lastrada-derweg.org\/index.php?rest_route=\/wp\/v2\/pages\/7180\/revisions"}],"predecessor-version":[{"id":8219,"href":"https:\/\/www.lastrada-derweg.org\/index.php?rest_route=\/wp\/v2\/pages\/7180\/revisions\/8219"}],"wp:attachment":[{"href":"https:\/\/www.lastrada-derweg.org\/index.php?rest_route=%2Fwp%2Fv2%2Fmedia&parent=7180"}],"curies":[{"name":"wp","href":"https:\/\/api.w.org\/{rel}","templated":true}]}}