{"id":7590,"date":"2022-07-01T13:42:32","date_gmt":"2022-07-01T11:42:32","guid":{"rendered":"https:\/\/www.lastrada-derweg.org\/?page_id=7590"},"modified":"2023-06-14T12:28:53","modified_gmt":"2023-06-14T10:28:53","slug":"go-housing","status":"publish","type":"page","link":"https:\/\/www.lastrada-derweg.org\/?page_id=7590","title":{"rendered":"Go Housing"},"content":{"rendered":"<div class=\"wpb-content-wrapper\"><p>[vc_row][vc_column width=&#8221;1\/2&#8243;][vc_custom_heading text=&#8221;Chi siamo&#8221; use_theme_fonts=&#8221;yes&#8221;][vc_column_text]Il progetto Go Housing promuove l\u2019innovazione sociale nel campo dell\u2019autonomia abitativa delle persone migranti in Provincia di Bolzano. Il progetto incentiva l\u2019inclusione sociale attraverso attivit\u00e0 di consulenza e assistenza individuali e\/o di gruppo finalizzate all\u2019inserimento socio-abitativo. Le attivit\u00e0 si realizzeranno sia attraverso lo sportello di primo orientamento sia nell\u2019accompagnamento abitativo posto ai diversi livelli del sistema di accoglienza dei partner privati e pubblici di progetto. Innovativit\u00e0 e radicamento dell&#8217;azione sono garantite dal partenariato, composto da La Strada-Der Weg, Caritas Diocesi Bolzano-Bressanone e Eurac Research, con il sostegno e la partecipazione di Comune di Bolzano e Istituto per l\u2019edilizia sociale (IPES) e dal solido sistema di monitoraggio e valutazione[\/vc_column_text][vc_custom_heading text=&#8221;Dove siamo&#8221; use_theme_fonts=&#8221;yes&#8221;][vc_column_text]<strong>Sportello Casa Roma100<\/strong><br \/>\nVia Roma 100\/A &#8211; Bolzano<br \/>\nMail <a href=\"mailto:go-housing@lastrada-derweg.org\">go-housing@lastrada-derweg.org<\/a>[\/vc_column_text][\/vc_column][vc_column width=&#8221;1\/2&#8243;][vc_single_image image=&#8221;7593&#8243; img_size=&#8221;full&#8221;][\/vc_column][\/vc_row][vc_row][vc_column][vc_custom_heading text=&#8221;Cosa facciamo&#8221; use_theme_fonts=&#8221;yes&#8221;][vc_column_text]<\/p>\n<ol>\n<li style=\"list-style-type: none;\">I servizi del progetto Go Housing sono posti su due livelli:<br \/>\n1. \u201cPrima accoglienza\u201d e valutazione multidimensionale delle condizioni di svantaggio socio-abitativo, che si realizza attraverso colloqui individualizzati;<br \/>\n2. Interventi di \u201cConsulenza e assistenza\u201d declinata in:<\/li>\n<li style=\"list-style-type: none;\">a. informazione e orientamento all\u2019abitare per la ricerca di soluzione abitative in rete con i servizi territoriali attraverso il sostegno individualizzato e uno sportello unico dedicato<br \/>\n(sportello Go Housing);<br \/>\nb. training abitativo e sostegno all\u2019abitare tramite: interventi di affiancamento, mediazione, facilitazione dei processi di abitare, sia in condivisione presso strutture di accoglienza dei partner (Casa Albergo IPES) sia in appartamenti di alta-autonomia dei partner privati per favorire l\u2019autonomia abitativa;<br \/>\nc. consulenza generica per la risoluzione di problematiche afferenti alle condizioni di svantaggio legate al background migratorio (salute, tutela legale, prevenzione, adempimenti amministrativi, ecc.);<br \/>\nd.attivit\u00e0 di animazione e inclusione sociale per migliorare la qualit\u00e0 della vita e l&#8217;integrazione dei destinatari nel tessuto sociale locale attraverso interventi di socializzazione (sport, intrattenimento, cultura&#8230;);<br \/>\n3. monitoraggio e valutazione dell\u2019intervento complessivo per una misurazione degli effettivi risultati conseguiti in chiave di innovazione sociale.<\/li>\n<li style=\"list-style-type: none;\">\n<h3><a href=\"https:\/\/www.lastrada-derweg.org\/wp-content\/uploads\/2023\/06\/Go-housing_web-IT.pdf\">Scarica qui &#8220;<span style=\"font-weight: 400;\">\ud835\ude50\ud835\ude63 \ud835\ude3c\ud835\ude57\ud835\ude5e\ud835\ude69\ud835\ude56\ud835\ude67\ud835\ude5a \ud835\ude65\ud835\ude64\ud835\ude68\ud835\ude68\ud835\ude5e\ud835\ude57\ud835\ude5e\ud835\ude61\ud835\ude5a&#8221;. \ud835\ude42\ud835\ude6a\ud835\ude5e\ud835\ude59\ud835\ude56 \ud835\ude65\ud835\ude67\ud835\ude56\ud835\ude69\ud835\ude5e\ud835\ude58\ud835\ude56 \ud835\ude59\ud835\ude5a\ud835\ude61 \ud835\ude65\ud835\ude67\ud835\ude64\ud835\ude5c\ud835\ude5a\ud835\ude69\ud835\ude69\ud835\ude64 \ud835\ude42\ud835\ude64 \ud835\ude43\ud835\ude64\ud835\ude6a\ud835\ude68\ud835\ude5e\ud835\ude63\ud835\ude5c<\/span><\/a><\/h3>\n<\/li>\n<\/ol>\n<p>[\/vc_column_text][\/vc_column][\/vc_row][vc_row][vc_column width=&#8221;1\/3&#8243;][vc_custom_heading text=&#8221;Per chi&#8221; use_theme_fonts=&#8221;yes&#8221;][vc_column_text]<\/p>\n<p align=\"JUSTIFY\">Donne e uomini migranti (compreso il richiedente asilo): persona cittadina di un paese terzo o apolide che entra (o \u00e8 gi\u00e0) in uno degli Stati dell\u2019UE e vi risiede legalmente, maggiorenni, residenti in Provincia di Bolzano, che si trovano nelle seguenti situazioni:<\/p>\n<p align=\"JUSTIFY\">1) a rischio e\/o stato di esclusione dovuto a insicurezza e difficolt\u00e0 abitativa, anche senza dimora, di singoli e nuclei familiari<br \/>\n2) a rischio e\/o condizione di precariet\u00e0 alloggiativa e\/o emarginazione<br \/>\n3) Accolte nel sistema dei servizi territoriali (pubblici e privati) con difficolt\u00e0 di inclusione sociale e vulnerabilit\u00e0.<\/p>\n<p>[\/vc_column_text][\/vc_column][vc_column width=&#8221;1\/3&#8243;][vc_custom_heading text=&#8221;Perch\u00e9&#8221; use_theme_fonts=&#8221;yes&#8221;][vc_column_text]Obiettivo generale di Go Housing \u00e8 concorrere alla riduzione delle condizioni di povert\u00e0 ed esclusione sociale della popolazione migrante che vive in situazioni di esclusione e\/o insicurezza abitativa in Provincia di Bolzano.[\/vc_column_text][\/vc_column][vc_column width=&#8221;1\/3&#8243;][vc_custom_heading text=&#8221;Quando&#8221; use_theme_fonts=&#8221;yes&#8221;][vc_column_text]Luglio 2022-Agosto 2023[\/vc_column_text][\/vc_column][\/vc_row][vc_row][vc_column][vc_single_image image=&#8221;5350&#8243; img_size=&#8221;full&#8221;][\/vc_column][\/vc_row][vc_row][vc_column width=&#8221;1\/3&#8243;][vc_single_image image=&#8221;7377&#8243; img_size=&#8221;medium&#8221; alignment=&#8221;center&#8221;][\/vc_column][vc_column width=&#8221;1\/3&#8243;][vc_single_image image=&#8221;7604&#8243; img_size=&#8221;210&#215;100&#8243; alignment=&#8221;center&#8221;][\/vc_column][vc_column width=&#8221;1\/3&#8243;][vc_single_image image=&#8221;7605&#8243; img_size=&#8221;full&#8221; alignment=&#8221;center&#8221;][\/vc_column][\/vc_row][vc_row][vc_column][vc_column_text]Go Housing promuove l\u2019innovazione sociale nel campo dell\u2019autonomia abitativa delle persone migranti in Provincia di Bolzano. Il progetto incentiva l\u2019inclusione sociale attraverso attivit\u00e0 di consulenza e assistenza individuali e\/o di gruppo finalizzate all\u2019inserimento socio-abitativo. Le attivit\u00e0 si realizzeranno sia attraverso lo sportello di primo orientamento sia nell\u2019accompagnamento abitativo posto ai diversi livelli del sistema di accoglienza dei partner privati e pubblici di progetto. Innovativit\u00e0 e radicamento dell&#8217;azione sono garantite dal partenariato, composto da La Strada-Der Weg, Caritas Diocesi Bolzano-Bressanone e Eurac Research, con il sostegno e la partecipazione di Comune di Bolzano e Istituto per l\u2019edilizia sociale (IPES) e dal solido sistema di monitoraggio e valutazione.<br \/>\nPer informazioni: <a href=\"mailto:go-housing@lastrada-derweg.org\">go-housing@lastrada-derweg.org<\/a><\/p>\n<p>[\/vc_column_text][\/vc_column][\/vc_row][vc_row][vc_column][vc_column_text]Clicca <a href=\"https:\/\/www.lastrada-derweg.org\/wp-content\/uploads\/2022\/07\/Informativa-Informationsschrift_Go-housing_.pdf\">qui<\/a> per leggere l&#8217;informativa sul progetto <strong>Go housing<\/strong>[\/vc_column_text][\/vc_column][\/vc_row]<\/p>\n<\/div>","protected":false},"excerpt":{"rendered":"<p>[vc_row][vc_column width=&#8221;1\/2&#8243;][vc_custom_heading text=&#8221;Chi siamo&#8221; use_theme_fonts=&#8221;yes&#8221;][vc_column_text]Il progetto Go Housing promuove l\u2019innovazione sociale nel campo dell\u2019autonomia abitativa delle persone migranti in Provincia di Bolzano. Il progetto incentiva l\u2019inclusione sociale attraverso attivit\u00e0 di consulenza e assistenza individuali e\/o di gruppo finalizzate all\u2019inserimento socio-abitativo. Le attivit\u00e0 si realizzeranno sia attraverso lo sportello di primo orientamento sia nell\u2019accompagnamento abitativo posto&hellip;<\/p>\n","protected":false},"author":2,"featured_media":0,"parent":3229,"menu_order":0,"comment_status":"closed","ping_status":"closed","template":"","meta":{"footnotes":""},"class_list":["post-7590","page","type-page","status-publish","hentry","description-off"],"_links":{"self":[{"href":"https:\/\/www.lastrada-derweg.org\/index.php?rest_route=\/wp\/v2\/pages\/7590","targetHints":{"allow":["GET"]}}],"collection":[{"href":"https:\/\/www.lastrada-derweg.org\/index.php?rest_route=\/wp\/v2\/pages"}],"about":[{"href":"https:\/\/www.lastrada-derweg.org\/index.php?rest_route=\/wp\/v2\/types\/page"}],"author":[{"embeddable":true,"href":"https:\/\/www.lastrada-derweg.org\/index.php?rest_route=\/wp\/v2\/users\/2"}],"replies":[{"embeddable":true,"href":"https:\/\/www.lastrada-derweg.org\/index.php?rest_route=%2Fwp%2Fv2%2Fcomments&post=7590"}],"version-history":[{"count":27,"href":"https:\/\/www.lastrada-derweg.org\/index.php?rest_route=\/wp\/v2\/pages\/7590\/revisions"}],"predecessor-version":[{"id":8489,"href":"https:\/\/www.lastrada-derweg.org\/index.php?rest_route=\/wp\/v2\/pages\/7590\/revisions\/8489"}],"up":[{"embeddable":true,"href":"https:\/\/www.lastrada-derweg.org\/index.php?rest_route=\/wp\/v2\/pages\/3229"}],"wp:attachment":[{"href":"https:\/\/www.lastrada-derweg.org\/index.php?rest_route=%2Fwp%2Fv2%2Fmedia&parent=7590"}],"curies":[{"name":"wp","href":"https:\/\/api.w.org\/{rel}","templated":true}]}}