{"id":7784,"date":"2022-08-10T11:23:51","date_gmt":"2022-08-10T09:23:51","guid":{"rendered":"https:\/\/www.lastrada-derweg.org\/?page_id=7784"},"modified":"2025-04-17T10:15:39","modified_gmt":"2025-04-17T08:15:39","slug":"hanto-acca-nto","status":"publish","type":"page","link":"https:\/\/www.lastrada-derweg.org\/?page_id=7784&lang=de","title":{"rendered":"HNTO &#8211; Acca NTO"},"content":{"rendered":"<div class=\"wpb-content-wrapper\"><p>[vc_row][vc_column width=&#8221;1\/2&#8243;][vc_custom_heading text=&#8221;Wo&#8221; use_theme_fonts=&#8221;yes&#8221;][vc_column_text css=&#8221;&#8221;]HNTO &#8211; Acca NTO<br \/>\nParmastra\u00dfe 26\/B<br \/>\n39100Bozen<\/p>\n<p><a href=\"mailto:hnto@lastrada-derweg.org\">hnto@lastrada-derweg.org<\/a><\/p>\n<p>Koordinatorin: <strong>Veronica Mattarei<\/strong> &#8211; 331 6853179[\/vc_column_text][vc_custom_heading text=&#8221;Wer&#8221; use_theme_fonts=&#8221;yes&#8221;][vc_column_text]Wir sind ein multidisziplin\u00e4res Team bestehend aus Erzieher\/innen, Sozialassistent\/innen und Sozialbetreuer\/innen.[\/vc_column_text][\/vc_column][vc_column width=&#8221;1\/2&#8243;][vc_single_image image=&#8221;7724&#8243; img_size=&#8221;600&#215;400&#8243;][\/vc_column][\/vc_row][vc_row][vc_column][vc_custom_heading text=&#8221;Was&#8221; use_theme_fonts=&#8221;yes&#8221;][vc_column_text]Im Mittelpunkt des Projekts steht der Grundgedanke, dass Gesundheit, Wohnung und Arbeit die Grundpfeiler f\u00fcr das menschliche Wohlbefinden sind.<\/p>\n<p>Das Projekt wird mit Hilfe des BSB (Betrieb f\u00fcr Sozialdienste Bozen) und der Caritas realisiert und ist in drei Stufen unterteilt:<\/p>\n<p>&nbsp;<\/p>\n<p><strong>WP1 &#8211; Erkennen der F\u00e4higkeiten<\/strong><\/p>\n<p>Alle drei Organisationen arbeiten gemeinsam bei der Erstellung von Kompetenzbilanzen, um pers\u00f6nliche Ressourcen und Kompetenzen der Zielgruppe zu ermitteln, wiederzugewinnen und aufzuwerten. Sie versuchen bei den Betroffenen die Motivation f\u00fcr pers\u00f6nliche Ver\u00e4nderung zu erh\u00f6hen, ihr Selbstwertgef\u00fchl zu f\u00f6rdern und bei der \u00dcberwindung von \u00c4ngsten und Schamgef\u00fchlen behilflich zu sein. Den Hilfesuchenden wird versucht ein realistisches Selbstbild zu vermitteln, damit sie sich daraufhin realisierbare und nachhaltige Ziele setzen k\u00f6nnen.<\/p>\n<p>&nbsp;<\/p>\n<p><strong>WP2<\/strong><strong> \u2013 Wohnen in der Gemeinschaft<br \/>\n<\/strong>Dieser Bereich wird von der Caritas geleitet, die sich um folgende Aufgaben k\u00fcmmert:<\/p>\n<p>-Unterst\u00fctzung bei der Suche nach geeignetem Wohnraum durch eine \u00a0spezielle zentrale Anlaufstelle<br \/>\n-Begleitung vor Ort und in der Gemeinschaft<br \/>\n-Ausbildung, Vorbereitung, Wohntraining<\/p>\n<p>&nbsp;<\/p>\n<p><strong>WP3<\/strong><strong> \u2013 Integration und Begleitung schutzbed\u00fcrftiger Personen<\/strong><\/p>\n<p>Dieser Bereich wird vom Verein La Strada \u2013 Der Weg ONLUS mit den folgenden Ma\u00dfnahmen betreut:<\/p>\n<p>-Suche nach Angeboten auf dem Arbeitsmarkt<br \/>\n-Suche nach neuen Ausbildungs- und Besch\u00e4ftigungsbereichen<\/p>\n<p>-Verbesserung der Eingliederung der Zielgruppen<br \/>\n-Begleitung der Betroffenen bei der Arbeit<\/p>\n<p>-Unterst\u00fctzung bei der Suche nach einer Erwerbst\u00e4tigkeit im Angestellten Verh\u00e4ltnis \u00a0oder als Selbstst\u00e4ndige\/r[\/vc_column_text][\/vc_column][\/vc_row][vc_row][vc_column width=&#8221;1\/3&#8243;][vc_custom_heading text=&#8221;F\u00fcr wen&#8221; use_theme_fonts=&#8221;yes&#8221;][vc_column_text]F\u00fcr alle Frauen und M\u00e4nner mit Migrationshintergrund im arbeitsf\u00e4higen Alter.[\/vc_column_text][\/vc_column][vc_column width=&#8221;1\/3&#8243;][vc_custom_heading text=&#8221;Warum&#8221; use_theme_fonts=&#8221;yes&#8221;][vc_column_text]Das Hauptziel besteht darin, gef\u00e4hrdeten Frauen, sowie jungen und schutzbed\u00fcrftigen Menschen mit Migrationshintergrund den \u00dcbergang in die Selbst\u00e4ndigkeit zu erleichtern und sie bei der Eingliederung in den Arbeitsmarkt und bei der Wohnungssuche zu begleiten.<\/p>\n<p>[\/vc_column_text][\/vc_column][vc_column width=&#8221;1\/3&#8243;][vc_custom_heading text=&#8221;Wann&#8221; use_theme_fonts=&#8221;yes&#8221;][vc_column_text]Immer mit Terminvereinbarung von Montags bis Freitags[\/vc_column_text][\/vc_column][\/vc_row]<\/p>\n<\/div>","protected":false},"excerpt":{"rendered":"<p>[vc_row][vc_column width=&#8221;1\/2&#8243;][vc_custom_heading text=&#8221;Wo&#8221; use_theme_fonts=&#8221;yes&#8221;][vc_column_text css=&#8221;&#8221;]HNTO &#8211; Acca NTO Parmastra\u00dfe 26\/B 39100Bozen hnto@lastrada-derweg.org Koordinatorin: Veronica Mattarei &#8211; 331 6853179[\/vc_column_text][vc_custom_heading text=&#8221;Wer&#8221; use_theme_fonts=&#8221;yes&#8221;][vc_column_text]Wir sind ein multidisziplin\u00e4res Team bestehend aus Erzieher\/innen, Sozialassistent\/innen und Sozialbetreuer\/innen.[\/vc_column_text][\/vc_column][vc_column width=&#8221;1\/2&#8243;][vc_single_image image=&#8221;7724&#8243; img_size=&#8221;600&#215;400&#8243;][\/vc_column][\/vc_row][vc_row][vc_column][vc_custom_heading text=&#8221;Was&#8221; use_theme_fonts=&#8221;yes&#8221;][vc_column_text]Im Mittelpunkt des Projekts steht der Grundgedanke, dass Gesundheit, Wohnung und Arbeit die Grundpfeiler f\u00fcr das menschliche Wohlbefinden sind. Das Projekt&hellip;<\/p>\n","protected":false},"author":2,"featured_media":0,"parent":3231,"menu_order":0,"comment_status":"closed","ping_status":"closed","template":"","meta":{"footnotes":""},"class_list":["post-7784","page","type-page","status-publish","hentry","description-off"],"_links":{"self":[{"href":"https:\/\/www.lastrada-derweg.org\/index.php?rest_route=\/wp\/v2\/pages\/7784","targetHints":{"allow":["GET"]}}],"collection":[{"href":"https:\/\/www.lastrada-derweg.org\/index.php?rest_route=\/wp\/v2\/pages"}],"about":[{"href":"https:\/\/www.lastrada-derweg.org\/index.php?rest_route=\/wp\/v2\/types\/page"}],"author":[{"embeddable":true,"href":"https:\/\/www.lastrada-derweg.org\/index.php?rest_route=\/wp\/v2\/users\/2"}],"replies":[{"embeddable":true,"href":"https:\/\/www.lastrada-derweg.org\/index.php?rest_route=%2Fwp%2Fv2%2Fcomments&post=7784"}],"version-history":[{"count":12,"href":"https:\/\/www.lastrada-derweg.org\/index.php?rest_route=\/wp\/v2\/pages\/7784\/revisions"}],"predecessor-version":[{"id":12036,"href":"https:\/\/www.lastrada-derweg.org\/index.php?rest_route=\/wp\/v2\/pages\/7784\/revisions\/12036"}],"up":[{"embeddable":true,"href":"https:\/\/www.lastrada-derweg.org\/index.php?rest_route=\/wp\/v2\/pages\/3231"}],"wp:attachment":[{"href":"https:\/\/www.lastrada-derweg.org\/index.php?rest_route=%2Fwp%2Fv2%2Fmedia&parent=7784"}],"curies":[{"name":"wp","href":"https:\/\/api.w.org\/{rel}","templated":true}]}}