{"id":7996,"date":"2022-11-28T18:37:34","date_gmt":"2022-11-28T17:37:34","guid":{"rendered":"https:\/\/www.lastrada-derweg.org\/?page_id=7996"},"modified":"2024-06-13T16:46:10","modified_gmt":"2024-06-13T14:46:10","slug":"iodu","status":"publish","type":"page","link":"https:\/\/www.lastrada-derweg.org\/?page_id=7996&lang=de","title":{"rendered":"Tagesgruppe &#8220;IoDu&#8221;"},"content":{"rendered":"<div class=\"wpb-content-wrapper\"><p>[vc_row][vc_column width=&#8221;1\/2&#8243;][vc_custom_heading text=&#8221;Wo&#8221; use_theme_fonts=&#8221;yes&#8221;][vc_column_text css=&#8221;&#8221;]Tagesgruppe IoDu<br \/>\nAndreas Hofer 7B<br \/>\n39011 Lana<br \/>\nMobil: 3346599156<\/p>\n<p><a href=\"mailto:iodu@lastrada-derweg.org\">iodu@lastrada-derweg.org<\/a><\/p>\n<p>Koordinatorin: <strong>Lisa Luggin<\/strong> &#8211; 3386548086[\/vc_column_text][\/vc_column][vc_column width=&#8221;1\/2&#8243;][vc_single_image image=&#8221;8030&#8243; img_size=&#8221;full&#8221;][\/vc_column][\/vc_row][vc_row][vc_column][vc_custom_heading text=&#8221;Wer&#8221; use_theme_fonts=&#8221;yes&#8221;][vc_column_text css=&#8221;&#8221;]Neben dem oder der Hauptkoordinator\/in besteht das Team aus verschiedenen Personen: Psychologe\/in(en), Erzieher\/in(en), P\u00e4dagoge\/in(en), Fachkr\u00e4fte.[\/vc_column_text][vc_custom_heading text=&#8221;Was&#8221; use_theme_fonts=&#8221;yes&#8221;][vc_column_text]Unterst\u00fctzung der Kinder und Jugendlichen sowie deren Eltern durch sozialp\u00e4dagogische Angebote, individuelle Erziehungsprojekte, Elternarbeit, Zusammenarbeit mit anderen Diensten und Einrichtungen.[\/vc_column_text][\/vc_column][\/vc_row][vc_row][vc_column width=&#8221;1\/3&#8243;][vc_custom_heading text=&#8221;F\u00fcr wen&#8221; use_theme_fonts=&#8221;yes&#8221;][vc_column_text]F\u00fcr Kinder und Jugendliche von 6 bis 14 Jahren aus dem Einzugsgebiet der Sozialsprengel Lana, deren Entwicklung und Wohlbefinden aufgrund verschiedener Gegebenheiten beeintr\u00e4chtigt sind und\/oder die durch ihr Sozialverhalten auffallen.[\/vc_column_text][\/vc_column][vc_column width=&#8221;1\/3&#8243;][vc_custom_heading text=&#8221;Warum&#8221; use_theme_fonts=&#8221;yes&#8221;][vc_column_text]Die Tagesst\u00e4tte bietet Kindern bzw. Jugendlichen und Familien die M\u00f6glichkeit der Entlastung und Neuorientierung, wenn die Situation in der Familie die Entwicklung der Kinder gef\u00e4hrdet. In der Familie m\u00fcssen jedoch gen\u00fcgend Ressourcen vorhanden sein, welche eine ausreichende Versorgung der Kinder zu Hause sichern.[\/vc_column_text][\/vc_column][vc_column width=&#8221;1\/3&#8243;][vc_custom_heading text=&#8221;Wann&#8221; use_theme_fonts=&#8221;yes&#8221;][vc_column_text]Ganzj\u00e4hrig von Montag bis Freitag von 12.00 bis 17.30 Uhr.<br \/>\nVariabel in der unterrichtsfreien Zeit und je nach den speziellen Bed\u00fcrfnissen der Familien.[\/vc_column_text][\/vc_column][\/vc_row]<\/p>\n<\/div>","protected":false},"excerpt":{"rendered":"<p>[vc_row][vc_column width=&#8221;1\/2&#8243;][vc_custom_heading text=&#8221;Wo&#8221; use_theme_fonts=&#8221;yes&#8221;][vc_column_text css=&#8221;&#8221;]Tagesgruppe IoDu Andreas Hofer 7B 39011 Lana Mobil: 3346599156 iodu@lastrada-derweg.org Koordinatorin: Lisa Luggin &#8211; 3386548086[\/vc_column_text][\/vc_column][vc_column width=&#8221;1\/2&#8243;][vc_single_image image=&#8221;8030&#8243; img_size=&#8221;full&#8221;][\/vc_column][\/vc_row][vc_row][vc_column][vc_custom_heading text=&#8221;Wer&#8221; use_theme_fonts=&#8221;yes&#8221;][vc_column_text css=&#8221;&#8221;]Neben dem oder der Hauptkoordinator\/in besteht das Team aus verschiedenen Personen: Psychologe\/in(en), Erzieher\/in(en), P\u00e4dagoge\/in(en), Fachkr\u00e4fte.[\/vc_column_text][vc_custom_heading text=&#8221;Was&#8221; use_theme_fonts=&#8221;yes&#8221;][vc_column_text]Unterst\u00fctzung der Kinder und Jugendlichen sowie deren Eltern durch sozialp\u00e4dagogische Angebote, individuelle Erziehungsprojekte, Elternarbeit, Zusammenarbeit&hellip;<\/p>\n","protected":false},"author":2,"featured_media":0,"parent":1617,"menu_order":0,"comment_status":"closed","ping_status":"closed","template":"","meta":{"footnotes":""},"class_list":["post-7996","page","type-page","status-publish","hentry","description-off"],"_links":{"self":[{"href":"https:\/\/www.lastrada-derweg.org\/index.php?rest_route=\/wp\/v2\/pages\/7996","targetHints":{"allow":["GET"]}}],"collection":[{"href":"https:\/\/www.lastrada-derweg.org\/index.php?rest_route=\/wp\/v2\/pages"}],"about":[{"href":"https:\/\/www.lastrada-derweg.org\/index.php?rest_route=\/wp\/v2\/types\/page"}],"author":[{"embeddable":true,"href":"https:\/\/www.lastrada-derweg.org\/index.php?rest_route=\/wp\/v2\/users\/2"}],"replies":[{"embeddable":true,"href":"https:\/\/www.lastrada-derweg.org\/index.php?rest_route=%2Fwp%2Fv2%2Fcomments&post=7996"}],"version-history":[{"count":10,"href":"https:\/\/www.lastrada-derweg.org\/index.php?rest_route=\/wp\/v2\/pages\/7996\/revisions"}],"predecessor-version":[{"id":10131,"href":"https:\/\/www.lastrada-derweg.org\/index.php?rest_route=\/wp\/v2\/pages\/7996\/revisions\/10131"}],"up":[{"embeddable":true,"href":"https:\/\/www.lastrada-derweg.org\/index.php?rest_route=\/wp\/v2\/pages\/1617"}],"wp:attachment":[{"href":"https:\/\/www.lastrada-derweg.org\/index.php?rest_route=%2Fwp%2Fv2%2Fmedia&parent=7996"}],"curies":[{"name":"wp","href":"https:\/\/api.w.org\/{rel}","templated":true}]}}