{"id":8035,"date":"2022-12-01T10:55:11","date_gmt":"2022-12-01T09:55:11","guid":{"rendered":"https:\/\/www.lastrada-derweg.org\/?page_id=8035"},"modified":"2025-02-17T14:39:01","modified_gmt":"2025-02-17T13:39:01","slug":"casaroma-100","status":"publish","type":"page","link":"https:\/\/www.lastrada-derweg.org\/?page_id=8035","title":{"rendered":"CasaRoma100"},"content":{"rendered":"<div class=\"wpb-content-wrapper\"><p>[vc_row][vc_column width=&#8221;1\/2&#8243;][vc_custom_heading text=&#8221;Dove siamo&#8221; use_theme_fonts=&#8221;yes&#8221;][vc_column_text css=&#8221;&#8221;]CasaRoma100<br \/>\nVia Roma 100\/A<br \/>\n39100 Bolzano<\/p>\n<p>Tel. 338 6221859<\/p>\n<p><a href=\"mailto:casaroma100@lastrada-derweg.org\">casaroma100@lastrada-derweg.org<\/a><\/p>\n<p>Coordinatore: <strong>Armando Megna<\/strong> &#8211; 337 1624509[\/vc_column_text][vc_custom_heading text=&#8221;Chi siamo&#8221; use_theme_fonts=&#8221;yes&#8221;][vc_column_text css=&#8221;&#8221;]CasaRoma100 \u00e8 un progetto socio-abitativo che offre ospitalit\u00e0 a 24 persone, uomini lavoratori. L\u2019obiettivo \u00e8 di supportare gli ospiti in un percorso individualizzato di apprendimento e crescita, cos\u00ec da conseguire un pi\u00f9 solido e consapevole inserimento nel tessuto sociale.<\/p>\n<p>L\u2019ospitalit\u00e0 nell\u2019edificio di via Roma \u00e8 transitoria e provvisoria, limitata al massimo ad un anno e mezzo.<\/p>\n<p>La struttura si rivolge a persone con alta autonomia ovvero lavoratori che faticano a trovare alloggio sul territorio pur avendo una sufficiente disponibilit\u00e0 economica.[\/vc_column_text][\/vc_column][vc_column width=&#8221;1\/2&#8243;][vc_single_image image=&#8221;8066&#8243; img_size=&#8221;full&#8221;][\/vc_column][\/vc_row][vc_row][vc_column][vc_custom_heading text=&#8221;Cosa facciamo&#8221; use_theme_fonts=&#8221;yes&#8221;][vc_column_text css=&#8221;&#8221;]<\/p>\n<ol>\n<li style=\"list-style-type: none;\">L\u2019obiettivo ambizioso \u00e8 di fornire agli ospiti della struttura gli strumenti necessari per trovare e gestire una casa in autonomia. A loro \u00e8 richiesta una forte motivazione a partecipare al progetto: CasaRoma100 va quindi intesa come un passaggio per arrivare all\u2019autonomia abitativa.<\/li>\n<\/ol>\n<p>[\/vc_column_text][\/vc_column][\/vc_row][vc_row][vc_column width=&#8221;1\/3&#8243;][vc_custom_heading text=&#8221;Per chi&#8221; use_theme_fonts=&#8221;yes&#8221;][vc_column_text css=&#8221;&#8221;]Lavoratori e residenti nel Comune di Bolzano, che faticano a trovare un alloggio e sono fortemente motivati a raggiungere l\u2019indipendenza abitativa.<\/p>\n<p>Uomini migranti (compreso il richiedente asilo) ovvero persone cittadini di un paese terzo o apolide che entrano (o sono gi\u00e0) in uno degli Stati dell\u2019UE e vi risiedono legalmente, maggiorenni, residenti in Provincia di Bolzano, che si trovano nelle seguenti situazioni:<\/p>\n<p>1) a rischio e\/o stato di esclusione dovuto a insicurezza e difficolt\u00e0 abitativa<\/p>\n<p>2) a rischio e\/o condizione di precariet\u00e0 alloggiativa e\/o emarginazione<\/p>\n<p>3) accolte nel sistema dei servizi territoriali (pubblici e privati) con difficolt\u00e0 di inclusione sociale e vulnerabilit\u00e0.[\/vc_column_text][\/vc_column][vc_column width=&#8221;1\/3&#8243;][vc_custom_heading text=&#8221;Perch\u00e9&#8221; use_theme_fonts=&#8221;yes&#8221;][vc_column_text]Obiettivo generale \u00e8 concorrere alla riduzione delle condizioni di emarginazione sociale della popolazione migrante che vive in situazioni di esclusione e\/o insicurezza abitativa in Provincia di Bolzano.[\/vc_column_text][\/vc_column][vc_column width=&#8221;1\/3&#8243;][vc_custom_heading text=&#8221;Quando&#8221; use_theme_fonts=&#8221;yes&#8221;][vc_column_text css=&#8221;&#8221;]Orario di segreteria: luned\u00ec dalle 14.30 alle 16.30[\/vc_column_text][\/vc_column][\/vc_row]<\/p>\n<\/div>","protected":false},"excerpt":{"rendered":"<p>[vc_row][vc_column width=&#8221;1\/2&#8243;][vc_custom_heading text=&#8221;Dove siamo&#8221; use_theme_fonts=&#8221;yes&#8221;][vc_column_text css=&#8221;&#8221;]CasaRoma100 Via Roma 100\/A 39100 Bolzano Tel. 338 6221859 casaroma100@lastrada-derweg.org Coordinatore: Armando Megna &#8211; 337 1624509[\/vc_column_text][vc_custom_heading text=&#8221;Chi siamo&#8221; use_theme_fonts=&#8221;yes&#8221;][vc_column_text css=&#8221;&#8221;]CasaRoma100 \u00e8 un progetto socio-abitativo che offre ospitalit\u00e0 a 24 persone, uomini lavoratori. L\u2019obiettivo \u00e8 di supportare gli ospiti in un percorso individualizzato di apprendimento e crescita, cos\u00ec da conseguire un&hellip;<\/p>\n","protected":false},"author":2,"featured_media":0,"parent":3229,"menu_order":0,"comment_status":"closed","ping_status":"closed","template":"","meta":{"footnotes":""},"class_list":["post-8035","page","type-page","status-publish","hentry","description-off"],"_links":{"self":[{"href":"https:\/\/www.lastrada-derweg.org\/index.php?rest_route=\/wp\/v2\/pages\/8035","targetHints":{"allow":["GET"]}}],"collection":[{"href":"https:\/\/www.lastrada-derweg.org\/index.php?rest_route=\/wp\/v2\/pages"}],"about":[{"href":"https:\/\/www.lastrada-derweg.org\/index.php?rest_route=\/wp\/v2\/types\/page"}],"author":[{"embeddable":true,"href":"https:\/\/www.lastrada-derweg.org\/index.php?rest_route=\/wp\/v2\/users\/2"}],"replies":[{"embeddable":true,"href":"https:\/\/www.lastrada-derweg.org\/index.php?rest_route=%2Fwp%2Fv2%2Fcomments&post=8035"}],"version-history":[{"count":20,"href":"https:\/\/www.lastrada-derweg.org\/index.php?rest_route=\/wp\/v2\/pages\/8035\/revisions"}],"predecessor-version":[{"id":11905,"href":"https:\/\/www.lastrada-derweg.org\/index.php?rest_route=\/wp\/v2\/pages\/8035\/revisions\/11905"}],"up":[{"embeddable":true,"href":"https:\/\/www.lastrada-derweg.org\/index.php?rest_route=\/wp\/v2\/pages\/3229"}],"wp:attachment":[{"href":"https:\/\/www.lastrada-derweg.org\/index.php?rest_route=%2Fwp%2Fv2%2Fmedia&parent=8035"}],"curies":[{"name":"wp","href":"https:\/\/api.w.org\/{rel}","templated":true}]}}