{"id":8040,"date":"2022-12-01T11:15:18","date_gmt":"2022-12-01T10:15:18","guid":{"rendered":"https:\/\/www.lastrada-derweg.org\/?page_id=8040"},"modified":"2025-02-17T14:39:31","modified_gmt":"2025-02-17T13:39:31","slug":"casaroma-100","status":"publish","type":"page","link":"https:\/\/www.lastrada-derweg.org\/?page_id=8040&lang=de","title":{"rendered":"CasaRoma100"},"content":{"rendered":"<div class=\"wpb-content-wrapper\"><p>[vc_row][vc_column width=&#8221;1\/2&#8243;][vc_custom_heading text=&#8221;Wo&#8221; use_theme_fonts=&#8221;yes&#8221;][vc_column_text css=&#8221;&#8221;]CasaRoma100<br \/>\nRomstra\u00dfe 100<br \/>\n39100 Bozen<\/p>\n<p>Tel. 338 6221859<\/p>\n<p><a href=\"mailto:casaroma100@lastrada-derweg.org\">casaroma100@lastrada-derweg.org<\/a><\/p>\n<p>Koordinator: <strong>Armando Megna<\/strong> &#8211; 337 1624509[\/vc_column_text][vc_custom_heading text=&#8221;Wer&#8221; use_theme_fonts=&#8221;yes&#8221;][vc_column_text css=&#8221;&#8221;]CasaRoma100 ist ein Sozialwohnungsprojekt, das 24 berufst\u00e4tigen M\u00e4nnern eine Bleibe bietet. Ziel ist es, die G\u00e4ste auf ihrem individuellen Lern- und Werdegang zu unterst\u00fctzen, um eine solidere und bewusstere Integration in das hiesige soziale Gef\u00fcge zu erreichen.<\/p>\n<p>Die Unterbringung im Via Roma-Geb\u00e4ude ist vor\u00fcbergehend und auf maximal 18 Monate begrenzt.<\/p>\n<p>Die Einrichtung richtet sich an Menschen mit einem hohen Ma\u00df an Selbstst\u00e4ndigkeit und an Arbeitnehmer, die trotz ausreichender wirtschaftlicher Ressourcen nur schwer eine Unterkunft in der Kommune finden k\u00f6nnen.[\/vc_column_text][\/vc_column][vc_column width=&#8221;1\/2&#8243;][vc_single_image image=&#8221;8064&#8243; img_size=&#8221;full&#8221;][\/vc_column][\/vc_row][vc_row][vc_column][vc_custom_heading text=&#8221;Was&#8221; use_theme_fonts=&#8221;yes&#8221;][vc_column_text css=&#8221;&#8221;]Unser ehrgeiziges Ziel besteht darin, den G\u00e4sten der Einrichtung das notwendige R\u00fcstzeug zu vermitteln, um sp\u00e4ter eine Wohnung zu finden und selbst\u00e4ndig zu verwalten. Sie m\u00fcssen hoch motiviert sein, um an dem Projekt teilnehmen zu k\u00f6nnen. CasaRoma100 ist als Schritt in Richtung autonomes Wohnen zu sehen.[\/vc_column_text][\/vc_column][\/vc_row][vc_row][vc_column width=&#8221;1\/3&#8243;][vc_custom_heading text=&#8221;F\u00fcr wen&#8221; use_theme_fonts=&#8221;yes&#8221;][vc_column_text css=&#8221;&#8221;]Arbeitnehmer und Bewohner, die trotz gro\u00dfer Anstrengung Schwierigkeiten haben, eine Wohnung am freien Markt zu finden.<\/p>\n<p>M\u00e4nner mit Migrationshintergrund (einschlie\u00dflich Asylbewerber), Drittstaatsangeh\u00f6rige oder Staatenlose, die in den EU-Staat einreisen (oder sich dort bereits aufhalten) und sich dort rechtm\u00e4\u00dfig aufhalten, die vollj\u00e4hrig sind und ihren Wohnsitz in der Provinz Bozen haben und die sich in den folgenden Situationen befinden:<\/p>\n<p>1) gef\u00e4hrdet und\/oder von Ausgrenzung bedroht aufgrund von unsicheren Verh\u00e4ltnissen und Wohnungsproblemen<\/p>\n<p>2) Gefahr und\/oder Zustand der prek\u00e4ren Wohnsituation und\/oder Ausgrenzung<\/p>\n<p>3) die in das System der territorialen Dienstleistungen (\u00f6ffentlich und privat) aufgenommen wurden und Schwierigkeiten bei der sozialen Eingliederung haben und gef\u00e4hrdet sind.[\/vc_column_text][\/vc_column][vc_column width=&#8221;1\/3&#8243;][vc_custom_heading text=&#8221;Warum&#8221; use_theme_fonts=&#8221;yes&#8221;][vc_column_text]Das allgemeine Ziel von CasaRoma100 ist es, einen Beitrag zur Verringerung der sozialen Ausgrenzung haupts\u00e4chlich bei der Migrantenbev\u00f6lkerung zu leisten, welche in der Provinz Bozen in einer Situation der Ausgrenzung und\/oder Wohnungsunsicherheit lebt.[\/vc_column_text][\/vc_column][vc_column width=&#8221;1\/3&#8243;][vc_custom_heading text=&#8221;Wann&#8221; use_theme_fonts=&#8221;yes&#8221;][vc_column_text]Sekretariat: Montag von 14.00 Uhr bis 16.30 Uhr[\/vc_column_text][\/vc_column][\/vc_row]<\/p>\n<\/div>","protected":false},"excerpt":{"rendered":"<p>[vc_row][vc_column width=&#8221;1\/2&#8243;][vc_custom_heading text=&#8221;Wo&#8221; use_theme_fonts=&#8221;yes&#8221;][vc_column_text css=&#8221;&#8221;]CasaRoma100 Romstra\u00dfe 100 39100 Bozen Tel. 338 6221859 casaroma100@lastrada-derweg.org Koordinator: Armando Megna &#8211; 337 1624509[\/vc_column_text][vc_custom_heading text=&#8221;Wer&#8221; use_theme_fonts=&#8221;yes&#8221;][vc_column_text css=&#8221;&#8221;]CasaRoma100 ist ein Sozialwohnungsprojekt, das 24 berufst\u00e4tigen M\u00e4nnern eine Bleibe bietet. Ziel ist es, die G\u00e4ste auf ihrem individuellen Lern- und Werdegang zu unterst\u00fctzen, um eine solidere und bewusstere Integration in das hiesige soziale&hellip;<\/p>\n","protected":false},"author":2,"featured_media":0,"parent":3231,"menu_order":0,"comment_status":"closed","ping_status":"closed","template":"","meta":{"footnotes":""},"class_list":["post-8040","page","type-page","status-publish","hentry","description-off"],"_links":{"self":[{"href":"https:\/\/www.lastrada-derweg.org\/index.php?rest_route=\/wp\/v2\/pages\/8040","targetHints":{"allow":["GET"]}}],"collection":[{"href":"https:\/\/www.lastrada-derweg.org\/index.php?rest_route=\/wp\/v2\/pages"}],"about":[{"href":"https:\/\/www.lastrada-derweg.org\/index.php?rest_route=\/wp\/v2\/types\/page"}],"author":[{"embeddable":true,"href":"https:\/\/www.lastrada-derweg.org\/index.php?rest_route=\/wp\/v2\/users\/2"}],"replies":[{"embeddable":true,"href":"https:\/\/www.lastrada-derweg.org\/index.php?rest_route=%2Fwp%2Fv2%2Fcomments&post=8040"}],"version-history":[{"count":15,"href":"https:\/\/www.lastrada-derweg.org\/index.php?rest_route=\/wp\/v2\/pages\/8040\/revisions"}],"predecessor-version":[{"id":11906,"href":"https:\/\/www.lastrada-derweg.org\/index.php?rest_route=\/wp\/v2\/pages\/8040\/revisions\/11906"}],"up":[{"embeddable":true,"href":"https:\/\/www.lastrada-derweg.org\/index.php?rest_route=\/wp\/v2\/pages\/3231"}],"wp:attachment":[{"href":"https:\/\/www.lastrada-derweg.org\/index.php?rest_route=%2Fwp%2Fv2%2Fmedia&parent=8040"}],"curies":[{"name":"wp","href":"https:\/\/api.w.org\/{rel}","templated":true}]}}