{"id":8190,"date":"2023-03-05T20:14:02","date_gmt":"2023-03-05T19:14:02","guid":{"rendered":"https:\/\/www.lastrada-derweg.org\/?page_id=8190"},"modified":"2024-02-07T12:20:43","modified_gmt":"2024-02-07T11:20:43","slug":"meeting-plurality","status":"publish","type":"page","link":"https:\/\/www.lastrada-derweg.org\/?page_id=8190","title":{"rendered":"Meeting Animare &#8211; Beseelen: &#8220;Plurality&#8221;"},"content":{"rendered":"<div class=\"wpb-content-wrapper\"><p>[vc_row][vc_column width=&#8221;1\/2&#8243;][vc_separator][vc_column_text css=&#8221;.vc_custom_1682608205024{padding-top: 50px !important;}&#8221;]<\/p>\n<h3>Il termine delle iscrizioni \u00e8 stato spostato al 20 marzo.<\/h3>\n<h3 style=\"text-align: center;\"><strong>Modalit\u00e0 di iscrizione<\/strong><\/h3>\n<p>scaricare <a href=\"https:\/\/www.lastrada-derweg.org\/wp-content\/uploads\/2023\/03\/modulo-iscrizione-Meeting-Animare-Beseelen-2023-Einschreibeformular-Meeting-Animare-Beseelen-2023.doc\"><strong>qui<\/strong><\/a> il modulo di iscrizione in formato Word o <a href=\"https:\/\/www.lastrada-derweg.org\/wp-content\/uploads\/2023\/03\/modulo-iscrizione-Meeting-Animare-Beseelen-2023-Einschreibeformular-Meeting-Animare-Beseelen-2023.pdf\"><strong>qui <\/strong><\/a>in formato PDF e inviarlo a meeting@lastrada-derweg.org<\/p>\n<p>Ci si pu\u00f2 iscrivere alle singole giornate. Termine di iscrizione: 17-03-2022<\/p>\n<p>Verranno assegnati crediti ecm ( per le professioni sanitarie)<\/p>\n<p>La traduzione simultanea non \u00e8 prevista. Ogni relatore parler\u00e0 nella propria madrelingua.<\/p>\n<p>Scaricare <a href=\"https:\/\/www.lastrada-derweg.org\/wp-content\/uploads\/2023\/03\/Programma-Meeting_-_2023.pdf\"><strong>qui<\/strong><\/a> il programma dettagliato con la scheda tecnica<\/p>\n<p>Scaricare <a href=\"https:\/\/www.lastrada-derweg.org\/?page_id=8368\">qui<\/a> gli atti del meeting. (verranno pubblicati nei giorni seguenti al meeting)[\/vc_column_text][vc_column_text]<\/p>\n<h1 style=\"text-align: center;\"><strong>&#8220;Plurality&#8221;<\/strong><\/h1>\n<p>Organizzazioni e sistemi sociali sempre pi\u00f9 si misurano con la pluralit\u00e0, la compresenza di persone portatrici di loro specificit\u00e0. Tale variet\u00e0 richiede disponibilit\u00e0 e capacit\u00e0 di confrontarsi con la differenza, intesa come molteplicit\u00e0 e come alterit\u00e0 rispetto alla propria identit\u00e0. Occorre individuare e promuovere interventi e strategie affinch\u00e9 fatiche, punti deboli, criticit\u00e0, contrasti si trasformino in risorse, generatrici di innovazione, trasformazione, ben-essere. Soltanto una reciproca accettazione e valorizzazione delle diversit\u00e0 rende possibile la costruzione di una autentica casa comune, di una comunit\u00e0. Differenze di cultura, genere, orientamento sessuale, et\u00e0, ruolo, sono in primo luogo da conoscere e riconoscere, per essere poi accolte, tra loro conciliate e riconciliate. Solo cos\u00ec sar\u00e0 possibile dare vita a una nuova e pi\u00f9 integrale fraternit\u00e0.<\/p>\n<p>Dal 2018 l\u2019Associazione \u201cLa Strada-Der Weg\u201d organizza un convegno annuale intitolato \u201cAnimare-Beseelen\u201d, di volta in volta dedicato a una tematica legata alle attivit\u00e0 associative. L\u2019edizione del 2023 intende appunto riflettere sulla realt\u00e0 delle differenze e sulle possibilit\u00e0 di una loro conciliazione.Gli interventi in programma si propongono di offrire stimoli teorici e al contempo testimoniare esperienze vive, in atto in ambito locale e nazionale.[\/vc_column_text][\/vc_column][vc_column width=&#8221;1\/2&#8243;][vc_single_image image=&#8221;8213&#8243; img_size=&#8221;full&#8221;][vc_column_text]<\/p>\n<p style=\"text-align: center;\"><strong>il progetto ha ricevuto un finanziamento nazionale pubblico dall\u2019UNAR<\/strong><strong><br \/>\n&#8211; Ufficio Nazionale Antidiscriminazioni Razziali nell\u2019ambito delle attivit\u00e0 della <\/strong><strong>XIX Settimana di azione contro il razzismo<\/strong><\/p>\n<p>[\/vc_column_text][vc_single_image image=&#8221;8294&#8243; img_size=&#8221;medium&#8221; alignment=&#8221;center&#8221;][\/vc_column][\/vc_row]<\/p>\n<\/div>","protected":false},"excerpt":{"rendered":"<p>[vc_row][vc_column width=&#8221;1\/2&#8243;][vc_separator][vc_column_text css=&#8221;.vc_custom_1682608205024{padding-top: 50px !important;}&#8221;] Il termine delle iscrizioni \u00e8 stato spostato al 20 marzo. Modalit\u00e0 di iscrizione scaricare qui il modulo di iscrizione in formato Word o qui in formato PDF e inviarlo a meeting@lastrada-derweg.org Ci si pu\u00f2 iscrivere alle singole giornate. Termine di iscrizione: 17-03-2022 Verranno assegnati crediti ecm ( per le professioni&hellip;<\/p>\n","protected":false},"author":2,"featured_media":0,"parent":1378,"menu_order":0,"comment_status":"closed","ping_status":"closed","template":"","meta":{"footnotes":""},"class_list":["post-8190","page","type-page","status-publish","hentry","description-off"],"_links":{"self":[{"href":"https:\/\/www.lastrada-derweg.org\/index.php?rest_route=\/wp\/v2\/pages\/8190","targetHints":{"allow":["GET"]}}],"collection":[{"href":"https:\/\/www.lastrada-derweg.org\/index.php?rest_route=\/wp\/v2\/pages"}],"about":[{"href":"https:\/\/www.lastrada-derweg.org\/index.php?rest_route=\/wp\/v2\/types\/page"}],"author":[{"embeddable":true,"href":"https:\/\/www.lastrada-derweg.org\/index.php?rest_route=\/wp\/v2\/users\/2"}],"replies":[{"embeddable":true,"href":"https:\/\/www.lastrada-derweg.org\/index.php?rest_route=%2Fwp%2Fv2%2Fcomments&post=8190"}],"version-history":[{"count":31,"href":"https:\/\/www.lastrada-derweg.org\/index.php?rest_route=\/wp\/v2\/pages\/8190\/revisions"}],"predecessor-version":[{"id":8968,"href":"https:\/\/www.lastrada-derweg.org\/index.php?rest_route=\/wp\/v2\/pages\/8190\/revisions\/8968"}],"up":[{"embeddable":true,"href":"https:\/\/www.lastrada-derweg.org\/index.php?rest_route=\/wp\/v2\/pages\/1378"}],"wp:attachment":[{"href":"https:\/\/www.lastrada-derweg.org\/index.php?rest_route=%2Fwp%2Fv2%2Fmedia&parent=8190"}],"curies":[{"name":"wp","href":"https:\/\/api.w.org\/{rel}","templated":true}]}}