{"id":8378,"date":"2023-04-27T16:35:22","date_gmt":"2023-04-27T14:35:22","guid":{"rendered":"https:\/\/www.lastrada-derweg.org\/?page_id=8378"},"modified":"2023-12-17T22:14:49","modified_gmt":"2023-12-17T21:14:49","slug":"meeting-animare-beseelen_plurality","status":"publish","type":"page","link":"https:\/\/www.lastrada-derweg.org\/?page_id=8378&lang=de","title":{"rendered":"Akten Meeting Animare &#8211; Beseelen_&#8221;Plurality&#8221;"},"content":{"rendered":"<div class=\"wpb-content-wrapper\"><p>[vc_row][vc_column width=&#8221;1\/4&#8243;][vc_column_text]<strong>Programm\/a<\/strong>[\/vc_column_text][\/vc_column][vc_column width=&#8221;1\/4&#8243;][vc_btn title=&#8221;Download&#8221; style=&#8221;outline&#8221; color=&#8221;juicy-pink&#8221; align=&#8221;center&#8221; link=&#8221;url:https%3A%2F%2Fwww.lastrada-derweg.org%2Fwp-content%2Fuploads%2F2023%2F03%2FProgramma-Meeting_-_2023.pdf&#8221;][\/vc_column][vc_column width=&#8221;1\/4&#8243;][\/vc_column][vc_column width=&#8221;1\/4&#8243;][\/vc_column][\/vc_row][vc_row][vc_column][vc_column_text]<strong>Meeting Pills (Videos)<\/strong>[\/vc_column_text][vc_column_text]<a href=\"https:\/\/www.youtube.com\/watch?v=4Bba7w_q6zw&amp;t=2s\">video Antonietta Cacciani<\/a><\/p>\n<p><a href=\"https:\/\/www.youtube.com\/watch?v=6TC8wguSlUI\">video Lorena La Rocca<\/a><\/p>\n<p><a href=\"https:\/\/www.youtube.com\/watch?v=N-m3NTZIU9Q\">video Morena De Sarro<\/a><\/p>\n<p><a href=\"https:\/\/www.youtube.com\/watch?v=spJe77816-c\">video Sieghatd Gschnell<\/a><\/p>\n<p><a href=\"https:\/\/www.youtube.com\/watch?v=jDPPxjZibPc\">video G\u00fcnther Don\u00e0<\/a><\/p>\n<p><a href=\"https:\/\/www.youtube.com\/watch?v=2lyXuMryZw4\">video Stefano Onnis<\/a><\/p>\n<p><a href=\"https:\/\/www.youtube.com\/watch?v=SJE85gfahrk\">video Antonio Luchetti<\/a><\/p>\n<p>video G\u00fcnther Ennemoser<\/p>\n<p><a href=\"https:\/\/www.youtube.com\/watch?v=hlt3V4PNTyQ\">video Antonio Vigan\u00f2<\/a><\/p>\n<p><a href=\"https:\/\/www.youtube.com\/watch?v=qpG4tG8uJcw\">video Davide Galler<\/a><\/p>\n<p><a href=\"https:\/\/www.youtube.com\/watch?v=7fUCLCdrA3o\">video Don Mario Gretter<\/a><\/p>\n<p><a href=\"https:\/\/www.youtube.com\/watch?v=Lr6ur81MTSw\">video Elena Zangrando<\/a><\/p>\n<p><a href=\"http:\/\/video Roberto De Lorenzo\">video Roberto De Lorenzo<\/a><\/p>\n<p><a href=\"https:\/\/www.youtube.com\/watch?v=YeTB8tjTIj0\">video Annika Moser<\/a><\/p>\n<p><a href=\"https:\/\/www.youtube.com\/watch?v=XxFAwxZp52I\">video Ermira Kola<\/a><\/p>\n<p><a href=\"https:\/\/www.youtube.com\/watch?v=3EZWZ_S437E\">video Marzia Bona<\/a><\/p>\n<p><a href=\"https:\/\/www.youtube.com\/watch?v=EkWvxutBH_M\">video Alessandro Cench<\/a><\/p>\n<p><a href=\"https:\/\/www.youtube.com\/watch?v=jSQ8OQkla-U\">video Giuliana Piscitelli<\/a><\/p>\n<p><a href=\"https:\/\/www.youtube.com\/watch?v=9XdrcI-JdTc\">video Paolo Marcato<\/a><\/p>\n<p><a href=\"https:\/\/www.youtube.com\/watch?v=pGUNZzG4LdA\">video Vladimir Luxuria<\/a><\/p>\n<p><a href=\"https:\/\/www.youtube.com\/watch?v=UJyZ1Frq0d0\">video Mario Caproni<\/a><\/p>\n<p>video Alberto Amadori<\/p>\n<p>video Arianna M. Fiumefreddo[\/vc_column_text][\/vc_column][\/vc_row][vc_row][vc_column][vc_column_text]<strong>Atti &#8211; Akten<\/strong>[\/vc_column_text][vc_column_text][\/vc_column_text][\/vc_column][\/vc_row][vc_row][vc_column][vc_column_text]<strong>Prima giornata &#8211; erster Tag<\/strong><\/p>\n<p><a href=\"https:\/\/www.youtube.com\/watch?v=dJqkGvVRAhs\">Introduzione alla prima giornata &#8211; Einf\u00fchrung zum ersten Tag_ Ivo Lizzola<\/a><\/p>\n<p><a href=\"https:\/\/online.fliphtml5.com\/krtrk\/ylhf\/#p=1\">Relazione &#8211; Vortrag Antonietta Cacciani<\/a><\/p>\n<p><a href=\"https:\/\/online.fliphtml5.com\/krtrk\/vfst\/#p=1\">Relazione &#8211; Vortrag G\u00fcnther Don\u00e0<\/a><\/p>\n<p><a href=\"https:\/\/www.youtube.com\/watch?v=rfCaB5aaC44\">Video progetto\/Projekt &#8220;Gestern &#8211; Domani&#8221;<\/a><\/p>\n<p><a href=\"https:\/\/online.fliphtml5.com\/krtrk\/mrbo\/#p=1\">Relazione &#8211; Vortrag Sieghard Gschnell<\/a><\/p>\n<p><a href=\"https:\/\/online.fliphtml5.com\/krtrk\/wize\/#p=1\">Relazione &#8211; Vortrag Stefano Onnis<\/a><\/p>\n<p><a href=\"https:\/\/online.fliphtml5.com\/krtrk\/pvci\/#p=1\">Relazione\u00a0 &#8211; Vortrag Lorena La Rocca<\/a><\/p>\n<p><a href=\"https:\/\/www.youtube.com\/watch?v=NzwRAjq4XHw\">Video 1 &#8211; Lorena La Rocca<\/a><\/p>\n<p><a href=\"https:\/\/www.youtube.com\/watch?v=tfUxPvylqnc\">Video 2 &#8211; Lorena La Rocca<\/a><\/p>\n<p><a href=\"https:\/\/online.fliphtml5.com\/krtrk\/kfjn\/#p=1\">Relazione &#8211; Vortrag Antonio Luchetti<\/a><\/p>\n<p><a href=\"https:\/\/online.fliphtml5.com\/krtrk\/qnwu\/#p=1\">Relazione &#8211; Vortrag G\u00fcnther Ennemoser<\/a><\/p>\n<p><a href=\"https:\/\/www.youtube.com\/watch?v=yXiCPrybKps\">Video Indipendent_ G\u00fcnther Ennemoser<\/a><\/p>\n<p><a href=\"https:\/\/www.youtube.com\/watch?v=1KYaZB5asXI\">Video Gs Excelsior_This is us<\/a><\/p>\n<p>&nbsp;<\/p>\n<p><strong>Seconda giornata &#8211; zweiter Tag<\/strong><\/p>\n<p>Introduzione alla seconda giornata &#8211; Einf\u00fchrung zum zweiten Tag_ Ivo Lizzola<\/p>\n<p><a href=\"https:\/\/online.fliphtml5.com\/krtrk\/zdlz\/#p=1\">Relazione &#8211; Vortrag Renate Kerschbaumer<\/a><\/p>\n<p>Video Miguel Belletti<\/p>\n<p>Video Hasnaa El Gana e Fariba Rahimi<\/p>\n<p>Video KOK 1 &#8211; Sophia Wirsching<\/p>\n<p>&nbsp;<\/p>\n<p><strong>terza giornata &#8211; Dritter Tag<\/strong><\/p>\n<p><a href=\"https:\/\/online.fliphtml5.com\/krtrk\/pyfg\/#p=1\">Relazione &#8211; Vortrag Marzia Bona<\/a><\/p>\n<p><a href=\"https:\/\/online.fliphtml5.com\/krtrk\/ubcp\/#p=1\">Relazione &#8211; Vortrag Elisa Montanari\/Alessandro Cench<\/a><\/p>\n<p>Relazione &#8211; Vortrag Lucia Fresa_Comune di Bologna<\/p>\n<p>Relazione &#8211; Vortrag Alberto Amadori<\/p>\n<p>Relazione &#8211; Vortrag Arianna Miriam Fiumefreddo<\/p>\n<p>&nbsp;<\/p>\n<p>[\/vc_column_text][vc_column_text][\/vc_column_text][\/vc_column][\/vc_row]<\/p>\n<\/div>","protected":false},"excerpt":{"rendered":"<p>[vc_row][vc_column width=&#8221;1\/4&#8243;][vc_column_text]Programm\/a[\/vc_column_text][\/vc_column][vc_column width=&#8221;1\/4&#8243;][vc_btn title=&#8221;Download&#8221; style=&#8221;outline&#8221; color=&#8221;juicy-pink&#8221; align=&#8221;center&#8221; link=&#8221;url:https%3A%2F%2Fwww.lastrada-derweg.org%2Fwp-content%2Fuploads%2F2023%2F03%2FProgramma-Meeting_-_2023.pdf&#8221;][\/vc_column][vc_column width=&#8221;1\/4&#8243;][\/vc_column][vc_column width=&#8221;1\/4&#8243;][\/vc_column][\/vc_row][vc_row][vc_column][vc_column_text]Meeting Pills (Videos)[\/vc_column_text][vc_column_text]video Antonietta Cacciani video Lorena La Rocca video Morena De Sarro video Sieghatd Gschnell video G\u00fcnther Don\u00e0 video Stefano Onnis video Antonio Luchetti video G\u00fcnther Ennemoser video Antonio Vigan\u00f2 video Davide Galler video Don Mario Gretter video Elena Zangrando video Roberto De Lorenzo video&hellip;<\/p>\n","protected":false},"author":2,"featured_media":0,"parent":3837,"menu_order":0,"comment_status":"closed","ping_status":"closed","template":"","meta":{"footnotes":""},"class_list":["post-8378","page","type-page","status-publish","hentry","description-off"],"_links":{"self":[{"href":"https:\/\/www.lastrada-derweg.org\/index.php?rest_route=\/wp\/v2\/pages\/8378","targetHints":{"allow":["GET"]}}],"collection":[{"href":"https:\/\/www.lastrada-derweg.org\/index.php?rest_route=\/wp\/v2\/pages"}],"about":[{"href":"https:\/\/www.lastrada-derweg.org\/index.php?rest_route=\/wp\/v2\/types\/page"}],"author":[{"embeddable":true,"href":"https:\/\/www.lastrada-derweg.org\/index.php?rest_route=\/wp\/v2\/users\/2"}],"replies":[{"embeddable":true,"href":"https:\/\/www.lastrada-derweg.org\/index.php?rest_route=%2Fwp%2Fv2%2Fcomments&post=8378"}],"version-history":[{"count":12,"href":"https:\/\/www.lastrada-derweg.org\/index.php?rest_route=\/wp\/v2\/pages\/8378\/revisions"}],"predecessor-version":[{"id":8873,"href":"https:\/\/www.lastrada-derweg.org\/index.php?rest_route=\/wp\/v2\/pages\/8378\/revisions\/8873"}],"up":[{"embeddable":true,"href":"https:\/\/www.lastrada-derweg.org\/index.php?rest_route=\/wp\/v2\/pages\/3837"}],"wp:attachment":[{"href":"https:\/\/www.lastrada-derweg.org\/index.php?rest_route=%2Fwp%2Fv2%2Fmedia&parent=8378"}],"curies":[{"name":"wp","href":"https:\/\/api.w.org\/{rel}","templated":true}]}}