{"id":8918,"date":"2024-01-23T11:00:08","date_gmt":"2024-01-23T10:00:08","guid":{"rendered":"https:\/\/www.lastrada-derweg.org\/?page_id=8918"},"modified":"2024-02-13T07:58:30","modified_gmt":"2024-02-13T06:58:30","slug":"meeting-animare-beseelen-prendersi-cura","status":"publish","type":"page","link":"https:\/\/www.lastrada-derweg.org\/?page_id=8918","title":{"rendered":"Meeting Animare &#8211; Beseelen: &#8220;Prendersi cura&#8221;"},"content":{"rendered":"<div class=\"wpb-content-wrapper\"><p>[vc_row][vc_column][vc_column_text]&#8221;[\/vc_column_text][\/vc_column][\/vc_row][vc_row][vc_column width=&#8221;1\/2&#8243;][vc_separator][vc_column_text css=&#8221;.vc_custom_1707807911736{padding-top: 50px !important;}&#8221;]<\/p>\n<h3 style=\"text-align: center;\"><strong>Modalit\u00e0 di iscrizione<\/strong><\/h3>\n<p>scaricare <a href=\"https:\/\/www.lastrada-derweg.org\/wp-content\/uploads\/2024\/02\/modulo-iscrizione_-Meeting-Prendersi-cura-2024-Einschreibeformular_-Meeting-Sich-kummern-2024-1.doc\"><strong>qui<\/strong><\/a> il modulo di iscrizione i\u00a0e inviarlo a meeting@lastrada-derweg.org<\/p>\n<p>\u00c9 necessario iscriversi alle singole giornate. Termine di iscrizione: 14-03-2024<\/p>\n<p>Verranno assegnati crediti ecm ( per le professioni sanitarie) e ecs (per gli\/le assistenti sociali).<\/p>\n<p>La traduzione simultanea non \u00e8 prevista. Ogni relatore parler\u00e0 nella propria madrelingua.<\/p>\n<p>Scaricare <a href=\"https:\/\/www.lastrada-derweg.org\/wp-content\/uploads\/2024\/02\/Programma-Meeting-2024.pdf\"><strong>qui<\/strong><\/a> il programma dettagliato con la scheda tecnica<\/p>\n<p>Scaricare <a href=\"https:\/\/www.lastrada-derweg.org\/?page_id=4468\"><strong>qui<\/strong><\/a> gli atti del meeting. (verranno pubblicati nei giorni seguenti al meeting)[\/vc_column_text][vc_column_text]<\/p>\n<h1 style=\"text-align: center;\"><strong>&#8220;Prendersi cura&#8221;<\/strong><\/h1>\n<p>Dal 2018 l\u2019Associazione \u201cLa Strada-Der Weg\u201d organizza un meeting annuale, intitolato <em>\u201cAnimare-Beseelen\u201d<\/em>, per approfondire ambiti tematici e valoriali significativi: non un convegno specialistico, ma uno spazio di riflessione e confronto aperto a tutti.<\/p>\n<p>Titolo dell\u2019edizione 2024 \u00e8 <em>\u201c<strong>Prendersi cura\/Sich k\u00fcmmern<\/strong>\u201d<\/em>.<\/p>\n<p>Sar\u00e0 l\u2019occasione per rinominare le motivazioni profonde della disponibilit\u00e0 nei confronti dell\u2019altro e fare il punto sulle professioni di cura esposte a una sempre pi\u00f9 marcata emorragia.<\/p>\n<p>La scelta tematica \u00e8 legata anche al fatto che la vicina citt\u00e0 di Trento \u00e8 stata proclamata &#8220;Capitale italiana ed europea del volontariato per il 2024&#8221;.<\/p>\n<p>Il convegno sar\u00e0 articolato in tre giornate e in tre diverse sedi:<\/p>\n<ul>\n<li>marted\u00ec 19 marzo a Merano, presso l\u2019Istituto scolastico \u201cGandhi\u201d, con il titolo \u201c<strong>Volontariato che si prende cura<\/strong>\u201d;<\/li>\n<li>mercoled\u00ec 20 marzo a Bressanone, presso la facolt\u00e0 di \u201cScienze della formazione\u201d, sul tema \u201c<strong>Le professioni che curano<\/strong>\u201d;<\/li>\n<li>gioved\u00ec 21 marzo a Bolzano, presso la Sala Rosenbach in piazza Nikoletti con il titolo \u201c<strong>La citt\u00e0 che cura<\/strong>\u201d.<\/li>\n<\/ul>\n<p>Come in passato le date scelte sono in concomitanza con la \u201cSettimana di azione contro il razzismo\u201d promossa dall&#8217;UNAR dal 18 al 22 marzo.[\/vc_column_text][\/vc_column][vc_column width=&#8221;1\/2&#8243;][vc_single_image image=&#8221;8931&#8243; img_size=&#8221;full&#8221;][vc_column_text]<\/p>\n<p style=\"text-align: center;\"><strong>il progetto ha ricevuto un finanziamento nazionale pubblico dall\u2019UNAR<\/strong><strong><br \/>\n&#8211; Ufficio Nazionale Antidiscriminazioni Razziali nell\u2019ambito delle attivit\u00e0 della <\/strong><strong>XX Settimana di azione contro il razzismo<\/strong><\/p>\n<p>[\/vc_column_text][vc_single_image image=&#8221;9014&#8243; img_size=&#8221;large&#8221; alignment=&#8221;center&#8221;][\/vc_column][\/vc_row]<\/p>\n<\/div>","protected":false},"excerpt":{"rendered":"<p>[vc_row][vc_column][vc_column_text]&#8221;[\/vc_column_text][\/vc_column][\/vc_row][vc_row][vc_column width=&#8221;1\/2&#8243;][vc_separator][vc_column_text css=&#8221;.vc_custom_1707807911736{padding-top: 50px !important;}&#8221;] Modalit\u00e0 di iscrizione scaricare qui il modulo di iscrizione i\u00a0e inviarlo a meeting@lastrada-derweg.org \u00c9 necessario iscriversi alle singole giornate. Termine di iscrizione: 14-03-2024 Verranno assegnati crediti ecm ( per le professioni sanitarie) e ecs (per gli\/le assistenti sociali). La traduzione simultanea non \u00e8 prevista. Ogni relatore parler\u00e0 nella propria madrelingua.&hellip;<\/p>\n","protected":false},"author":2,"featured_media":0,"parent":1378,"menu_order":0,"comment_status":"closed","ping_status":"closed","template":"","meta":{"footnotes":""},"class_list":["post-8918","page","type-page","status-publish","hentry","description-off"],"_links":{"self":[{"href":"https:\/\/www.lastrada-derweg.org\/index.php?rest_route=\/wp\/v2\/pages\/8918","targetHints":{"allow":["GET"]}}],"collection":[{"href":"https:\/\/www.lastrada-derweg.org\/index.php?rest_route=\/wp\/v2\/pages"}],"about":[{"href":"https:\/\/www.lastrada-derweg.org\/index.php?rest_route=\/wp\/v2\/types\/page"}],"author":[{"embeddable":true,"href":"https:\/\/www.lastrada-derweg.org\/index.php?rest_route=\/wp\/v2\/users\/2"}],"replies":[{"embeddable":true,"href":"https:\/\/www.lastrada-derweg.org\/index.php?rest_route=%2Fwp%2Fv2%2Fcomments&post=8918"}],"version-history":[{"count":20,"href":"https:\/\/www.lastrada-derweg.org\/index.php?rest_route=\/wp\/v2\/pages\/8918\/revisions"}],"predecessor-version":[{"id":9017,"href":"https:\/\/www.lastrada-derweg.org\/index.php?rest_route=\/wp\/v2\/pages\/8918\/revisions\/9017"}],"up":[{"embeddable":true,"href":"https:\/\/www.lastrada-derweg.org\/index.php?rest_route=\/wp\/v2\/pages\/1378"}],"wp:attachment":[{"href":"https:\/\/www.lastrada-derweg.org\/index.php?rest_route=%2Fwp%2Fv2%2Fmedia&parent=8918"}],"curies":[{"name":"wp","href":"https:\/\/api.w.org\/{rel}","templated":true}]}}