{"id":9867,"date":"2024-05-27T12:49:15","date_gmt":"2024-05-27T10:49:15","guid":{"rendered":"https:\/\/www.lastrada-derweg.org\/?page_id=9867"},"modified":"2025-07-07T11:55:21","modified_gmt":"2025-07-07T09:55:21","slug":"reinclugen","status":"publish","type":"page","link":"https:\/\/www.lastrada-derweg.org\/?page_id=9867&lang=de","title":{"rendered":"Reinclugen"},"content":{"rendered":"<div class=\"wpb-content-wrapper\"><p>[vc_row][vc_column][vc_custom_heading text=&#8221;Beschreibung des Projekts&#8221; use_theme_fonts=&#8221;yes&#8221; css=&#8221;&#8221;][vc_column_text css=&#8221;&#8221;]<\/p>\n<div class=\"flex flex-grow flex-col max-w-full\">\n<div class=\"min-h-[20px] text-message flex flex-col items-start whitespace-pre-wrap break-words [.text-message+&amp;]:mt-5 juice:w-full juice:items-end overflow-x-auto gap-2\" dir=\"auto\" data-message-author-role=\"assistant\" data-message-id=\"b5110af6-ade8-492b-84e6-6763104ba848\">\n<div class=\"flex w-full flex-col gap-1 juice:empty:hidden juice:first:pt-[3px]\">\n<div class=\"markdown prose w-full break-words dark:prose-invert light\">\n<p data-start=\"230\" data-end=\"508\">Das Projekt ReIncluGen (Rethinking Inclusion and Gender Empowerment \u2013 Inklusion und Geschlechter-Empowerment neu denken) ist ein europ\u00e4isches Projekt, das im Rahmen von Horizon Europe gef\u00f6rdert wird \u2013 dem Forschungs- und Innovationsprogramm der Europ\u00e4ischen Union f\u00fcr den Zeitraum 2021\u20132027.<\/p>\n<p data-start=\"510\" data-end=\"1016\">Es handelt sich um eine dreij\u00e4hrige partizipative Forschung, deren Ziel es ist, verschiedene Konzepte von Gender-Empowerment zu analysieren und die Empowerment- und Inklusionspraktiken europ\u00e4ischer zivilgesellschaftlicher Organisationen (CSOs) zu bewerten. Untersucht wird auch, wie diese Praktiken in Politiken und Medien integriert sind, mit dem Ziel, gemeinsam eine digitale Networking-Plattform und weitere innovative Werkzeuge zu entwickeln, um CSOs zus\u00e4tzlich zu unterst\u00fctzen.<\/p>\n<p data-start=\"1018\" data-end=\"1280\">Das Projekt wird in folgenden L\u00e4ndern durchgef\u00fchrt: Belgien, Niederlande, Italien, Spanien, \u00d6sterreich und Polen. Insgesamt sind 12 Partner beteiligt:<br data-start=\"1176\" data-end=\"1179\" \/>6 akademische Institutionen, 5 zivilgesellschaftliche Organisationen (CSOs) und 1 Softwareentwickler:<\/p>\n<ul data-start=\"1282\" data-end=\"1783\">\n<li data-start=\"1282\" data-end=\"1355\">\n<p data-start=\"1284\" data-end=\"1355\">Universit\u00e4t Antwerpen (UANTWERPEN), Belgien \u2013 Projektkoordination<\/p>\n<\/li>\n<li data-start=\"1356\" data-end=\"1409\">\n<p data-start=\"1358\" data-end=\"1409\">Autonome Universit\u00e4t Barcelona (UAB), Spanien<\/p>\n<\/li>\n<li data-start=\"1410\" data-end=\"1453\">\n<p data-start=\"1412\" data-end=\"1453\">Universit\u00e4t Trient (UNITN), Italien<\/p>\n<\/li>\n<li data-start=\"1454\" data-end=\"1501\">\n<p data-start=\"1456\" data-end=\"1501\">Universit\u00e4t Warschau (UNIWARSAW), Polen<\/p>\n<\/li>\n<li data-start=\"1502\" data-end=\"1558\">\n<p data-start=\"1504\" data-end=\"1558\">Erasmus Universit\u00e4t Rotterdam (EUR), Niederlande<\/p>\n<\/li>\n<li data-start=\"1559\" data-end=\"1589\">\n<p data-start=\"1561\" data-end=\"1589\">SYNYO GmbH, \u00d6sterreich<\/p>\n<\/li>\n<li data-start=\"1590\" data-end=\"1610\">\n<p data-start=\"1592\" data-end=\"1610\">FMV, Belgien<\/p>\n<\/li>\n<li data-start=\"1611\" data-end=\"1645\">\n<p data-start=\"1613\" data-end=\"1645\">Stiftung Feminoteka, Polen<\/p>\n<\/li>\n<li data-start=\"1646\" data-end=\"1679\">\n<p data-start=\"1648\" data-end=\"1679\">Stiftung Intered, Spanien<\/p>\n<\/li>\n<li data-start=\"1680\" data-end=\"1723\">\n<p data-start=\"1682\" data-end=\"1723\">Verein La Strada \u2013 Der Weg, Italien<\/p>\n<\/li>\n<li data-start=\"1724\" data-end=\"1758\">\n<p data-start=\"1726\" data-end=\"1758\">Orient Express, \u00d6sterreich<\/p>\n<\/li>\n<li data-start=\"1759\" data-end=\"1783\">\n<p data-start=\"1761\" data-end=\"1783\">Kunlabora, Belgien<\/p>\n<\/li>\n<\/ul>\n<p data-start=\"1818\" data-end=\"1982\">Mehr zum Projekt finden Sie auf der offiziellen Website: <a class=\"\" href=\"https:\/\/www.uantwerpen.be\/en\/projects\/reinclugen\/\" target=\"_new\" rel=\"noopener\" data-start=\"1880\" data-end=\"1982\">https:\/\/www.uantwerpen.be\/en\/projects\/reinclugen\/<\/a><\/p>\n<p data-start=\"1818\" data-end=\"1982\">Oder besuchen Sie auch die offiziellen Seiten auf:<\/p>\n<p><a href=\"https:\/\/www.linkedin.com\/in\/reinclugen-eu-546799261\/\">LinkedIn<\/a><\/p>\n<p><a href=\"https:\/\/twitter.com\/reinclugen_eu\">Twitter<\/a><\/p>\n<p><a href=\"https:\/\/www.facebook.com\/profile.php?id=100089496848068\">Facebook<\/a><\/p>\n<p><a href=\"https:\/\/www.youtube.com\/@reinclugeneu\/featured\">YouTube<\/a><\/p>\n<p><a href=\"https:\/\/www.instagram.com\/reinclugen_eu\/\">Instagram<\/a><\/p>\n<\/div>\n<\/div>\n<\/div>\n<\/div>\n<p>[\/vc_column_text][\/vc_column][vc_column][vc_column_text css=&#8221;&#8221;]<\/p>\n<h3 data-start=\"134\" data-end=\"249\">Die Wanderausstellung kommt nach Italien: Eine visuelle Erz\u00e4hlung \u00fcber das Empowerment migrantischer Frauen<\/h3>\n<p data-start=\"251\" data-end=\"539\">Am Donnerstag, den 29. Mai 2025 um 18:00 Uhr fand im Zentrum Ermete Lovera in Bozen die feierliche Er\u00f6ffnung der Wanderausstellung statt, die im Rahmen des Projekts ReIncluGen \u2013 Rethinking Inclusion and Gender Empowerment: A Participatory Action Research entwickelt wurde.<\/p>\n<p data-start=\"541\" data-end=\"832\">In Italien wurde die Forschung von der Universit\u00e4t Trient in Zusammenarbeit mit der Vereinigung La Strada \u2013 Der Weg durchgef\u00fchrt, die ihren Sitz in Bozen hat und ihre langj\u00e4hrige Erfahrung und ihre Werkzeuge aus der Arbeit mit migrantischen Frauen in das Projekt eingebracht hat.<\/p>\n<p data-start=\"834\" data-end=\"1274\">Mithilfe der visuellen Erz\u00e4hlkunst (Visual Storytelling) bietet die Ausstellung einen authentischen und kraftvollen Blick auf den Alltag, die Herausforderungen und die erreichten Ziele der portr\u00e4tierten Frauen. Ziel war es, eine Kultur der Inklusion und Anerkennung zu f\u00f6rdern, Kompetenzen, Identit\u00e4ten und Lebensziele der Teilnehmerinnen sichtbar zu machen und Geschlechter- sowie Herkunftsstereotypen entgegenzuwirken.<\/p>\n<p data-start=\"1276\" data-end=\"1505\">Teil der Ausstellung ist auch das editoriale Produkt des Projekts: das Buch \u201eWhispering Truths in Many Ways &amp; Places\u201c, das eine kuratierte Auswahl von Fotografien mit begleitenden Texten der Autorinnen selbst enth\u00e4lt.<\/p>\n<p data-start=\"1507\" data-end=\"1693\">Die Er\u00f6ffnung wurde von einem Workshop eingeleitet, an dem rund 30 Studierende der Universit\u00e4t Trient teilnahmen. Ihre kreativen Beitr\u00e4ge bereicherten die Ausstellung zus\u00e4tzlich.<\/p>\n<p data-start=\"1695\" data-end=\"1841\">Die Ausstellung ist bis zum 31. Dezember 2025 in der Konferenzhalle der Vereinigung La Strada \u2013 Der Weg f\u00fcr die \u00d6ffentlichkeit zug\u00e4nglich.<\/p>\n<p>[\/vc_column_text]<div id=\"ult-carousel-233618215369fc665f28c10\" class=\"ult-carousel-wrapper   ult_horizontal\" data-gutter=\"15\" data-rtl=\"false\" ><div class=\"ult-carousel-196713748369fc665f289a5 \" >[vc_single_image image=&#8221;12201&#8243; img_size=&#8221;full&#8221; css=&#8221;&#8221;][vc_single_image image=&#8221;12202&#8243; img_size=&#8221;full&#8221; onclick=&#8221;link_image&#8221; css=&#8221;&#8221;][vc_single_image image=&#8221;12203&#8243; img_size=&#8221;full&#8221; css=&#8221;&#8221;][vc_single_image image=&#8221;12204&#8243; img_size=&#8221;full&#8221; css=&#8221;&#8221;][vc_single_image image=&#8221;12205&#8243; img_size=&#8221;full&#8221; css=&#8221;&#8221;][vc_single_image image=&#8221;12206&#8243; img_size=&#8221;full&#8221; css=&#8221;&#8221;][vc_single_image image=&#8221;12207&#8243; img_size=&#8221;full&#8221; css=&#8221;&#8221;][vc_single_image image=&#8221;12208&#8243; img_size=&#8221;full&#8221; css=&#8221;&#8221;][vc_single_image image=&#8221;12209&#8243; img_size=&#8221;full&#8221; css=&#8221;&#8221;][vc_single_image image=&#8221;12210&#8243; img_size=&#8221;full&#8221; css=&#8221;&#8221;][vc_single_image image=&#8221;12211&#8243; img_size=&#8221;full&#8221; css=&#8221;&#8221;][vc_single_image image=&#8221;12212&#8243; img_size=&#8221;full&#8221; css=&#8221;&#8221;][vc_single_image image=&#8221;12213&#8243; img_size=&#8221;full&#8221; css=&#8221;&#8221;][vc_single_image image=&#8221;12214&#8243; img_size=&#8221;full&#8221; css=&#8221;&#8221;][vc_single_image image=&#8221;12215&#8243; img_size=&#8221;full&#8221; css=&#8221;&#8221;][vc_single_image image=&#8221;12216&#8243; img_size=&#8221;full&#8221; css=&#8221;&#8221;][vc_single_image image=&#8221;12217&#8243; img_size=&#8221;full&#8221; css=&#8221;&#8221;][vc_single_image image=&#8221;12218&#8243; img_size=&#8221;full&#8221; css=&#8221;&#8221;][vc_single_image image=&#8221;12219&#8243; img_size=&#8221;full&#8221; css=&#8221;&#8221;][vc_single_image image=&#8221;12220&#8243; img_size=&#8221;full&#8221; css=&#8221;&#8221;][vc_single_image image=&#8221;12221&#8243; img_size=&#8221;full&#8221; css=&#8221;&#8221;]<\/div><\/div>\t\t\t<script type=\"text\/javascript\">\n\t\t\t\tjQuery(document).ready(function ($) {\n\t\t\t\t\tif( typeof jQuery('.ult-carousel-196713748369fc665f289a5').slick == \"function\"){\n\t\t\t\t\t\t$('.ult-carousel-196713748369fc665f289a5').slick({dots: true,autoplay: true,autoplaySpeed: \"5000\",speed: \"300\",infinite: true,arrows: true,nextArrow: '<button type=\"button\" role=\"button\" aria-label=\"Next\" style=\"color:#333333; font-size:20px;\" class=\"slick-next default\"><i class=\"ultsl-arrow-right4\"><\/i><\/button>',prevArrow: '<button type=\"button\" role=\"button\" aria-label=\"Previous\" style=\"color:#333333; font-size:20px;\" class=\"slick-prev default\"><i class=\"ultsl-arrow-left4\"><\/i><\/button>',slidesToScroll:5,slidesToShow:5,swipe: true,draggable: true,touchMove: true,pauseOnHover: true,pauseOnFocus: false,responsive: [\n\t\t\t\t\t\t\t{\n\t\t\t\t\t\t\t  breakpoint: 1026,\n\t\t\t\t\t\t\t  settings: {\n\t\t\t\t\t\t\t\tslidesToShow: 5,\n\t\t\t\t\t\t\t\tslidesToScroll: 5,  \n\t\t\t\t\t\t\t  }\n\t\t\t\t\t\t\t},\n\t\t\t\t\t\t\t{\n\t\t\t\t\t\t\t  breakpoint: 1025,\n\t\t\t\t\t\t\t  settings: {\n\t\t\t\t\t\t\t\tslidesToShow: 3,\n\t\t\t\t\t\t\t\tslidesToScroll: 3\n\t\t\t\t\t\t\t  }\n\t\t\t\t\t\t\t},\n\t\t\t\t\t\t\t{\n\t\t\t\t\t\t\t  breakpoint: 760,\n\t\t\t\t\t\t\t  settings: {\n\t\t\t\t\t\t\t\tslidesToShow: 2,\n\t\t\t\t\t\t\t\tslidesToScroll: 2\n\t\t\t\t\t\t\t  }\n\t\t\t\t\t\t\t}\n\t\t\t\t\t\t],pauseOnDotsHover: true,customPaging: function(slider, i) {\n                   return '<i type=\"button\" style= \"color:#333333;\" class=\"ultsl-record\" data-role=\"none\"><\/i>';\n                },});\n\t\t\t\t\t}\n\t\t\t\t});\n\t\t\t<\/script>\n\t\t\t[\/vc_column][\/vc_row][vc_row][vc_column][vc_custom_heading text=&#8221;Fotowettbewerb&#8221; use_theme_fonts=&#8221;yes&#8221; css=&#8221;&#8221;][vc_column_text css=&#8221;&#8221;]<a href=\"https:\/\/www.lastrada-derweg.org\/wp-content\/uploads\/2024\/05\/CALL_Photo_essay_contest_TED.pdf\">Click&#8217; hier um am Fotowettbewerb <span class=\"fontstyle0\">F\u00fcr Personen mit Migrationsbiographie, die sich als Frau identifizieren und \u00e4lter als 18 Jahre sind, teilzunehmen.<\/span>\u00a0<\/a><\/p>\n<p>&nbsp;<\/p>\n<p>[\/vc_column_text][\/vc_column][\/vc_row][vc_row][vc_column][vc_custom_heading text=&#8221;Blogpost&#8221; use_theme_fonts=&#8221;yes&#8221; css=&#8221;&#8221;][vc_column_text css=&#8221;&#8221;]<a href=\"https:\/\/www.lastrada-derweg.org\/wp-content\/uploads\/2024\/05\/BLOGPOST_Geschichte-eines-Projekts-Geschichten-von-Empowerment.pdf\">Click&#8217; hier, um den Blogpost &#8220;Geschichte eines Projekts: Geschichten von Empowerment&#8221; zu lesen<\/a>[\/vc_column_text][\/vc_column][\/vc_row]<\/p>\n<\/div>","protected":false},"excerpt":{"rendered":"<p>[vc_row][vc_column][vc_custom_heading text=&#8221;Beschreibung des Projekts&#8221; use_theme_fonts=&#8221;yes&#8221; css=&#8221;&#8221;][vc_column_text css=&#8221;&#8221;] Das Projekt ReIncluGen (Rethinking Inclusion and Gender Empowerment \u2013 Inklusion und Geschlechter-Empowerment neu denken) ist ein europ\u00e4isches Projekt, das im Rahmen von Horizon Europe gef\u00f6rdert wird \u2013 dem Forschungs- und Innovationsprogramm der Europ\u00e4ischen Union f\u00fcr den Zeitraum 2021\u20132027. Es handelt sich um eine dreij\u00e4hrige partizipative Forschung, deren Ziel&hellip;<\/p>\n","protected":false},"author":2,"featured_media":0,"parent":1298,"menu_order":0,"comment_status":"closed","ping_status":"closed","template":"","meta":{"footnotes":""},"class_list":["post-9867","page","type-page","status-publish","hentry","description-off"],"_links":{"self":[{"href":"https:\/\/www.lastrada-derweg.org\/index.php?rest_route=\/wp\/v2\/pages\/9867","targetHints":{"allow":["GET"]}}],"collection":[{"href":"https:\/\/www.lastrada-derweg.org\/index.php?rest_route=\/wp\/v2\/pages"}],"about":[{"href":"https:\/\/www.lastrada-derweg.org\/index.php?rest_route=\/wp\/v2\/types\/page"}],"author":[{"embeddable":true,"href":"https:\/\/www.lastrada-derweg.org\/index.php?rest_route=\/wp\/v2\/users\/2"}],"replies":[{"embeddable":true,"href":"https:\/\/www.lastrada-derweg.org\/index.php?rest_route=%2Fwp%2Fv2%2Fcomments&post=9867"}],"version-history":[{"count":10,"href":"https:\/\/www.lastrada-derweg.org\/index.php?rest_route=\/wp\/v2\/pages\/9867\/revisions"}],"predecessor-version":[{"id":9870,"href":"https:\/\/www.lastrada-derweg.org\/index.php?rest_route=\/wp\/v2\/pages\/9867\/revisions\/9870"}],"up":[{"embeddable":true,"href":"https:\/\/www.lastrada-derweg.org\/index.php?rest_route=\/wp\/v2\/pages\/1298"}],"wp:attachment":[{"href":"https:\/\/www.lastrada-derweg.org\/index.php?rest_route=%2Fwp%2Fv2%2Fmedia&parent=9867"}],"curies":[{"name":"wp","href":"https:\/\/api.w.org\/{rel}","templated":true}]}}